{"id":81,"date":"2016-11-29T19:07:55","date_gmt":"2016-11-29T19:07:55","guid":{"rendered":"http:\/\/silhouette.hr.win15.mojsite.com\/?page_id=81"},"modified":"2025-10-09T21:13:19","modified_gmt":"2025-10-09T21:13:19","slug":"akcije","status":"publish","type":"page","link":"https:\/\/silhouette.hr\/index.php\/akcije\/","title":{"rendered":"AKCIJE"},"content":{"rendered":"<blockquote>\n<div dir=\"ltr\">\n<div dir=\"ltr\">\n<div class=\"gmail_default\">\n<p><strong>Novo novo novo!!!<\/strong><\/p>\n<p><strong>EM STOLICA<\/strong><br \/>\nTerapijska stolica Bella moderno je rje\u0161enje za neinvazivno ja\u010danje mi\u0161i\u0107a zdjeli\u010dnog dna i lije\u010denje urinarne inkontinencije.<\/p>\n<p>Zahvaljuju\u0107i visoko fokusiranoj elektromagnetskoj stimulaciji, omogu\u0107uje do 11 000 supramaksimalnih kontrakcija tijekom jedne 30 minutne seanse.<\/p>\n<p>Ure\u0111aj ima unaprijed postavljene programe za razli\u010dite indikacije \u2013 od postporo\u0111ajnog oporavka i opu\u0161tanja vagine do kontrole mjehura.<\/p>\n<p>Tretman je potpuno bezbolan, ne zahtijeva svla\u010denje ili oporavak nakon seanse.<\/p>\n<p>Redovitom upotrebom ja\u010daju se mi\u0161i\u0107i, pobolj\u0161ava seksualna funkcija, smanjuje se u\u010destalost mokrenja i pove\u0107ava kvaliteta \u017eivota.<\/p>\n<p>10 dolazaka 400\u20ac<br \/>\nPromo cijena do 31.10.2025.\u00a0 \u00a0250\u20ac<\/p>\n<\/div>\n<\/div>\n<\/div>\n<\/blockquote>\n","protected":false},"excerpt":{"rendered":"<p>Novo novo novo!!! EM STOLICA Terapijska stolica Bella moderno je rje\u0161enje za neinvazivno ja\u010danje mi\u0161i\u0107a zdjeli\u010dnog dna i lije\u010denje urinarne inkontinencije. Zahvaljuju\u0107i visoko fokusiranoj elektromagnetskoj stimulaciji, omogu\u0107uje do 11 000 supramaksimalnih kontrakcija<a class=\"moretag\" href=\"https:\/\/silhouette.hr\/index.php\/akcije\/\">Read More&#8230;<\/a><\/p>\n","protected":false},"author":1,"featured_media":465,"parent":0,"menu_order":0,"comment_status":"closed","ping_status":"closed","template":"","meta":{"footnotes":""},"yoast_head":"<!-- This site is optimized with the Yoast SEO plugin v23.5 - https:\/\/yoast.com\/wordpress\/plugins\/seo\/ -->\n<title>AKCIJE &#060; Silhouette<\/title>\n<meta name=\"description\" content=\"Zdravo, brzo i u\u010dinkovito mr\u0161avljenje - mi ostvarujemo ono \u0161to vam drugi samo obe\u0107aju.\" \/>\n<meta name=\"robots\" content=\"index, follow, max-snippet:-1, max-image-preview:large, max-video-preview:-1\" \/>\n<link rel=\"canonical\" href=\"https:\/\/silhouette.hr\/index.php\/akcije\/\" \/>\n<meta property=\"og:locale\" content=\"en_US\" \/>\n<meta property=\"og:type\" content=\"article\" \/>\n<meta property=\"og:title\" content=\"AKCIJE &#060; Silhouette\" \/>\n<meta property=\"og:description\" content=\"Zdravo, brzo i u\u010dinkovito mr\u0161avljenje - mi ostvarujemo ono \u0161to vam drugi samo obe\u0107aju.\" \/>\n<meta property=\"og:url\" content=\"https:\/\/silhouette.hr\/index.php\/akcije\/\" \/>\n<meta property=\"og:site_name\" content=\"Silhouette\" \/>\n<meta property=\"article:publisher\" content=\"https:\/\/www.facebook.com\/SilhouetteRijeka\/\" \/>\n<meta property=\"article:modified_time\" content=\"2025-10-09T21:13:19+00:00\" \/>\n<meta property=\"og:image\" content=\"http:\/\/silhouette.hr\/wp-content\/uploads\/2016\/11\/akcije.png\" \/>\n\t<meta property=\"og:image:width\" content=\"1136\" \/>\n\t<meta property=\"og:image:height\" content=\"455\" \/>\n\t<meta property=\"og:image:type\" content=\"image\/png\" \/>\n<meta name=\"twitter:card\" content=\"summary_large_image\" \/>\n<meta name=\"twitter:label1\" content=\"Est. reading time\" \/>\n\t<meta name=\"twitter:data1\" content=\"1 minute\" \/>\n<script type=\"application\/ld+json\" class=\"yoast-schema-graph\">{\"@context\":\"https:\/\/schema.org\",\"@graph\":[{\"@type\":\"WebPage\",\"@id\":\"https:\/\/silhouette.hr\/index.php\/akcije\/\",\"url\":\"https:\/\/silhouette.hr\/index.php\/akcije\/\",\"name\":\"AKCIJE &#060; Silhouette\",\"isPartOf\":{\"@id\":\"https:\/\/silhouette.hr\/#website\"},\"primaryImageOfPage\":{\"@id\":\"https:\/\/silhouette.hr\/index.php\/akcije\/#primaryimage\"},\"image\":{\"@id\":\"https:\/\/silhouette.hr\/index.php\/akcije\/#primaryimage\"},\"thumbnailUrl\":\"https:\/\/silhouette.hr\/wp-content\/uploads\/2016\/11\/akcije.png\",\"datePublished\":\"2016-11-29T19:07:55+00:00\",\"dateModified\":\"2025-10-09T21:13:19+00:00\",\"description\":\"Zdravo, brzo i u\u010dinkovito mr\u0161avljenje - mi ostvarujemo ono \u0161to vam drugi samo obe\u0107aju.\",\"breadcrumb\":{\"@id\":\"https:\/\/silhouette.hr\/index.php\/akcije\/#breadcrumb\"},\"inLanguage\":\"en-US\",\"potentialAction\":[{\"@type\":\"ReadAction\",\"target\":[\"https:\/\/silhouette.hr\/index.php\/akcije\/\"]}]},{\"@type\":\"ImageObject\",\"inLanguage\":\"en-US\",\"@id\":\"https:\/\/silhouette.hr\/index.php\/akcije\/#primaryimage\",\"url\":\"https:\/\/silhouette.hr\/wp-content\/uploads\/2016\/11\/akcije.png\",\"contentUrl\":\"https:\/\/silhouette.hr\/wp-content\/uploads\/2016\/11\/akcije.png\",\"width\":1136,\"height\":455,\"caption\":\"MRSAVLJENJE RIJEKA\"},{\"@type\":\"BreadcrumbList\",\"@id\":\"https:\/\/silhouette.hr\/index.php\/akcije\/#breadcrumb\",\"itemListElement\":[{\"@type\":\"ListItem\",\"position\":1,\"name\":\"Home\",\"item\":\"https:\/\/silhouette.hr\/\"},{\"@type\":\"ListItem\",\"position\":2,\"name\":\"AKCIJE\"}]},{\"@type\":\"WebSite\",\"@id\":\"https:\/\/silhouette.hr\/#website\",\"url\":\"https:\/\/silhouette.hr\/\",\"name\":\"Silhouette\",\"description\":\"\",\"publisher\":{\"@id\":\"https:\/\/silhouette.hr\/#organization\"},\"potentialAction\":[{\"@type\":\"SearchAction\",\"target\":{\"@type\":\"EntryPoint\",\"urlTemplate\":\"https:\/\/silhouette.hr\/?s={search_term_string}\"},\"query-input\":{\"@type\":\"PropertyValueSpecification\",\"valueRequired\":true,\"valueName\":\"search_term_string\"}}],\"inLanguage\":\"en-US\"},{\"@type\":\"Organization\",\"@id\":\"https:\/\/silhouette.hr\/#organization\",\"name\":\"Silhouette International Institute\",\"url\":\"https:\/\/silhouette.hr\/\",\"logo\":{\"@type\":\"ImageObject\",\"inLanguage\":\"en-US\",\"@id\":\"https:\/\/silhouette.hr\/#\/schema\/logo\/image\/\",\"url\":\"https:\/\/silhouette.hr\/wp-content\/uploads\/2016\/12\/logoCrni_converted.png\",\"contentUrl\":\"https:\/\/silhouette.hr\/wp-content\/uploads\/2016\/12\/logoCrni_converted.png\",\"width\":739,\"height\":739,\"caption\":\"Silhouette International Institute\"},\"image\":{\"@id\":\"https:\/\/silhouette.hr\/#\/schema\/logo\/image\/\"},\"sameAs\":[\"https:\/\/www.facebook.com\/SilhouetteRijeka\/\"]}]}<\/script>\n<!-- \/ Yoast SEO plugin. -->","yoast_head_json":{"title":"AKCIJE &#060; Silhouette","description":"Zdravo, brzo i u\u010dinkovito mr\u0161avljenje - mi ostvarujemo ono \u0161to vam drugi samo obe\u0107aju.","robots":{"index":"index","follow":"follow","max-snippet":"max-snippet:-1","max-image-preview":"max-image-preview:large","max-video-preview":"max-video-preview:-1"},"canonical":"https:\/\/silhouette.hr\/index.php\/akcije\/","og_locale":"en_US","og_type":"article","og_title":"AKCIJE &#060; Silhouette","og_description":"Zdravo, brzo i u\u010dinkovito mr\u0161avljenje - mi ostvarujemo ono \u0161to vam drugi samo obe\u0107aju.","og_url":"https:\/\/silhouette.hr\/index.php\/akcije\/","og_site_name":"Silhouette","article_publisher":"https:\/\/www.facebook.com\/SilhouetteRijeka\/","article_modified_time":"2025-10-09T21:13:19+00:00","og_image":[{"width":1136,"height":455,"url":"http:\/\/silhouette.hr\/wp-content\/uploads\/2016\/11\/akcije.png","type":"image\/png"}],"twitter_card":"summary_large_image","twitter_misc":{"Est. reading time":"1 minute"},"schema":{"@context":"https:\/\/schema.org","@graph":[{"@type":"WebPage","@id":"https:\/\/silhouette.hr\/index.php\/akcije\/","url":"https:\/\/silhouette.hr\/index.php\/akcije\/","name":"AKCIJE &#060; Silhouette","isPartOf":{"@id":"https:\/\/silhouette.hr\/#website"},"primaryImageOfPage":{"@id":"https:\/\/silhouette.hr\/index.php\/akcije\/#primaryimage"},"image":{"@id":"https:\/\/silhouette.hr\/index.php\/akcije\/#primaryimage"},"thumbnailUrl":"https:\/\/silhouette.hr\/wp-content\/uploads\/2016\/11\/akcije.png","datePublished":"2016-11-29T19:07:55+00:00","dateModified":"2025-10-09T21:13:19+00:00","description":"Zdravo, brzo i u\u010dinkovito mr\u0161avljenje - mi ostvarujemo ono \u0161to vam drugi samo obe\u0107aju.","breadcrumb":{"@id":"https:\/\/silhouette.hr\/index.php\/akcije\/#breadcrumb"},"inLanguage":"en-US","potentialAction":[{"@type":"ReadAction","target":["https:\/\/silhouette.hr\/index.php\/akcije\/"]}]},{"@type":"ImageObject","inLanguage":"en-US","@id":"https:\/\/silhouette.hr\/index.php\/akcije\/#primaryimage","url":"https:\/\/silhouette.hr\/wp-content\/uploads\/2016\/11\/akcije.png","contentUrl":"https:\/\/silhouette.hr\/wp-content\/uploads\/2016\/11\/akcije.png","width":1136,"height":455,"caption":"MRSAVLJENJE RIJEKA"},{"@type":"BreadcrumbList","@id":"https:\/\/silhouette.hr\/index.php\/akcije\/#breadcrumb","itemListElement":[{"@type":"ListItem","position":1,"name":"Home","item":"https:\/\/silhouette.hr\/"},{"@type":"ListItem","position":2,"name":"AKCIJE"}]},{"@type":"WebSite","@id":"https:\/\/silhouette.hr\/#website","url":"https:\/\/silhouette.hr\/","name":"Silhouette","description":"","publisher":{"@id":"https:\/\/silhouette.hr\/#organization"},"potentialAction":[{"@type":"SearchAction","target":{"@type":"EntryPoint","urlTemplate":"https:\/\/silhouette.hr\/?s={search_term_string}"},"query-input":{"@type":"PropertyValueSpecification","valueRequired":true,"valueName":"search_term_string"}}],"inLanguage":"en-US"},{"@type":"Organization","@id":"https:\/\/silhouette.hr\/#organization","name":"Silhouette International Institute","url":"https:\/\/silhouette.hr\/","logo":{"@type":"ImageObject","inLanguage":"en-US","@id":"https:\/\/silhouette.hr\/#\/schema\/logo\/image\/","url":"https:\/\/silhouette.hr\/wp-content\/uploads\/2016\/12\/logoCrni_converted.png","contentUrl":"https:\/\/silhouette.hr\/wp-content\/uploads\/2016\/12\/logoCrni_converted.png","width":739,"height":739,"caption":"Silhouette International Institute"},"image":{"@id":"https:\/\/silhouette.hr\/#\/schema\/logo\/image\/"},"sameAs":["https:\/\/www.facebook.com\/SilhouetteRijeka\/"]}]}},"_links":{"self":[{"href":"https:\/\/silhouette.hr\/index.php\/wp-json\/wp\/v2\/pages\/81"}],"collection":[{"href":"https:\/\/silhouette.hr\/index.php\/wp-json\/wp\/v2\/pages"}],"about":[{"href":"https:\/\/silhouette.hr\/index.php\/wp-json\/wp\/v2\/types\/page"}],"author":[{"embeddable":true,"href":"https:\/\/silhouette.hr\/index.php\/wp-json\/wp\/v2\/users\/1"}],"replies":[{"embeddable":true,"href":"https:\/\/silhouette.hr\/index.php\/wp-json\/wp\/v2\/comments?post=81"}],"version-history":[{"count":50,"href":"https:\/\/silhouette.hr\/index.php\/wp-json\/wp\/v2\/pages\/81\/revisions"}],"predecessor-version":[{"id":1084,"href":"https:\/\/silhouette.hr\/index.php\/wp-json\/wp\/v2\/pages\/81\/revisions\/1084"}],"wp:featuredmedia":[{"embeddable":true,"href":"https:\/\/silhouette.hr\/index.php\/wp-json\/wp\/v2\/media\/465"}],"wp:attachment":[{"href":"https:\/\/silhouette.hr\/index.php\/wp-json\/wp\/v2\/media?parent=81"}],"curies":[{"name":"wp","href":"https:\/\/api.w.org\/{rel}","templated":true}]}}