{"id":47,"date":"2016-11-29T18:30:20","date_gmt":"2016-11-29T18:30:20","guid":{"rendered":"http:\/\/silhouette.hr.win15.mojsite.com\/?page_id=47"},"modified":"2017-03-20T12:32:51","modified_gmt":"2017-03-20T12:32:51","slug":"metode","status":"publish","type":"page","link":"https:\/\/silhouette.hr\/index.php\/metode\/","title":{"rendered":"Metode"},"content":{"rendered":"<div class=\"tx-blog tx-post-row tx-masonry\"><div class=\"tx-blog-item tx-post-col-4\"><div class=\"tx-border-box\"><div class=\"tx-blog-img\"><a href=\"https:\/\/silhouette.hr\/wp-content\/uploads\/2024\/02\/unnamed-1-819x1024.jpg\" class=\"tx-colorbox\"><img decoding=\"async\" src=\"https:\/\/silhouette.hr\/wp-content\/uploads\/2024\/02\/unnamed-1-600x360.jpg\" alt=\"\" class=\"blog-image\" \/><\/a><span class=\"tx-post-comm\"><span>0<\/span><\/span><\/div><div class=\"tx-post-content\"><h3 class=\"tx-post-title\"><a href=\"https:\/\/silhouette.hr\/index.php\/microneedling-frakcijski-rf\/\">MICRONEEDLING &#038; FRAKCIJSKI RF<\/a><\/h3><div style=\"height: 16px;\"><\/div><div class=\"tx-blog-content\">MICRONEEDLING &amp; FRAKCIJSKI RF ZA LICE I TIJELO Microneedling RF trenutno je naju\u010dinkovitija alternativa kirur\u0161kom liftingu lica ili laserskim terapijama lica. Na na\u0161em tr\u017ei\u0161tu ovaj kozmeti\u010dki zahvat se popularno naziva Morpheus8&nbsp; Morpheus8&lt;a class=&quot;moretag&quot; href=&quot;https:\/\/silhouette.hr\/index.php\/microneedling-frakcijski-rf\/&quot;&gt;Read More...&lt;\/a&gt;<\/div><div class=\"tx-meta\"><span class=\"tx-author\">By : <a href=\"https:\/\/silhouette.hr\/index.php\/author\/pero\/\">pero<\/a><\/span><span class=\"tx-date\"> | Feb 27, 2024<\/span><\/div><\/div><\/div><\/div><div class=\"tx-blog-item tx-post-col-4\"><div class=\"tx-border-box\"><div class=\"tx-blog-img\"><a href=\"https:\/\/silhouette.hr\/wp-content\/uploads\/2021\/11\/image1-1-1024x652.jpeg\" class=\"tx-colorbox\"><img decoding=\"async\" src=\"https:\/\/silhouette.hr\/wp-content\/uploads\/2021\/11\/image1-1-600x360.jpeg\" alt=\"\" class=\"blog-image\" \/><\/a><span class=\"tx-post-comm\"><span>0<\/span><\/span><\/div><div class=\"tx-post-content\"><h3 class=\"tx-post-title\"><a href=\"https:\/\/silhouette.hr\/index.php\/coolsculpting\/\">Coolsculpting kriolipoliza<\/a><\/h3><div style=\"height: 16px;\"><\/div><div class=\"tx-blog-content\">\u201eCoolsculpting\u201c je metoda krioterapije ili zamrzavanja masti, pri kojoj se masne naslage na ciljanim dijelovima tijela eliminiraju tako \u0161to ih se specijalnim krio aplikatorom lokalno izla\u017ee vrlo niskim temperaturama u trajanju od&lt;a class=&quot;moretag&quot; href=&quot;https:\/\/silhouette.hr\/index.php\/coolsculpting\/&quot;&gt;Read More...&lt;\/a&gt;<\/div><div class=\"tx-meta\"><span class=\"tx-author\">By : <a href=\"https:\/\/silhouette.hr\/index.php\/author\/pero\/\">pero<\/a><\/span><span class=\"tx-date\"> | Nov 17, 2021<\/span><\/div><\/div><\/div><\/div><div class=\"tx-blog-item tx-post-col-4\"><div class=\"tx-border-box\"><div class=\"tx-blog-img\"><a href=\"https:\/\/silhouette.hr\/wp-content\/uploads\/2018\/07\/cover-web-1024x300.jpg\" class=\"tx-colorbox\"><img decoding=\"async\" src=\"https:\/\/silhouette.hr\/wp-content\/uploads\/2018\/07\/cover-web-600x360.jpg\" alt=\"\" class=\"blog-image\" \/><\/a><span class=\"tx-post-comm\"><span>0<\/span><\/span><\/div><div class=\"tx-post-content\"><h3 class=\"tx-post-title\"><a href=\"https:\/\/silhouette.hr\/index.php\/vacuslim\/\">VACUSLIM<\/a><\/h3><div style=\"height: 16px;\"><\/div><div class=\"tx-blog-content\">S veseljem Vas obavje\u0161tavamo kako smo na\u0161u ponudu obogatili jo\u0161 jednim popularnim tretmanom &#8211; VacuSlim. Naime, radi se o novoj, vrlo efikasnoj, metodi mr\u0161avljenja i eliminacije celulita koja se primjenjuje kako bi&lt;a class=&quot;moretag&quot; href=&quot;https:\/\/silhouette.hr\/index.php\/vacuslim\/&quot;&gt;Read More...&lt;\/a&gt;<\/div><div class=\"tx-meta\"><span class=\"tx-author\">By : <a href=\"https:\/\/silhouette.hr\/index.php\/author\/pero\/\">pero<\/a><\/span><span class=\"tx-date\"> | Jul 10, 2018<\/span><\/div><\/div><\/div><\/div><div class=\"tx-blog-item tx-post-col-4\"><div class=\"tx-border-box\"><div class=\"tx-blog-img\"><a href=\"https:\/\/silhouette.hr\/wp-content\/uploads\/2018\/02\/Slika-cover-TIJELO-1024x421.jpg\" class=\"tx-colorbox\"><img decoding=\"async\" src=\"https:\/\/silhouette.hr\/wp-content\/uploads\/2018\/02\/Slika-cover-TIJELO-600x360.jpg\" alt=\"\" class=\"blog-image\" \/><\/a><span class=\"tx-post-comm\"><span>0<\/span><\/span><\/div><div class=\"tx-post-content\"><h3 class=\"tx-post-title\"><a href=\"https:\/\/silhouette.hr\/index.php\/tijelo\/\">TIJELO<\/a><\/h3><div style=\"height: 16px;\"><\/div><div class=\"tx-blog-content\">ZA\u0160TO IZABRATI SILHOUETTE METODE MR\u0160AVLJENJA I OBLIKOVANJA TIJELA? Zato \u0161to pojedina\u010dni pristup najjednostavnije re\u010deno NE djeluje: vje\u017ebanje u fitness centrima pove\u0107at \u0107e mi\u0161i\u0107nu masu ali ne\u0107e do\u0107i do zna\u010dajnog gubitka te\u017eine, dijeta&lt;a class=&quot;moretag&quot; href=&quot;https:\/\/silhouette.hr\/index.php\/tijelo\/&quot;&gt;Read More...&lt;\/a&gt;<\/div><div class=\"tx-meta\"><span class=\"tx-author\">By : <a href=\"https:\/\/silhouette.hr\/index.php\/author\/pero\/\">pero<\/a><\/span><span class=\"tx-date\"> | Feb 6, 2018<\/span><\/div><\/div><\/div><\/div><div class=\"tx-blog-item tx-post-col-4\"><div class=\"tx-border-box\"><div class=\"tx-blog-img\"><a href=\"https:\/\/silhouette.hr\/wp-content\/uploads\/2018\/01\/tud-1024x375.png\" class=\"tx-colorbox\"><img decoding=\"async\" src=\"https:\/\/silhouette.hr\/wp-content\/uploads\/2018\/01\/tud-600x360.png\" alt=\"\" class=\"blog-image\" \/><\/a><span class=\"tx-post-comm\"><span>0<\/span><\/span><\/div><div class=\"tx-post-content\"><h3 class=\"tx-post-title\"><a href=\"https:\/\/silhouette.hr\/index.php\/laser-za-trajno-uklanjanje-dlaka\/\">Laser za trajno uklanjanje dlaka<\/a><\/h3><div style=\"height: 16px;\"><\/div><div class=\"tx-blog-content\">\u0160to je SHR? SHR(super hair removal) je nova tehnologija trajnog uklanjanja dlaka sa brzim i izvrsnim rezultatima. SHR je najve\u0107a revolucija trajnog otklanjanja dlaka.Metoda je posebna jer se preko dlaka prelazi desetak&lt;a class=&quot;moretag&quot; href=&quot;https:\/\/silhouette.hr\/index.php\/laser-za-trajno-uklanjanje-dlaka\/&quot;&gt;Read More...&lt;\/a&gt;<\/div><div class=\"tx-meta\"><span class=\"tx-author\">By : <a href=\"https:\/\/silhouette.hr\/index.php\/author\/pero\/\">pero<\/a><\/span><span class=\"tx-date\"> | Jan 8, 2018<\/span><\/div><\/div><\/div><\/div><div class=\"tx-blog-item tx-post-col-4\"><div class=\"tx-border-box\"><div class=\"tx-blog-img\"><a href=\"https:\/\/silhouette.hr\/wp-content\/uploads\/2017\/11\/Slika-cover-LICE-1024x421.jpg\" class=\"tx-colorbox\"><img decoding=\"async\" src=\"https:\/\/silhouette.hr\/wp-content\/uploads\/2017\/11\/Slika-cover-LICE-600x360.jpg\" alt=\"\" class=\"blog-image\" \/><\/a><span class=\"tx-post-comm\"><span>0<\/span><\/span><\/div><div class=\"tx-post-content\"><h3 class=\"tx-post-title\"><a href=\"https:\/\/silhouette.hr\/index.php\/tretmani-lica\/\">LICE<\/a><\/h3><div style=\"height: 16px;\"><\/div><div class=\"tx-blog-content\">Educirano osoblje Silhouette centra odabire najbolje tretmane i kreira individualiziran program ovisno\u00a0o tipu i stanju Va\u0161e ko\u017ee. Na\u0161i licencirani terapeuti uz pomo\u0107 najmodernijih ure\u0111aja i kvalitetnih\u00a0kozmeti\u010dkih preparata vrlo ozbiljno pristupaju njezi ko\u017ee&lt;a class=&quot;moretag&quot; href=&quot;https:\/\/silhouette.hr\/index.php\/tretmani-lica\/&quot;&gt;Read More...&lt;\/a&gt;<\/div><div class=\"tx-meta\"><span class=\"tx-author\">By : <a href=\"https:\/\/silhouette.hr\/index.php\/author\/pero\/\">pero<\/a><\/span><span class=\"tx-date\"> | Nov 9, 2017<\/span><\/div><\/div><\/div><\/div><div class=\"tx-blog-item tx-post-col-4\"><div class=\"tx-border-box\"><div class=\"tx-blog-img\"><a href=\"https:\/\/silhouette.hr\/wp-content\/uploads\/2016\/12\/eletrostim.jpg\" class=\"tx-colorbox\"><img decoding=\"async\" src=\"https:\/\/silhouette.hr\/wp-content\/uploads\/2016\/12\/eletrostim-600x360.jpg\" alt=\"\" class=\"blog-image\" \/><\/a><span class=\"tx-post-comm\"><span>0<\/span><\/span><\/div><div class=\"tx-post-content\"><h3 class=\"tx-post-title\"><a href=\"https:\/\/silhouette.hr\/index.php\/elektrostimulacija\/\">ELEKTROSTIMULACIJA &#8211; pasivno mr\u0161avljenje<\/a><\/h3><div style=\"height: 16px;\"><\/div><div class=\"tx-blog-content\">Efekti koji se posti\u017eu sa elektrostimulacijom mi\u0161i\u0107a i omogu\u0107uju pasivno mr\u0161avljenje: \u00a0stimulira potro\u0161nju uklanjanja nagomilano masno tkivo i ubrzava\u00a0metabolizam eliminira celulit i zate\u017ee ko\u017eu smanjuje opseg na kriti\u010dnim dijelovima tijela i stimulira&lt;a class=&quot;moretag&quot; href=&quot;https:\/\/silhouette.hr\/index.php\/elektrostimulacija\/&quot;&gt;Read More...&lt;\/a&gt;<\/div><div class=\"tx-meta\"><span class=\"tx-author\">By : <a href=\"https:\/\/silhouette.hr\/index.php\/author\/pero\/\">pero<\/a><\/span><span class=\"tx-date\"> | Dec 5, 2016<\/span><\/div><\/div><\/div><\/div><\/div>\n","protected":false},"excerpt":{"rendered":"","protected":false},"author":1,"featured_media":0,"parent":0,"menu_order":0,"comment_status":"closed","ping_status":"closed","template":"","meta":{"footnotes":""},"yoast_head":"<!-- This site is optimized with the Yoast SEO plugin v23.5 - https:\/\/yoast.com\/wordpress\/plugins\/seo\/ -->\n<title>Metode &#060; Silhouette<\/title>\n<meta name=\"description\" content=\"Zdravo, brzo i u\u010dinkovito mr\u0161avljenje - mi ostvarujemo ono \u0161to vam drugi samo obe\u0107aju.\" \/>\n<meta name=\"robots\" content=\"index, follow, max-snippet:-1, max-image-preview:large, max-video-preview:-1\" \/>\n<link rel=\"canonical\" href=\"https:\/\/silhouette.hr\/index.php\/metode\/\" \/>\n<meta property=\"og:locale\" content=\"en_US\" \/>\n<meta property=\"og:type\" content=\"article\" \/>\n<meta property=\"og:title\" content=\"Metode &#060; Silhouette\" \/>\n<meta property=\"og:description\" content=\"Zdravo, brzo i u\u010dinkovito mr\u0161avljenje - mi ostvarujemo ono \u0161to vam drugi samo obe\u0107aju.\" \/>\n<meta property=\"og:url\" content=\"https:\/\/silhouette.hr\/index.php\/metode\/\" \/>\n<meta property=\"og:site_name\" content=\"Silhouette\" \/>\n<meta property=\"article:publisher\" content=\"https:\/\/www.facebook.com\/SilhouetteRijeka\/\" \/>\n<meta property=\"article:modified_time\" content=\"2017-03-20T12:32:51+00:00\" \/>\n<meta name=\"twitter:card\" content=\"summary_large_image\" \/>\n<script type=\"application\/ld+json\" class=\"yoast-schema-graph\">{\"@context\":\"https:\/\/schema.org\",\"@graph\":[{\"@type\":\"WebPage\",\"@id\":\"https:\/\/silhouette.hr\/index.php\/metode\/\",\"url\":\"https:\/\/silhouette.hr\/index.php\/metode\/\",\"name\":\"Metode &#060; Silhouette\",\"isPartOf\":{\"@id\":\"https:\/\/silhouette.hr\/#website\"},\"datePublished\":\"2016-11-29T18:30:20+00:00\",\"dateModified\":\"2017-03-20T12:32:51+00:00\",\"description\":\"Zdravo, brzo i u\u010dinkovito mr\u0161avljenje - mi ostvarujemo ono \u0161to vam drugi samo obe\u0107aju.\",\"breadcrumb\":{\"@id\":\"https:\/\/silhouette.hr\/index.php\/metode\/#breadcrumb\"},\"inLanguage\":\"en-US\",\"potentialAction\":[{\"@type\":\"ReadAction\",\"target\":[\"https:\/\/silhouette.hr\/index.php\/metode\/\"]}]},{\"@type\":\"BreadcrumbList\",\"@id\":\"https:\/\/silhouette.hr\/index.php\/metode\/#breadcrumb\",\"itemListElement\":[{\"@type\":\"ListItem\",\"position\":1,\"name\":\"Home\",\"item\":\"https:\/\/silhouette.hr\/\"},{\"@type\":\"ListItem\",\"position\":2,\"name\":\"Metode\"}]},{\"@type\":\"WebSite\",\"@id\":\"https:\/\/silhouette.hr\/#website\",\"url\":\"https:\/\/silhouette.hr\/\",\"name\":\"Silhouette\",\"description\":\"\",\"publisher\":{\"@id\":\"https:\/\/silhouette.hr\/#organization\"},\"potentialAction\":[{\"@type\":\"SearchAction\",\"target\":{\"@type\":\"EntryPoint\",\"urlTemplate\":\"https:\/\/silhouette.hr\/?s={search_term_string}\"},\"query-input\":{\"@type\":\"PropertyValueSpecification\",\"valueRequired\":true,\"valueName\":\"search_term_string\"}}],\"inLanguage\":\"en-US\"},{\"@type\":\"Organization\",\"@id\":\"https:\/\/silhouette.hr\/#organization\",\"name\":\"Silhouette International Institute\",\"url\":\"https:\/\/silhouette.hr\/\",\"logo\":{\"@type\":\"ImageObject\",\"inLanguage\":\"en-US\",\"@id\":\"https:\/\/silhouette.hr\/#\/schema\/logo\/image\/\",\"url\":\"https:\/\/silhouette.hr\/wp-content\/uploads\/2016\/12\/logoCrni_converted.png\",\"contentUrl\":\"https:\/\/silhouette.hr\/wp-content\/uploads\/2016\/12\/logoCrni_converted.png\",\"width\":739,\"height\":739,\"caption\":\"Silhouette International Institute\"},\"image\":{\"@id\":\"https:\/\/silhouette.hr\/#\/schema\/logo\/image\/\"},\"sameAs\":[\"https:\/\/www.facebook.com\/SilhouetteRijeka\/\"]}]}<\/script>\n<!-- \/ Yoast SEO plugin. -->","yoast_head_json":{"title":"Metode &#060; Silhouette","description":"Zdravo, brzo i u\u010dinkovito mr\u0161avljenje - mi ostvarujemo ono \u0161to vam drugi samo obe\u0107aju.","robots":{"index":"index","follow":"follow","max-snippet":"max-snippet:-1","max-image-preview":"max-image-preview:large","max-video-preview":"max-video-preview:-1"},"canonical":"https:\/\/silhouette.hr\/index.php\/metode\/","og_locale":"en_US","og_type":"article","og_title":"Metode &#060; Silhouette","og_description":"Zdravo, brzo i u\u010dinkovito mr\u0161avljenje - mi ostvarujemo ono \u0161to vam drugi samo obe\u0107aju.","og_url":"https:\/\/silhouette.hr\/index.php\/metode\/","og_site_name":"Silhouette","article_publisher":"https:\/\/www.facebook.com\/SilhouetteRijeka\/","article_modified_time":"2017-03-20T12:32:51+00:00","twitter_card":"summary_large_image","schema":{"@context":"https:\/\/schema.org","@graph":[{"@type":"WebPage","@id":"https:\/\/silhouette.hr\/index.php\/metode\/","url":"https:\/\/silhouette.hr\/index.php\/metode\/","name":"Metode &#060; Silhouette","isPartOf":{"@id":"https:\/\/silhouette.hr\/#website"},"datePublished":"2016-11-29T18:30:20+00:00","dateModified":"2017-03-20T12:32:51+00:00","description":"Zdravo, brzo i u\u010dinkovito mr\u0161avljenje - mi ostvarujemo ono \u0161to vam drugi samo obe\u0107aju.","breadcrumb":{"@id":"https:\/\/silhouette.hr\/index.php\/metode\/#breadcrumb"},"inLanguage":"en-US","potentialAction":[{"@type":"ReadAction","target":["https:\/\/silhouette.hr\/index.php\/metode\/"]}]},{"@type":"BreadcrumbList","@id":"https:\/\/silhouette.hr\/index.php\/metode\/#breadcrumb","itemListElement":[{"@type":"ListItem","position":1,"name":"Home","item":"https:\/\/silhouette.hr\/"},{"@type":"ListItem","position":2,"name":"Metode"}]},{"@type":"WebSite","@id":"https:\/\/silhouette.hr\/#website","url":"https:\/\/silhouette.hr\/","name":"Silhouette","description":"","publisher":{"@id":"https:\/\/silhouette.hr\/#organization"},"potentialAction":[{"@type":"SearchAction","target":{"@type":"EntryPoint","urlTemplate":"https:\/\/silhouette.hr\/?s={search_term_string}"},"query-input":{"@type":"PropertyValueSpecification","valueRequired":true,"valueName":"search_term_string"}}],"inLanguage":"en-US"},{"@type":"Organization","@id":"https:\/\/silhouette.hr\/#organization","name":"Silhouette International Institute","url":"https:\/\/silhouette.hr\/","logo":{"@type":"ImageObject","inLanguage":"en-US","@id":"https:\/\/silhouette.hr\/#\/schema\/logo\/image\/","url":"https:\/\/silhouette.hr\/wp-content\/uploads\/2016\/12\/logoCrni_converted.png","contentUrl":"https:\/\/silhouette.hr\/wp-content\/uploads\/2016\/12\/logoCrni_converted.png","width":739,"height":739,"caption":"Silhouette International Institute"},"image":{"@id":"https:\/\/silhouette.hr\/#\/schema\/logo\/image\/"},"sameAs":["https:\/\/www.facebook.com\/SilhouetteRijeka\/"]}]}},"_links":{"self":[{"href":"https:\/\/silhouette.hr\/index.php\/wp-json\/wp\/v2\/pages\/47"}],"collection":[{"href":"https:\/\/silhouette.hr\/index.php\/wp-json\/wp\/v2\/pages"}],"about":[{"href":"https:\/\/silhouette.hr\/index.php\/wp-json\/wp\/v2\/types\/page"}],"author":[{"embeddable":true,"href":"https:\/\/silhouette.hr\/index.php\/wp-json\/wp\/v2\/users\/1"}],"replies":[{"embeddable":true,"href":"https:\/\/silhouette.hr\/index.php\/wp-json\/wp\/v2\/comments?post=47"}],"version-history":[{"count":15,"href":"https:\/\/silhouette.hr\/index.php\/wp-json\/wp\/v2\/pages\/47\/revisions"}],"predecessor-version":[{"id":508,"href":"https:\/\/silhouette.hr\/index.php\/wp-json\/wp\/v2\/pages\/47\/revisions\/508"}],"wp:attachment":[{"href":"https:\/\/silhouette.hr\/index.php\/wp-json\/wp\/v2\/media?parent=47"}],"curies":[{"name":"wp","href":"https:\/\/api.w.org\/{rel}","templated":true}]}}