{"id":44,"date":"2016-11-29T18:29:59","date_gmt":"2016-11-29T18:29:59","guid":{"rendered":"http:\/\/silhouette.hr.win15.mojsite.com\/?page_id=44"},"modified":"2018-02-06T05:54:18","modified_gmt":"2018-02-06T05:54:18","slug":"o-nama","status":"publish","type":"page","link":"https:\/\/silhouette.hr\/index.php\/o-nama\/","title":{"rendered":"O NAMA"},"content":{"rendered":"<div class=\"tx-row \">\n<div class=\"tx-column tx-column-size-1-2\">\n<p><img loading=\"lazy\" decoding=\"async\" class=\"alignnone wp-image-427\" src=\"http:\/\/silhouette.hr\/wp-content\/uploads\/2016\/11\/O-nama-231x300.png\" alt=\"O nama\" width=\"498\" height=\"647\" srcset=\"https:\/\/silhouette.hr\/wp-content\/uploads\/2016\/11\/O-nama-231x300.png 231w, https:\/\/silhouette.hr\/wp-content\/uploads\/2016\/11\/O-nama.png 466w\" sizes=\"(max-width: 498px) 100vw, 498px\" \/><br \/>\n<\/div>\n<div class=\"tx-column tx-column-size-1-2\">\n<p style=\"text-align: justify\">Svi \u017eele da budete zadovoljne s njihovim proizvodima i uslugama,<\/p>\n<p><strong>mi \u017eelimo da nakon izlaska iz centra <u>budete zadovoljne sa sobom<\/u>, jer jedino tako \u0107emo znati da ste zadovoljne i s nama!<\/strong><\/p>\n<p style=\"text-align: justify\">Ono za \u0161to su ina\u010de \u017eenama (uz stru\u010dno vodstvo) potrebni mjeseci znojenja u teretanama i fitnes centrima mi posti\u017eemo s iznimnom efikasno\u0161\u0107u\u00a0 u zna\u010dajno kra\u0107em roku.\u00a0 I nemojte nas krivo shvatiti, mi nismo ma\u0111ioni\u010dari i ne koristimo trikove, ve\u0107 znanje i tehnologiju. Na\u0161a tajna je u tome \u0161to su nam dostupni ba\u0161 svi aparati koji bi bilo kojoj \u017eeni mogli &#8216;zatrebati&#8217; u procesu mr\u0161avljenja i oblikovanja tijela. A \u0161to je jo\u0161 va\u017enije, na\u0161e djelatnice znaju to\u010dno gdje, kako i u kojoj mjeri iste te ure\u0111aje koristiti kako bi se u \u0161to kra\u0107em vremenu postigli zapanjuju\u0107i rezultati ba\u0161 kod svake pojedine klijentice \u2013 bez iznimke. U prilog tome ide i \u010dinjenica da:<\/p>\n<ul style=\"text-align: justify\">\n<li>imamo <u>iskustvo i znanje<\/u> koje je ve\u0107 stotinama \u017eena donijelo uspjeh u uspostavljanju \u017eeljene te\u017eine;<\/li>\n<li>je centar <u>isklju\u010divo namijenjen \u017eenama<\/u> kako bi se osje\u0107ale slobodnije i ugodnije dok vje\u017ebaju;<\/li>\n<li>Vam je u na\u0161em salonu, za razliku od fitnesa, aerobika i teretana, na raspolaganju <u>fizioterapeut<\/u> koji vje\u017eba <u>individualno<\/u> <u>samo sa Vama<\/u>;<\/li>\n<li>su na\u0161i ure\u0111aji <u>medicinski dokazani, ne\u0161kodljivi i u\u010dinkoviti<\/u> u rje\u0161avanju problema sa te\u017einom i oblikom tijela;<\/li>\n<li>osim gubitka kilograma na\u0161e polaznice nakon nekog vremena osje\u0107aju i <u>porast samopouzdanja;<\/u><\/li>\n<li>\u0107e opu\u0161tena atmosfera i sjajni rezultati Va\u0161 dolazak u\u010diniti <u>zadovoljstvom, a ne obvezom.<\/u><\/li>\n<\/ul>\n<p style=\"text-align: justify\">Mi stojimo iza svega \u0161to govorimo i pi\u0161emo i ba\u0161 zbog toga Vam bez ikakve dvojbe i ustru\u010davanja mo\u017eemo dati<\/p>\n<p><strong>pismenu garanciju<\/strong><\/p>\n<p style=\"text-align: justify\">da \u0107ete ukoliko se budete dr\u017eali dogovora u propisanom vremenu posti\u0107i i presti\u0107i svoje ciljeve.<\/p>\n<\/div>\n<\/div>\n<div class=\"tx-divider clearfix\" style=\"margin-top: 32px;margin-bottom: 32px\"><\/div>\n<div class=\"tx-row \">\n<div class=\"tx-column tx-column-size-1-3\">\n<h3>TKO SMO MI<\/h3>\n<p style=\"text-align: justify\">Iza imena SILHOUETTE INTERNATIONAL INSTITUTE stoje u\u010dinkovite metode zdravog mr\u0161avljenja i oblikovanja tijela porijeklom iz Francuske. Poznatom brandu, provjerenom na\u010dinu rada, kvaliteti, naprednoj tehnologiji, postoje\u0107im znanjima i poticajima za konstantnim usavr\u0161avanjem pridodali smo 15 godina vlastitog iskustva, karizmati\u010dno i ambiciozno osoblje te ugodan ambijent i grad Rijeku &#8216;po\u010dastili&#8217; sa jedinstvenim centrom po mjeri svake \u017eene.<br \/>\nSilhouette centar je mjesto koje \u0107e p(re)okrenuti Va\u0161 stav o vlastitom tijelu i fizi\u010dkom izgledu. Koli\u010dina samopouzdanja s kojim na\u0161e klijentice izlaze iz na\u0161eg centra najbolji je pokazatelj kvalitete i najljep\u0161a nagrada za sav ulo\u017een trud i rad.<\/p>\n<\/div>\n<div class=\"tx-column tx-column-size-1-3\">\n<h3>BRZI REZULTATI<\/h3>\n<p style=\"text-align: justify\">Prve vidljive rezultate i promjene na svojem tijelu uo\u010diti \u0107ete ve\u0107 izme\u0111u tre\u0107ega i petog posjeta. Nakon deset posjeta mo\u017eete se oprostiti od barem pola pa do jednoga konfekcijskog broja. O uspje\u0161nosti programa najvi\u0161e govori podatak da je velika ve\u0107ina na\u0161ih klijentica ne samo postigla, ve\u0107 i prestigla ciljeve koje su si postavile. Dolaze i danas kako bi odr\u017eale svoju uspostavljenu liniju.<\/p>\n<\/div>\n<div class=\"tx-column tx-column-size-1-3\">\n<h3>KOLIKO SVE TO KO\u0160TA<\/h3>\n<p style=\"text-align: justify\">Programi su uvijek individualno sastavljeni s obzirom na broj dolazaka i na\u010din vje\u017ebanja. Cijena se okvirno se kre\u0107e izme\u0111u 100 &#8211; 250 kuna po posjetu. Kako vjerujemo da je ulaganje u svoju liniju tako\u0111er ulaganje i u zdravlje, u na\u0161em salonu uvijek imamo posebne akcije i promotivne programe po povoljnijim cjenama. Do\u0111ite i provjerite!<\/p>\n<\/div>\n<\/div>\n<div class=\"tx-divider clearfix\" style=\"margin-top: 32px;margin-bottom: 32px\"><\/div>\n<h2 style=\"text-align: center;\">NA\u0160 TIM<\/h2>\n<p>&nbsp;<\/p>\n<p style=\"text-align: justify;\">Svaki \u010dlan Silhouette tima pro\u0161ao je posebnu edukaciju kako bi na\u0161im klijenticama uvijek i svaki put mogli osigurati najbolju izvedbu svih programa i pojedina\u010dnih tretmana koji \u010dine Silhouette brand tako jedinstvenim i prepoznatljivim.<br \/>\nNa\u0161e stru\u010dno i ljubazno osoblje posjeduje \u0161iroku i raznoliku paletu znanja, pa \u0107ete tako prilikom posjeta Silhouette centru na raspolaganju imati kineziologa, fizioterapeuta, kozmeti\u010darku, wellness terapeute, nutricioniste, lije\u010dnika te druge stru\u010dne suradnike. Pored obuke u Silhouette-u, terapeuti su obu\u010deni i za stru\u010dan rad sa svim ostalim aparatima u centru, \u0161to je i potkrijepljeno certifikatom od ovla\u0161tenih distributera<br \/>\nOsim \u0161to posjeduju potrebna znanja i vje\u0161tine, uvijek su nasmijani, ljubazni i puni rije\u010di podr\u0161ke te \u0107e Va\u0161 boravak u centru u\u010diniti toliko ugodnim da skoro ne\u0107ete \u017eeljeti oti\u0107i ku\u0107i. Svjesni smo da mr\u0161avljenje osim fizi\u010dke zahtjeva i psihi\u010dku predanost \u0161to uop\u0107e nije jednostavno i ba\u0161 zbog toga \u0107ete u svakom \u010dlanu na\u0161eg tima, u svakom trenutku, prona\u0107i prijatelja koji \u0107e Vas slu\u0161ati, biti Vam potpora i trenera koji \u0107e Vas usmjeravati, motivirati i ne\u0107e Vam dopustiti da odustanete.<br \/>\nNa\u0161e klijentice uvijek isti\u010du kako vrijeme koje provedu kod nas ne djeluje samo na fizi\u010dki izgled i samopouzdanje, tako\u0111er &#8216;puni baterije&#8217; jer nakratko pobjegnu od stvarnosti, zaborave na brige i obveze. I ako nas pitate, bolji dokaz da smo u na\u0161em centru uspjeli okupiti prave ljude nije potreban.<\/p>\n<div class=\"tx-team tx-3-column-team\"><div class=\"tx-team-item\"><div class=\"tx-team-box\"><div class=\"tx-team-img\"><img decoding=\"async\" src=\"https:\/\/silhouette.hr\/wp-content\/uploads\/2024\/10\/IMG_4336-scaled-400x400.jpg\" alt=\"\" class=\"team-image\" \/><div class=\"tx-team-socials\"><\/div><\/div><div class=\"tx-team-content\"><div class=\"tx-team-content-inner\" style=\"\"><h3 class=\"\">Barbara<\/h3><div class=\"desig\">Brand manager, konzultant<\/div><\/div><\/div><\/div><\/div><div class=\"tx-team-item\"><div class=\"tx-team-box\"><div class=\"tx-team-img\"><img decoding=\"async\" src=\"https:\/\/silhouette.hr\/wp-content\/uploads\/2016\/11\/OZRENKA-400x400.jpg\" alt=\"\" class=\"team-image\" \/><div class=\"tx-team-socials\"><\/div><\/div><div class=\"tx-team-content\"><div class=\"tx-team-content-inner\" style=\"\"><h3 class=\"\">Ozrenka<\/h3><div class=\"desig\">vlasnik, vlasnik fran\u0161ize, brand manager<\/div><\/div><\/div><\/div><\/div><div class=\"tx-team-item\"><div class=\"tx-team-box\"><div class=\"tx-team-img\"><img decoding=\"async\" src=\"https:\/\/silhouette.hr\/wp-content\/uploads\/2016\/11\/TAJANA-400x400.jpg\" alt=\"\" class=\"team-image\" \/><div class=\"tx-team-socials\"><\/div><\/div><div class=\"tx-team-content\"><div class=\"tx-team-content-inner\" style=\"\"><h3 class=\"\">Tajana<\/h3><div class=\"desig\">licencirani SILHOUETTE terapeut, licenciranini LPG TERAPEUT, KOZMETI\u010cAR, PILATES TRENER<\/div><\/div><\/div><\/div><\/div><div class=\"tx-team-item\"><div class=\"tx-team-box\"><div class=\"tx-team-img\"><img decoding=\"async\" src=\"https:\/\/silhouette.hr\/wp-content\/uploads\/2016\/12\/roberta_nova-400x400.jpg\" alt=\"\" class=\"team-image\" \/><div class=\"tx-team-socials\"><\/div><\/div><div class=\"tx-team-content\"><div class=\"tx-team-content-inner\" style=\"\"><h3 class=\"\">Roberta<\/h3><div class=\"desig\">licencirani SILHOUETTE terapeut, licenciranini LPG TERAPEUT, KINEZIOLO\u0160KI FAKULTET, licenciraniI TRENER vibraciskog treninga, licencirani me\u0111unarodni u\u010ditelj skijanja, ekonomist<\/div><\/div><\/div><\/div><\/div><\/div>\n<div class=\"tx-divider clearfix\" style=\"margin-top: 32px;margin-bottom: 32px\"><\/div>\n<h2 style=\"text-align: center;\">VANJSKI SURADNIK &#8211; NUTRICIONIST<\/h2>\n<p>&nbsp;<\/p>\n<div class=\"tx-row \">\n<div class=\"tx-column tx-column-size-1-2\">\n<p><img loading=\"lazy\" decoding=\"async\" class=\"alignnone wp-image-639\" src=\"http:\/\/silhouette.hr\/wp-content\/uploads\/2016\/11\/maja-300x225.jpg\" alt=\"nutricionist\" width=\"434\" height=\"326\" srcset=\"https:\/\/silhouette.hr\/wp-content\/uploads\/2016\/11\/maja-300x225.jpg 300w, https:\/\/silhouette.hr\/wp-content\/uploads\/2016\/11\/maja-768x576.jpg 768w, https:\/\/silhouette.hr\/wp-content\/uploads\/2016\/11\/maja-1024x768.jpg 1024w, https:\/\/silhouette.hr\/wp-content\/uploads\/2016\/11\/maja.jpg 2048w\" sizes=\"(max-width: 434px) 100vw, 434px\" \/><\/div>\n<div class=\"tx-column tx-column-size-1-2\">\n<h3>Maja \u017dupan\u010di\u010d<\/h3>\n<p>2005 &#8211; 2006 Esthetician, Los Angeles Unified School District, CA<\/p>\n<p><em>2005-2008 \u2013<\/em>\u00a0Bachelor of Science Major in Nutritional Sciences SD<\/p>\n<p><em>2008-2008 \u2013<\/em>\u00a0Theta Zdravljenje 1&amp;2, Slovenija<\/p>\n<p><em>2012-2012 \u2013<\/em>\u00a0Gerson Basic Program CA<\/p>\n<p><em>2015-2015 \u2013<\/em>\u00a0Microscope and Nutrition technology CHI<\/p>\n<div dir=\"ltr\"><\/div>\n<\/div>\n<\/div>\n","protected":false},"excerpt":{"rendered":"<p>NA\u0160 TIM &nbsp; Svaki \u010dlan Silhouette tima pro\u0161ao je posebnu edukaciju kako bi na\u0161im klijenticama uvijek i svaki put mogli osigurati najbolju izvedbu svih programa i pojedina\u010dnih tretmana koji \u010dine Silhouette brand<a class=\"moretag\" href=\"https:\/\/silhouette.hr\/?team=roberta\">Read More&#8230;<\/a><\/p>\n","protected":false},"author":1,"featured_media":0,"parent":0,"menu_order":0,"comment_status":"closed","ping_status":"closed","template":"","meta":{"footnotes":""},"yoast_head":"<!-- This site is optimized with the Yoast SEO plugin v23.5 - https:\/\/yoast.com\/wordpress\/plugins\/seo\/ -->\n<title>O NAMA &#060; Silhouette<\/title>\n<meta name=\"description\" content=\"Zdravo, brzo i u\u010dinkovito mr\u0161avljenje - mi ostvarujemo ono \u0161to vam drugi samo obe\u0107aju.\" \/>\n<meta name=\"robots\" content=\"index, follow, max-snippet:-1, max-image-preview:large, max-video-preview:-1\" \/>\n<link rel=\"canonical\" href=\"https:\/\/silhouette.hr\/index.php\/o-nama\/\" \/>\n<meta property=\"og:locale\" content=\"en_US\" \/>\n<meta property=\"og:type\" content=\"article\" \/>\n<meta property=\"og:title\" content=\"O NAMA &#060; Silhouette\" \/>\n<meta property=\"og:description\" content=\"Zdravo, brzo i u\u010dinkovito mr\u0161avljenje - mi ostvarujemo ono \u0161to vam drugi samo obe\u0107aju.\" \/>\n<meta property=\"og:url\" content=\"https:\/\/silhouette.hr\/index.php\/o-nama\/\" \/>\n<meta property=\"og:site_name\" content=\"Silhouette\" \/>\n<meta property=\"article:publisher\" content=\"https:\/\/www.facebook.com\/SilhouetteRijeka\/\" \/>\n<meta property=\"article:modified_time\" content=\"2018-02-06T05:54:18+00:00\" \/>\n<meta property=\"og:image\" content=\"http:\/\/silhouette.hr\/wp-content\/uploads\/2016\/11\/O-nama-231x300.png\" \/>\n<meta name=\"twitter:card\" content=\"summary_large_image\" \/>\n<meta name=\"twitter:label1\" content=\"Est. reading time\" \/>\n\t<meta name=\"twitter:data1\" content=\"5 minutes\" \/>\n<script type=\"application\/ld+json\" class=\"yoast-schema-graph\">{\"@context\":\"https:\/\/schema.org\",\"@graph\":[{\"@type\":\"WebPage\",\"@id\":\"https:\/\/silhouette.hr\/index.php\/o-nama\/\",\"url\":\"https:\/\/silhouette.hr\/index.php\/o-nama\/\",\"name\":\"O NAMA &#060; Silhouette\",\"isPartOf\":{\"@id\":\"https:\/\/silhouette.hr\/#website\"},\"primaryImageOfPage\":{\"@id\":\"https:\/\/silhouette.hr\/index.php\/o-nama\/#primaryimage\"},\"image\":{\"@id\":\"https:\/\/silhouette.hr\/index.php\/o-nama\/#primaryimage\"},\"thumbnailUrl\":\"http:\/\/silhouette.hr\/wp-content\/uploads\/2016\/11\/O-nama-231x300.png\",\"datePublished\":\"2016-11-29T18:29:59+00:00\",\"dateModified\":\"2018-02-06T05:54:18+00:00\",\"description\":\"Zdravo, brzo i u\u010dinkovito mr\u0161avljenje - mi ostvarujemo ono \u0161to vam drugi samo obe\u0107aju.\",\"breadcrumb\":{\"@id\":\"https:\/\/silhouette.hr\/index.php\/o-nama\/#breadcrumb\"},\"inLanguage\":\"en-US\",\"potentialAction\":[{\"@type\":\"ReadAction\",\"target\":[\"https:\/\/silhouette.hr\/index.php\/o-nama\/\"]}]},{\"@type\":\"ImageObject\",\"inLanguage\":\"en-US\",\"@id\":\"https:\/\/silhouette.hr\/index.php\/o-nama\/#primaryimage\",\"url\":\"https:\/\/silhouette.hr\/wp-content\/uploads\/2016\/11\/O-nama.png\",\"contentUrl\":\"https:\/\/silhouette.hr\/wp-content\/uploads\/2016\/11\/O-nama.png\",\"width\":466,\"height\":604},{\"@type\":\"BreadcrumbList\",\"@id\":\"https:\/\/silhouette.hr\/index.php\/o-nama\/#breadcrumb\",\"itemListElement\":[{\"@type\":\"ListItem\",\"position\":1,\"name\":\"Home\",\"item\":\"https:\/\/silhouette.hr\/\"},{\"@type\":\"ListItem\",\"position\":2,\"name\":\"O NAMA\"}]},{\"@type\":\"WebSite\",\"@id\":\"https:\/\/silhouette.hr\/#website\",\"url\":\"https:\/\/silhouette.hr\/\",\"name\":\"Silhouette\",\"description\":\"\",\"publisher\":{\"@id\":\"https:\/\/silhouette.hr\/#organization\"},\"potentialAction\":[{\"@type\":\"SearchAction\",\"target\":{\"@type\":\"EntryPoint\",\"urlTemplate\":\"https:\/\/silhouette.hr\/?s={search_term_string}\"},\"query-input\":{\"@type\":\"PropertyValueSpecification\",\"valueRequired\":true,\"valueName\":\"search_term_string\"}}],\"inLanguage\":\"en-US\"},{\"@type\":\"Organization\",\"@id\":\"https:\/\/silhouette.hr\/#organization\",\"name\":\"Silhouette International Institute\",\"url\":\"https:\/\/silhouette.hr\/\",\"logo\":{\"@type\":\"ImageObject\",\"inLanguage\":\"en-US\",\"@id\":\"https:\/\/silhouette.hr\/#\/schema\/logo\/image\/\",\"url\":\"https:\/\/silhouette.hr\/wp-content\/uploads\/2016\/12\/logoCrni_converted.png\",\"contentUrl\":\"https:\/\/silhouette.hr\/wp-content\/uploads\/2016\/12\/logoCrni_converted.png\",\"width\":739,\"height\":739,\"caption\":\"Silhouette International Institute\"},\"image\":{\"@id\":\"https:\/\/silhouette.hr\/#\/schema\/logo\/image\/\"},\"sameAs\":[\"https:\/\/www.facebook.com\/SilhouetteRijeka\/\"]}]}<\/script>\n<!-- \/ Yoast SEO plugin. -->","yoast_head_json":{"title":"O NAMA &#060; Silhouette","description":"Zdravo, brzo i u\u010dinkovito mr\u0161avljenje - mi ostvarujemo ono \u0161to vam drugi samo obe\u0107aju.","robots":{"index":"index","follow":"follow","max-snippet":"max-snippet:-1","max-image-preview":"max-image-preview:large","max-video-preview":"max-video-preview:-1"},"canonical":"https:\/\/silhouette.hr\/index.php\/o-nama\/","og_locale":"en_US","og_type":"article","og_title":"O NAMA &#060; Silhouette","og_description":"Zdravo, brzo i u\u010dinkovito mr\u0161avljenje - mi ostvarujemo ono \u0161to vam drugi samo obe\u0107aju.","og_url":"https:\/\/silhouette.hr\/index.php\/o-nama\/","og_site_name":"Silhouette","article_publisher":"https:\/\/www.facebook.com\/SilhouetteRijeka\/","article_modified_time":"2018-02-06T05:54:18+00:00","og_image":[{"url":"http:\/\/silhouette.hr\/wp-content\/uploads\/2016\/11\/O-nama-231x300.png"}],"twitter_card":"summary_large_image","twitter_misc":{"Est. reading time":"5 minutes"},"schema":{"@context":"https:\/\/schema.org","@graph":[{"@type":"WebPage","@id":"https:\/\/silhouette.hr\/index.php\/o-nama\/","url":"https:\/\/silhouette.hr\/index.php\/o-nama\/","name":"O NAMA &#060; Silhouette","isPartOf":{"@id":"https:\/\/silhouette.hr\/#website"},"primaryImageOfPage":{"@id":"https:\/\/silhouette.hr\/index.php\/o-nama\/#primaryimage"},"image":{"@id":"https:\/\/silhouette.hr\/index.php\/o-nama\/#primaryimage"},"thumbnailUrl":"http:\/\/silhouette.hr\/wp-content\/uploads\/2016\/11\/O-nama-231x300.png","datePublished":"2016-11-29T18:29:59+00:00","dateModified":"2018-02-06T05:54:18+00:00","description":"Zdravo, brzo i u\u010dinkovito mr\u0161avljenje - mi ostvarujemo ono \u0161to vam drugi samo obe\u0107aju.","breadcrumb":{"@id":"https:\/\/silhouette.hr\/index.php\/o-nama\/#breadcrumb"},"inLanguage":"en-US","potentialAction":[{"@type":"ReadAction","target":["https:\/\/silhouette.hr\/index.php\/o-nama\/"]}]},{"@type":"ImageObject","inLanguage":"en-US","@id":"https:\/\/silhouette.hr\/index.php\/o-nama\/#primaryimage","url":"https:\/\/silhouette.hr\/wp-content\/uploads\/2016\/11\/O-nama.png","contentUrl":"https:\/\/silhouette.hr\/wp-content\/uploads\/2016\/11\/O-nama.png","width":466,"height":604},{"@type":"BreadcrumbList","@id":"https:\/\/silhouette.hr\/index.php\/o-nama\/#breadcrumb","itemListElement":[{"@type":"ListItem","position":1,"name":"Home","item":"https:\/\/silhouette.hr\/"},{"@type":"ListItem","position":2,"name":"O NAMA"}]},{"@type":"WebSite","@id":"https:\/\/silhouette.hr\/#website","url":"https:\/\/silhouette.hr\/","name":"Silhouette","description":"","publisher":{"@id":"https:\/\/silhouette.hr\/#organization"},"potentialAction":[{"@type":"SearchAction","target":{"@type":"EntryPoint","urlTemplate":"https:\/\/silhouette.hr\/?s={search_term_string}"},"query-input":{"@type":"PropertyValueSpecification","valueRequired":true,"valueName":"search_term_string"}}],"inLanguage":"en-US"},{"@type":"Organization","@id":"https:\/\/silhouette.hr\/#organization","name":"Silhouette International Institute","url":"https:\/\/silhouette.hr\/","logo":{"@type":"ImageObject","inLanguage":"en-US","@id":"https:\/\/silhouette.hr\/#\/schema\/logo\/image\/","url":"https:\/\/silhouette.hr\/wp-content\/uploads\/2016\/12\/logoCrni_converted.png","contentUrl":"https:\/\/silhouette.hr\/wp-content\/uploads\/2016\/12\/logoCrni_converted.png","width":739,"height":739,"caption":"Silhouette International Institute"},"image":{"@id":"https:\/\/silhouette.hr\/#\/schema\/logo\/image\/"},"sameAs":["https:\/\/www.facebook.com\/SilhouetteRijeka\/"]}]}},"_links":{"self":[{"href":"https:\/\/silhouette.hr\/index.php\/wp-json\/wp\/v2\/pages\/44"}],"collection":[{"href":"https:\/\/silhouette.hr\/index.php\/wp-json\/wp\/v2\/pages"}],"about":[{"href":"https:\/\/silhouette.hr\/index.php\/wp-json\/wp\/v2\/types\/page"}],"author":[{"embeddable":true,"href":"https:\/\/silhouette.hr\/index.php\/wp-json\/wp\/v2\/users\/1"}],"replies":[{"embeddable":true,"href":"https:\/\/silhouette.hr\/index.php\/wp-json\/wp\/v2\/comments?post=44"}],"version-history":[{"count":31,"href":"https:\/\/silhouette.hr\/index.php\/wp-json\/wp\/v2\/pages\/44\/revisions"}],"predecessor-version":[{"id":778,"href":"https:\/\/silhouette.hr\/index.php\/wp-json\/wp\/v2\/pages\/44\/revisions\/778"}],"wp:attachment":[{"href":"https:\/\/silhouette.hr\/index.php\/wp-json\/wp\/v2\/media?parent=44"}],"curies":[{"name":"wp","href":"https:\/\/api.w.org\/{rel}","templated":true}]}}