{"id":380,"date":"2017-01-26T11:51:34","date_gmt":"2017-01-26T11:51:34","guid":{"rendered":"http:\/\/silhouette.hr\/?page_id=380"},"modified":"2017-02-08T14:06:45","modified_gmt":"2017-02-08T14:06:45","slug":"faq","status":"publish","type":"page","link":"https:\/\/silhouette.hr\/index.php\/faq\/","title":{"rendered":"Naj\u010de\u0161\u0107a pitanja"},"content":{"rendered":"<p style=\"text-align: center;\"><strong>OBJE STRANE PRI\u010cE<\/strong><\/p>\n<p style=\"text-align: justify;\">Odlu\u010dili smo javno i <strong>potpuno iskreno <\/strong>odgovoriti na pitanja koja su nam klijentice naj\u010de\u0161\u0107e postavljale prilikom prvog dolaska u Silhouette!<\/p>\n<p style=\"text-align: justify;\"><strong>\u201eVa\u0161 program mo\u017eda je odli\u010dan, ali \u0161to kad zavr\u0161i, nakon\u00a0 nekog vremena kilogrami \u0107e se sigurno vratiti. \u201e<\/strong><\/p>\n<p style=\"text-align: justify;\">O tome ho\u0107e li se kilogrami vratiti odlu\u010dujete samo i isklju\u010divo Vi. Dvije su opcije, nakon (minimalno) mjesec i pol dana dru\u017eenja s nama mo\u017eete se odlu\u010diti za nastavak tretmana, po novom prilago\u0111enom re\u017eimu, ovisno \u017eelite li odr\u017eavati postignuto ili napredovati. Druga opcija je odluka o prestanku kori\u0161tenja na\u0161ih usluga \u0161to tako\u0111er ne mora rezultirati povratkom na staro budu\u0107i da ve\u0107 posjedujete plan prehrane i nau\u010dili ste kako i na koju vrstu fizi\u010dkih aktivnosti Va\u0161e tijelo najbolje reagira. Pored svega toga zbog Vas smo uveli i praksu naknadnog savjetovanja odnosno besplatnih konzultacija. Radi se o tome da svakoj klijentici u sklopu individualiziranog paketa nudimo jedne besplatne konzultacije koje se mogu iskoristiti nekoliko mjeseci (do godine dana) nakon zavr\u0161etka odra\u0111enog programa. Cilj tih konzultacija je ponovno mjerenje (kako bismo provjerili jeste li na putu da se vratite na staro), davanje savjeta klijentici o tome gdje grije\u0161i, te eventualno preporuka za tretman koji bi rje\u0161io konkretan problem (npr. ponovno pojavljivanje celulita zbog osmosatnog sjedenja na poslu).<\/p>\n<p>&nbsp;<\/p>\n<p style=\"text-align: justify;\"><strong>\u201eKoliko vremena moram odvojiti za dolaske u Silhouette centar?\u201c<\/strong><\/p>\n<p style=\"text-align: justify;\">Ovisno o Va\u0161im \u017eeljama, vremenu koji imate na raspolaganju i ciljevima koje \u0107emo postaviti na prvim konzultacijama Va\u0161 broj tjednih dolazaka mo\u017ee biti u rasponu od\u00a0 2 do 4 puta. Termini se ugovaraju s osobnim terapeutom i maksimalno prilago\u0111avaju Va\u0161em rasporedu.<\/p>\n<p>&nbsp;<\/p>\n<p style=\"text-align: justify;\"><strong>\u201e\u0160to to\u010dno jam\u010dite psimenom garancijom?\u201c<\/strong><\/p>\n<p style=\"text-align: justify;\">Pismenu garanciju izdajemo prvenstveno zbog na\u0161ih klijentica. Svjesni smo da je povjerenje prilikom dono\u0161enja odluke o kupnji usluga iznimno va\u017eno bez obzira radi li se o frizeru, automehani\u010daru ili centru za mr\u0161avljenje i oblikovanje tijela kao \u0161to je Silhouette jer klijent kupuje ne\u0161to neopipljivo i odluku donosi na temelju povjerenja ili preporuke. Zbog zasi\u0107enosti tr\u017ei\u0161ta razno raznim proizvodima za mr\u0161avljenje i neefikasnim programima doga\u0111a se da ljudi gube povjerenje. Mi stojimo iza svega \u0161to govorimo i pi\u0161emo i ba\u0161 zbog toga Vam bez ikakve dvojbe i ustru\u010davanja mo\u017eemo dati pismenu garanciju da \u0107ete ukoliko se budete dr\u017eali dogovora u propisanom vremenu posti\u0107i i presti\u0107i svoje ciljeve. <strong>Svi \u017eele da budete zadovoljni s njihovim proizvodima i uslugama, mi \u017eelimo da nakon izlaska iz centra budete zadovoljni sa sobom, jer jedino tako \u0107emo znati da ste zadovoljni i s nama!<\/strong><\/p>\n<p style=\"text-align: justify;\"><a class=\"tx-button\" href=\"http:\/\/silhouette.hr\/index.php\/kontakt\/\" target=\"_self\" style=\"color: #ffffff; background-color: #81d742\">Postavite pitanje<\/a>\n","protected":false},"excerpt":{"rendered":"<p>OBJE STRANE PRI\u010cE Odlu\u010dili smo javno i potpuno iskreno odgovoriti na pitanja koja su nam klijentice naj\u010de\u0161\u0107e postavljale prilikom prvog dolaska u Silhouette! \u201eVa\u0161 program mo\u017eda je odli\u010dan, ali \u0161to kad zavr\u0161i,<a class=\"moretag\" href=\"https:\/\/silhouette.hr\/index.php\/faq\/\">Read More&#8230;<\/a><\/p>\n","protected":false},"author":1,"featured_media":419,"parent":0,"menu_order":0,"comment_status":"closed","ping_status":"closed","template":"","meta":{"footnotes":""},"yoast_head":"<!-- This site is optimized with the Yoast SEO plugin v23.5 - https:\/\/yoast.com\/wordpress\/plugins\/seo\/ -->\n<title>Naj\u010de\u0161\u0107a pitanja &#060; Silhouette<\/title>\n<meta name=\"description\" content=\"Zdravo, brzo i u\u010dinkovito mr\u0161avljenje - mi ostvarujemo ono \u0161to vam drugi samo obe\u0107aju.\" \/>\n<meta name=\"robots\" content=\"index, follow, max-snippet:-1, max-image-preview:large, max-video-preview:-1\" \/>\n<link rel=\"canonical\" href=\"https:\/\/silhouette.hr\/index.php\/faq\/\" \/>\n<meta property=\"og:locale\" content=\"en_US\" \/>\n<meta property=\"og:type\" content=\"article\" \/>\n<meta property=\"og:title\" content=\"Naj\u010de\u0161\u0107a pitanja &#060; Silhouette\" \/>\n<meta property=\"og:description\" content=\"Zdravo, brzo i u\u010dinkovito mr\u0161avljenje - mi ostvarujemo ono \u0161to vam drugi samo obe\u0107aju.\" \/>\n<meta property=\"og:url\" content=\"https:\/\/silhouette.hr\/index.php\/faq\/\" \/>\n<meta property=\"og:site_name\" content=\"Silhouette\" \/>\n<meta property=\"article:publisher\" content=\"https:\/\/www.facebook.com\/SilhouetteRijeka\/\" \/>\n<meta property=\"article:modified_time\" content=\"2017-02-08T14:06:45+00:00\" \/>\n<meta property=\"og:image\" content=\"https:\/\/silhouette.hr\/wp-content\/uploads\/2017\/01\/FAQ.jpg\" \/>\n\t<meta property=\"og:image:width\" content=\"1136\" \/>\n\t<meta property=\"og:image:height\" content=\"455\" \/>\n\t<meta property=\"og:image:type\" content=\"image\/jpeg\" \/>\n<meta name=\"twitter:card\" content=\"summary_large_image\" \/>\n<meta name=\"twitter:label1\" content=\"Est. reading time\" \/>\n\t<meta name=\"twitter:data1\" content=\"2 minutes\" \/>\n<script type=\"application\/ld+json\" class=\"yoast-schema-graph\">{\"@context\":\"https:\/\/schema.org\",\"@graph\":[{\"@type\":\"WebPage\",\"@id\":\"https:\/\/silhouette.hr\/index.php\/faq\/\",\"url\":\"https:\/\/silhouette.hr\/index.php\/faq\/\",\"name\":\"Naj\u010de\u0161\u0107a pitanja &#060; Silhouette\",\"isPartOf\":{\"@id\":\"https:\/\/silhouette.hr\/#website\"},\"primaryImageOfPage\":{\"@id\":\"https:\/\/silhouette.hr\/index.php\/faq\/#primaryimage\"},\"image\":{\"@id\":\"https:\/\/silhouette.hr\/index.php\/faq\/#primaryimage\"},\"thumbnailUrl\":\"https:\/\/silhouette.hr\/wp-content\/uploads\/2017\/01\/FAQ.jpg\",\"datePublished\":\"2017-01-26T11:51:34+00:00\",\"dateModified\":\"2017-02-08T14:06:45+00:00\",\"description\":\"Zdravo, brzo i u\u010dinkovito mr\u0161avljenje - mi ostvarujemo ono \u0161to vam drugi samo obe\u0107aju.\",\"breadcrumb\":{\"@id\":\"https:\/\/silhouette.hr\/index.php\/faq\/#breadcrumb\"},\"inLanguage\":\"en-US\",\"potentialAction\":[{\"@type\":\"ReadAction\",\"target\":[\"https:\/\/silhouette.hr\/index.php\/faq\/\"]}]},{\"@type\":\"ImageObject\",\"inLanguage\":\"en-US\",\"@id\":\"https:\/\/silhouette.hr\/index.php\/faq\/#primaryimage\",\"url\":\"https:\/\/silhouette.hr\/wp-content\/uploads\/2017\/01\/FAQ.jpg\",\"contentUrl\":\"https:\/\/silhouette.hr\/wp-content\/uploads\/2017\/01\/FAQ.jpg\",\"width\":1136,\"height\":455},{\"@type\":\"BreadcrumbList\",\"@id\":\"https:\/\/silhouette.hr\/index.php\/faq\/#breadcrumb\",\"itemListElement\":[{\"@type\":\"ListItem\",\"position\":1,\"name\":\"Home\",\"item\":\"https:\/\/silhouette.hr\/\"},{\"@type\":\"ListItem\",\"position\":2,\"name\":\"Naj\u010de\u0161\u0107a pitanja\"}]},{\"@type\":\"WebSite\",\"@id\":\"https:\/\/silhouette.hr\/#website\",\"url\":\"https:\/\/silhouette.hr\/\",\"name\":\"Silhouette\",\"description\":\"\",\"publisher\":{\"@id\":\"https:\/\/silhouette.hr\/#organization\"},\"potentialAction\":[{\"@type\":\"SearchAction\",\"target\":{\"@type\":\"EntryPoint\",\"urlTemplate\":\"https:\/\/silhouette.hr\/?s={search_term_string}\"},\"query-input\":{\"@type\":\"PropertyValueSpecification\",\"valueRequired\":true,\"valueName\":\"search_term_string\"}}],\"inLanguage\":\"en-US\"},{\"@type\":\"Organization\",\"@id\":\"https:\/\/silhouette.hr\/#organization\",\"name\":\"Silhouette International Institute\",\"url\":\"https:\/\/silhouette.hr\/\",\"logo\":{\"@type\":\"ImageObject\",\"inLanguage\":\"en-US\",\"@id\":\"https:\/\/silhouette.hr\/#\/schema\/logo\/image\/\",\"url\":\"https:\/\/silhouette.hr\/wp-content\/uploads\/2016\/12\/logoCrni_converted.png\",\"contentUrl\":\"https:\/\/silhouette.hr\/wp-content\/uploads\/2016\/12\/logoCrni_converted.png\",\"width\":739,\"height\":739,\"caption\":\"Silhouette International Institute\"},\"image\":{\"@id\":\"https:\/\/silhouette.hr\/#\/schema\/logo\/image\/\"},\"sameAs\":[\"https:\/\/www.facebook.com\/SilhouetteRijeka\/\"]}]}<\/script>\n<!-- \/ Yoast SEO plugin. -->","yoast_head_json":{"title":"Naj\u010de\u0161\u0107a pitanja &#060; Silhouette","description":"Zdravo, brzo i u\u010dinkovito mr\u0161avljenje - mi ostvarujemo ono \u0161to vam drugi samo obe\u0107aju.","robots":{"index":"index","follow":"follow","max-snippet":"max-snippet:-1","max-image-preview":"max-image-preview:large","max-video-preview":"max-video-preview:-1"},"canonical":"https:\/\/silhouette.hr\/index.php\/faq\/","og_locale":"en_US","og_type":"article","og_title":"Naj\u010de\u0161\u0107a pitanja &#060; Silhouette","og_description":"Zdravo, brzo i u\u010dinkovito mr\u0161avljenje - mi ostvarujemo ono \u0161to vam drugi samo obe\u0107aju.","og_url":"https:\/\/silhouette.hr\/index.php\/faq\/","og_site_name":"Silhouette","article_publisher":"https:\/\/www.facebook.com\/SilhouetteRijeka\/","article_modified_time":"2017-02-08T14:06:45+00:00","og_image":[{"width":1136,"height":455,"url":"https:\/\/silhouette.hr\/wp-content\/uploads\/2017\/01\/FAQ.jpg","type":"image\/jpeg"}],"twitter_card":"summary_large_image","twitter_misc":{"Est. reading time":"2 minutes"},"schema":{"@context":"https:\/\/schema.org","@graph":[{"@type":"WebPage","@id":"https:\/\/silhouette.hr\/index.php\/faq\/","url":"https:\/\/silhouette.hr\/index.php\/faq\/","name":"Naj\u010de\u0161\u0107a pitanja &#060; Silhouette","isPartOf":{"@id":"https:\/\/silhouette.hr\/#website"},"primaryImageOfPage":{"@id":"https:\/\/silhouette.hr\/index.php\/faq\/#primaryimage"},"image":{"@id":"https:\/\/silhouette.hr\/index.php\/faq\/#primaryimage"},"thumbnailUrl":"https:\/\/silhouette.hr\/wp-content\/uploads\/2017\/01\/FAQ.jpg","datePublished":"2017-01-26T11:51:34+00:00","dateModified":"2017-02-08T14:06:45+00:00","description":"Zdravo, brzo i u\u010dinkovito mr\u0161avljenje - mi ostvarujemo ono \u0161to vam drugi samo obe\u0107aju.","breadcrumb":{"@id":"https:\/\/silhouette.hr\/index.php\/faq\/#breadcrumb"},"inLanguage":"en-US","potentialAction":[{"@type":"ReadAction","target":["https:\/\/silhouette.hr\/index.php\/faq\/"]}]},{"@type":"ImageObject","inLanguage":"en-US","@id":"https:\/\/silhouette.hr\/index.php\/faq\/#primaryimage","url":"https:\/\/silhouette.hr\/wp-content\/uploads\/2017\/01\/FAQ.jpg","contentUrl":"https:\/\/silhouette.hr\/wp-content\/uploads\/2017\/01\/FAQ.jpg","width":1136,"height":455},{"@type":"BreadcrumbList","@id":"https:\/\/silhouette.hr\/index.php\/faq\/#breadcrumb","itemListElement":[{"@type":"ListItem","position":1,"name":"Home","item":"https:\/\/silhouette.hr\/"},{"@type":"ListItem","position":2,"name":"Naj\u010de\u0161\u0107a pitanja"}]},{"@type":"WebSite","@id":"https:\/\/silhouette.hr\/#website","url":"https:\/\/silhouette.hr\/","name":"Silhouette","description":"","publisher":{"@id":"https:\/\/silhouette.hr\/#organization"},"potentialAction":[{"@type":"SearchAction","target":{"@type":"EntryPoint","urlTemplate":"https:\/\/silhouette.hr\/?s={search_term_string}"},"query-input":{"@type":"PropertyValueSpecification","valueRequired":true,"valueName":"search_term_string"}}],"inLanguage":"en-US"},{"@type":"Organization","@id":"https:\/\/silhouette.hr\/#organization","name":"Silhouette International Institute","url":"https:\/\/silhouette.hr\/","logo":{"@type":"ImageObject","inLanguage":"en-US","@id":"https:\/\/silhouette.hr\/#\/schema\/logo\/image\/","url":"https:\/\/silhouette.hr\/wp-content\/uploads\/2016\/12\/logoCrni_converted.png","contentUrl":"https:\/\/silhouette.hr\/wp-content\/uploads\/2016\/12\/logoCrni_converted.png","width":739,"height":739,"caption":"Silhouette International Institute"},"image":{"@id":"https:\/\/silhouette.hr\/#\/schema\/logo\/image\/"},"sameAs":["https:\/\/www.facebook.com\/SilhouetteRijeka\/"]}]}},"_links":{"self":[{"href":"https:\/\/silhouette.hr\/index.php\/wp-json\/wp\/v2\/pages\/380"}],"collection":[{"href":"https:\/\/silhouette.hr\/index.php\/wp-json\/wp\/v2\/pages"}],"about":[{"href":"https:\/\/silhouette.hr\/index.php\/wp-json\/wp\/v2\/types\/page"}],"author":[{"embeddable":true,"href":"https:\/\/silhouette.hr\/index.php\/wp-json\/wp\/v2\/users\/1"}],"replies":[{"embeddable":true,"href":"https:\/\/silhouette.hr\/index.php\/wp-json\/wp\/v2\/comments?post=380"}],"version-history":[{"count":6,"href":"https:\/\/silhouette.hr\/index.php\/wp-json\/wp\/v2\/pages\/380\/revisions"}],"predecessor-version":[{"id":404,"href":"https:\/\/silhouette.hr\/index.php\/wp-json\/wp\/v2\/pages\/380\/revisions\/404"}],"wp:featuredmedia":[{"embeddable":true,"href":"https:\/\/silhouette.hr\/index.php\/wp-json\/wp\/v2\/media\/419"}],"wp:attachment":[{"href":"https:\/\/silhouette.hr\/index.php\/wp-json\/wp\/v2\/media?parent=380"}],"curies":[{"name":"wp","href":"https:\/\/api.w.org\/{rel}","templated":true}]}}