{"id":363,"date":"2017-01-25T13:09:15","date_gmt":"2017-01-25T13:09:15","guid":{"rendered":"http:\/\/silhouette.hr\/?page_id=363"},"modified":"2017-06-08T09:11:33","modified_gmt":"2017-06-08T09:11:33","slug":"blog","status":"publish","type":"page","link":"https:\/\/silhouette.hr\/index.php\/blog\/","title":{"rendered":"Blog"},"content":{"rendered":"<div class=\"tx-blog tx-post-row tx-masonry\"><div class=\"tx-blog-item tx-post-col-4\"><div class=\"tx-border-box\"><div class=\"tx-blog-img\"><a href=\"https:\/\/silhouette.hr\/wp-content\/uploads\/2017\/06\/Blog_visak_koze-1024x410.jpg\" class=\"tx-colorbox\"><img decoding=\"async\" src=\"https:\/\/silhouette.hr\/wp-content\/uploads\/2017\/06\/Blog_visak_koze-600x360.jpg\" alt=\"\" class=\"blog-image\" \/><\/a><span class=\"tx-post-comm\"><span>0<\/span><\/span><\/div><div class=\"tx-post-content\"><h3 class=\"tx-post-title\"><a href=\"https:\/\/silhouette.hr\/index.php\/visak-koze\/\">Prava istina o opu\u0161tenoj ko\u017ei nakon mr\u0161avljenja<\/a><\/h3><div class=\"tx-category\"><a href=\"https:\/\/silhouette.hr\/index.php\/category\/blogpost\/\" rel=\"category tag\">Blog Post<\/a><\/div><div class=\"tx-blog-content\">Prava istina o opu\u0161tenoj ko\u017ei nakon mr\u0161avljenja Vidjeti da se brojke na vagi smanjuju sukladno trudu ulo\u017eenom u mr\u0161avljenje \u017eenama je najve\u0107a nagrada za sva odricanja. Ipak nije ba\u0161 sve tako crno-bijelo&lt;a class=&quot;moretag&quot; href=&quot;https:\/\/silhouette.hr\/index.php\/visak-koze\/&quot;&gt;Read More...&lt;\/a&gt;<\/div><div class=\"tx-meta\"><span class=\"tx-author\">By : <a href=\"https:\/\/silhouette.hr\/index.php\/author\/pero\/\">pero<\/a><\/span><span class=\"tx-date\"> | Jun 8, 2017<\/span><\/div><\/div><\/div><\/div><div class=\"tx-blog-item tx-post-col-4\"><div class=\"tx-border-box\"><div class=\"tx-blog-img\"><a href=\"https:\/\/silhouette.hr\/wp-content\/uploads\/2017\/04\/cover-1024x409.jpg\" class=\"tx-colorbox\"><img decoding=\"async\" src=\"https:\/\/silhouette.hr\/wp-content\/uploads\/2017\/04\/cover-600x360.jpg\" alt=\"\" class=\"blog-image\" \/><\/a><span class=\"tx-post-comm\"><span>0<\/span><\/span><\/div><div class=\"tx-post-content\"><h3 class=\"tx-post-title\"><a href=\"https:\/\/silhouette.hr\/index.php\/mrsavljenje-bez-veceg-fizickog-napora\/\">Mr\u0161avljenje bez ve\u0107eg fizi\u010dkog napora<\/a><\/h3><div class=\"tx-category\"><a href=\"https:\/\/silhouette.hr\/index.php\/category\/blogpost\/\" rel=\"category tag\">Blog Post<\/a><\/div><div class=\"tx-blog-content\">Mr\u0161avljenje bez ve\u0107eg fizi\u010dkog napora? MOGU\u0106E JE UZ POMO\u0106 INFRCRVENIH ZRAKA! Topljenje masnih naslaga, eliminacija celulita, zatezanje tijela, zdrava ko\u017ea i tijelo bez toksina &#8211; danas je sve to mogu\u0107e uz minimalan&lt;a class=&quot;moretag&quot; href=&quot;https:\/\/silhouette.hr\/index.php\/mrsavljenje-bez-veceg-fizickog-napora\/&quot;&gt;Read More...&lt;\/a&gt;<\/div><div class=\"tx-meta\"><span class=\"tx-author\">By : <a href=\"https:\/\/silhouette.hr\/index.php\/author\/pero\/\">pero<\/a><\/span><span class=\"tx-date\"> | Apr 6, 2017<\/span><\/div><\/div><\/div><\/div><div class=\"tx-blog-item tx-post-col-4\"><div class=\"tx-border-box\"><div class=\"tx-blog-img\"><a href=\"https:\/\/silhouette.hr\/wp-content\/uploads\/2017\/03\/OBDUD60-1024x410.jpg\" class=\"tx-colorbox\"><img decoding=\"async\" src=\"https:\/\/silhouette.hr\/wp-content\/uploads\/2017\/03\/OBDUD60-600x360.jpg\" alt=\"\" class=\"blog-image\" \/><\/a><span class=\"tx-post-comm\"><span>0<\/span><\/span><\/div><div class=\"tx-post-content\"><h3 class=\"tx-post-title\"><a href=\"https:\/\/silhouette.hr\/index.php\/izgubiti-na-tezini-ne-znaci-nuzno-izgledati-bolje\/\">Izgubiti na te\u017eini ne zna\u010di nu\u017eno izgledati bolje<\/a><\/h3><div class=\"tx-category\"><a href=\"https:\/\/silhouette.hr\/index.php\/category\/blogpost\/\" rel=\"category tag\">Blog Post<\/a><\/div><div class=\"tx-blog-content\">Ovaj naslov vjerojatno zvu\u010di prili\u010dno neobi\u010dno &#8216;iz na\u0161ih usta&#8217; ali nije ni\u0161ta drugo nego istinit. Kada je cilj smr\u0161aviti, broj koji pokazuje vaga \u017eenama je \u010desto najva\u017enija ako ne i jedina mjera&lt;a class=&quot;moretag&quot; href=&quot;https:\/\/silhouette.hr\/index.php\/izgubiti-na-tezini-ne-znaci-nuzno-izgledati-bolje\/&quot;&gt;Read More...&lt;\/a&gt;<\/div><div class=\"tx-meta\"><span class=\"tx-author\">By : <a href=\"https:\/\/silhouette.hr\/index.php\/author\/pero\/\">pero<\/a><\/span><span class=\"tx-date\"> | Mar 14, 2017<\/span><\/div><\/div><\/div><\/div><div class=\"tx-blog-item tx-post-col-4\"><div class=\"tx-border-box\"><div class=\"tx-blog-img\"><a href=\"https:\/\/silhouette.hr\/wp-content\/uploads\/2017\/01\/Blog-1136x454-1024x409.jpg\" class=\"tx-colorbox\"><img decoding=\"async\" src=\"https:\/\/silhouette.hr\/wp-content\/uploads\/2017\/01\/Blog-1136x454-600x360.jpg\" alt=\"\" class=\"blog-image\" \/><\/a><span class=\"tx-post-comm\"><span>0<\/span><\/span><\/div><div class=\"tx-post-content\"><h3 class=\"tx-post-title\"><a href=\"https:\/\/silhouette.hr\/index.php\/magicni-trik-ili-logican-rezultat\/\">Magi\u010dni trik ili logi\u010dan rezultat<\/a><\/h3><div class=\"tx-category\"><a href=\"https:\/\/silhouette.hr\/index.php\/category\/blogpost\/\" rel=\"category tag\">Blog Post<\/a><\/div><div class=\"tx-blog-content\">Da biste razumjeli kako i za\u0161to mo\u017eemo garantirati uspjeh apsolutno svakoj klijentici trebate razumjeti na\u0161 na\u010din rada. Prvi korak prema cilju je podu\u017ei razgovor sa svakom klijenticom osobno. Na tom razgovoru od&lt;a class=&quot;moretag&quot; href=&quot;https:\/\/silhouette.hr\/index.php\/magicni-trik-ili-logican-rezultat\/&quot;&gt;Read More...&lt;\/a&gt;<\/div><div class=\"tx-meta\"><span class=\"tx-author\">By : <a href=\"https:\/\/silhouette.hr\/index.php\/author\/pero\/\">pero<\/a><\/span><span class=\"tx-date\"> | Jan 25, 2017<\/span><\/div><\/div><\/div><\/div><\/div>\n","protected":false},"excerpt":{"rendered":"","protected":false},"author":1,"featured_media":0,"parent":0,"menu_order":0,"comment_status":"closed","ping_status":"closed","template":"","meta":{"footnotes":""},"yoast_head":"<!-- This site is optimized with the Yoast SEO plugin v23.5 - https:\/\/yoast.com\/wordpress\/plugins\/seo\/ -->\n<title>Blog &#060; Silhouette<\/title>\n<meta name=\"description\" content=\"Zdravo, brzo i u\u010dinkovito mr\u0161avljenje - mi ostvarujemo ono \u0161to vam drugi samo obe\u0107aju.\" \/>\n<meta name=\"robots\" content=\"index, follow, max-snippet:-1, max-image-preview:large, max-video-preview:-1\" \/>\n<link rel=\"canonical\" href=\"https:\/\/silhouette.hr\/index.php\/blog\/\" \/>\n<meta property=\"og:locale\" content=\"en_US\" \/>\n<meta property=\"og:type\" content=\"article\" \/>\n<meta property=\"og:title\" content=\"Blog &#060; Silhouette\" \/>\n<meta property=\"og:description\" content=\"Zdravo, brzo i u\u010dinkovito mr\u0161avljenje - mi ostvarujemo ono \u0161to vam drugi samo obe\u0107aju.\" \/>\n<meta property=\"og:url\" content=\"https:\/\/silhouette.hr\/index.php\/blog\/\" \/>\n<meta property=\"og:site_name\" content=\"Silhouette\" \/>\n<meta property=\"article:publisher\" content=\"https:\/\/www.facebook.com\/SilhouetteRijeka\/\" \/>\n<meta property=\"article:modified_time\" content=\"2017-06-08T09:11:33+00:00\" \/>\n<meta name=\"twitter:card\" content=\"summary_large_image\" \/>\n<script type=\"application\/ld+json\" class=\"yoast-schema-graph\">{\"@context\":\"https:\/\/schema.org\",\"@graph\":[{\"@type\":\"WebPage\",\"@id\":\"https:\/\/silhouette.hr\/index.php\/blog\/\",\"url\":\"https:\/\/silhouette.hr\/index.php\/blog\/\",\"name\":\"Blog &#060; Silhouette\",\"isPartOf\":{\"@id\":\"https:\/\/silhouette.hr\/#website\"},\"datePublished\":\"2017-01-25T13:09:15+00:00\",\"dateModified\":\"2017-06-08T09:11:33+00:00\",\"description\":\"Zdravo, brzo i u\u010dinkovito mr\u0161avljenje - mi ostvarujemo ono \u0161to vam drugi samo obe\u0107aju.\",\"breadcrumb\":{\"@id\":\"https:\/\/silhouette.hr\/index.php\/blog\/#breadcrumb\"},\"inLanguage\":\"en-US\",\"potentialAction\":[{\"@type\":\"ReadAction\",\"target\":[\"https:\/\/silhouette.hr\/index.php\/blog\/\"]}]},{\"@type\":\"BreadcrumbList\",\"@id\":\"https:\/\/silhouette.hr\/index.php\/blog\/#breadcrumb\",\"itemListElement\":[{\"@type\":\"ListItem\",\"position\":1,\"name\":\"Home\",\"item\":\"https:\/\/silhouette.hr\/\"},{\"@type\":\"ListItem\",\"position\":2,\"name\":\"Blog\"}]},{\"@type\":\"WebSite\",\"@id\":\"https:\/\/silhouette.hr\/#website\",\"url\":\"https:\/\/silhouette.hr\/\",\"name\":\"Silhouette\",\"description\":\"\",\"publisher\":{\"@id\":\"https:\/\/silhouette.hr\/#organization\"},\"potentialAction\":[{\"@type\":\"SearchAction\",\"target\":{\"@type\":\"EntryPoint\",\"urlTemplate\":\"https:\/\/silhouette.hr\/?s={search_term_string}\"},\"query-input\":{\"@type\":\"PropertyValueSpecification\",\"valueRequired\":true,\"valueName\":\"search_term_string\"}}],\"inLanguage\":\"en-US\"},{\"@type\":\"Organization\",\"@id\":\"https:\/\/silhouette.hr\/#organization\",\"name\":\"Silhouette International Institute\",\"url\":\"https:\/\/silhouette.hr\/\",\"logo\":{\"@type\":\"ImageObject\",\"inLanguage\":\"en-US\",\"@id\":\"https:\/\/silhouette.hr\/#\/schema\/logo\/image\/\",\"url\":\"https:\/\/silhouette.hr\/wp-content\/uploads\/2016\/12\/logoCrni_converted.png\",\"contentUrl\":\"https:\/\/silhouette.hr\/wp-content\/uploads\/2016\/12\/logoCrni_converted.png\",\"width\":739,\"height\":739,\"caption\":\"Silhouette International Institute\"},\"image\":{\"@id\":\"https:\/\/silhouette.hr\/#\/schema\/logo\/image\/\"},\"sameAs\":[\"https:\/\/www.facebook.com\/SilhouetteRijeka\/\"]}]}<\/script>\n<!-- \/ Yoast SEO plugin. -->","yoast_head_json":{"title":"Blog &#060; Silhouette","description":"Zdravo, brzo i u\u010dinkovito mr\u0161avljenje - mi ostvarujemo ono \u0161to vam drugi samo obe\u0107aju.","robots":{"index":"index","follow":"follow","max-snippet":"max-snippet:-1","max-image-preview":"max-image-preview:large","max-video-preview":"max-video-preview:-1"},"canonical":"https:\/\/silhouette.hr\/index.php\/blog\/","og_locale":"en_US","og_type":"article","og_title":"Blog &#060; Silhouette","og_description":"Zdravo, brzo i u\u010dinkovito mr\u0161avljenje - mi ostvarujemo ono \u0161to vam drugi samo obe\u0107aju.","og_url":"https:\/\/silhouette.hr\/index.php\/blog\/","og_site_name":"Silhouette","article_publisher":"https:\/\/www.facebook.com\/SilhouetteRijeka\/","article_modified_time":"2017-06-08T09:11:33+00:00","twitter_card":"summary_large_image","schema":{"@context":"https:\/\/schema.org","@graph":[{"@type":"WebPage","@id":"https:\/\/silhouette.hr\/index.php\/blog\/","url":"https:\/\/silhouette.hr\/index.php\/blog\/","name":"Blog &#060; Silhouette","isPartOf":{"@id":"https:\/\/silhouette.hr\/#website"},"datePublished":"2017-01-25T13:09:15+00:00","dateModified":"2017-06-08T09:11:33+00:00","description":"Zdravo, brzo i u\u010dinkovito mr\u0161avljenje - mi ostvarujemo ono \u0161to vam drugi samo obe\u0107aju.","breadcrumb":{"@id":"https:\/\/silhouette.hr\/index.php\/blog\/#breadcrumb"},"inLanguage":"en-US","potentialAction":[{"@type":"ReadAction","target":["https:\/\/silhouette.hr\/index.php\/blog\/"]}]},{"@type":"BreadcrumbList","@id":"https:\/\/silhouette.hr\/index.php\/blog\/#breadcrumb","itemListElement":[{"@type":"ListItem","position":1,"name":"Home","item":"https:\/\/silhouette.hr\/"},{"@type":"ListItem","position":2,"name":"Blog"}]},{"@type":"WebSite","@id":"https:\/\/silhouette.hr\/#website","url":"https:\/\/silhouette.hr\/","name":"Silhouette","description":"","publisher":{"@id":"https:\/\/silhouette.hr\/#organization"},"potentialAction":[{"@type":"SearchAction","target":{"@type":"EntryPoint","urlTemplate":"https:\/\/silhouette.hr\/?s={search_term_string}"},"query-input":{"@type":"PropertyValueSpecification","valueRequired":true,"valueName":"search_term_string"}}],"inLanguage":"en-US"},{"@type":"Organization","@id":"https:\/\/silhouette.hr\/#organization","name":"Silhouette International Institute","url":"https:\/\/silhouette.hr\/","logo":{"@type":"ImageObject","inLanguage":"en-US","@id":"https:\/\/silhouette.hr\/#\/schema\/logo\/image\/","url":"https:\/\/silhouette.hr\/wp-content\/uploads\/2016\/12\/logoCrni_converted.png","contentUrl":"https:\/\/silhouette.hr\/wp-content\/uploads\/2016\/12\/logoCrni_converted.png","width":739,"height":739,"caption":"Silhouette International Institute"},"image":{"@id":"https:\/\/silhouette.hr\/#\/schema\/logo\/image\/"},"sameAs":["https:\/\/www.facebook.com\/SilhouetteRijeka\/"]}]}},"_links":{"self":[{"href":"https:\/\/silhouette.hr\/index.php\/wp-json\/wp\/v2\/pages\/363"}],"collection":[{"href":"https:\/\/silhouette.hr\/index.php\/wp-json\/wp\/v2\/pages"}],"about":[{"href":"https:\/\/silhouette.hr\/index.php\/wp-json\/wp\/v2\/types\/page"}],"author":[{"embeddable":true,"href":"https:\/\/silhouette.hr\/index.php\/wp-json\/wp\/v2\/users\/1"}],"replies":[{"embeddable":true,"href":"https:\/\/silhouette.hr\/index.php\/wp-json\/wp\/v2\/comments?post=363"}],"version-history":[{"count":5,"href":"https:\/\/silhouette.hr\/index.php\/wp-json\/wp\/v2\/pages\/363\/revisions"}],"predecessor-version":[{"id":705,"href":"https:\/\/silhouette.hr\/index.php\/wp-json\/wp\/v2\/pages\/363\/revisions\/705"}],"wp:attachment":[{"href":"https:\/\/silhouette.hr\/index.php\/wp-json\/wp\/v2\/media?parent=363"}],"curies":[{"name":"wp","href":"https:\/\/api.w.org\/{rel}","templated":true}]}}