{"id":248,"date":"2016-12-07T10:02:20","date_gmt":"2016-12-07T10:02:20","guid":{"rendered":"http:\/\/silhouette.hr.win15.mojsite.com\/?page_id=248"},"modified":"2024-10-14T06:57:05","modified_gmt":"2024-10-14T06:57:05","slug":"fransiza","status":"publish","type":"page","link":"https:\/\/silhouette.hr\/index.php\/fransiza\/","title":{"rendered":"Fran\u0161iza"},"content":{"rendered":"<div>\n<div><div class=\"tx-row \">\n<div class=\"tx-column tx-column-size-1-2\"><img loading=\"lazy\" decoding=\"async\" class=\"wp-image-263 aligncenter\" src=\"http:\/\/silhouette.hr.win15.mojsite.com\/wp-content\/uploads\/2016\/12\/logoCrni_converted-300x300.png\" alt=\"logocrni_converted\" width=\"471\" height=\"471\" srcset=\"https:\/\/silhouette.hr\/wp-content\/uploads\/2016\/12\/logoCrni_converted-300x300.png 300w, https:\/\/silhouette.hr\/wp-content\/uploads\/2016\/12\/logoCrni_converted-150x150.png 150w, https:\/\/silhouette.hr\/wp-content\/uploads\/2016\/12\/logoCrni_converted.png 739w\" sizes=\"(max-width: 471px) 100vw, 471px\" \/><\/div>\n<div class=\"tx-column tx-column-size-1-2\"><\/div>\n<div>\n<div>\n<div><span id=\"m_-4616108491074589482gmail-result_box\" class=\"m_-4616108491074589482gmail-\" lang=\"hr\">Iskustvo, znanje, razvijene metode rada &#8211; \u010ditav sustav poslovanja, izgra\u0111en brend i poznato ime dolazi u va\u0161 grad. Pridru\u017eite se SILHOUETTE timu, postanite dio SILHOUETTE fran\u0161ize!<br \/>\nSILHOUETTE INTERNATIONAL INSTITUTE iza sebe ima veliki broj uspje\u0161nih tretmana, edukacija i jo\u0161 ve\u0107i broj zadovoljnih klijenata.<span title=\"Konstantno ulaganje u znanje i usavr\u0161avanje u\u010dinilo je da na\u0161 \u0446\u0435\u043d\u0442\u0430\u0440 postane jedan od najboljih.\">Konstantno ulaganje u znanje i usavr\u0161avanje u\u010dinilo je da na\u0161 Centar postane jedan od najboljih.<br \/>\n<\/span><span title=\"SILHOUETTE fran\u0161iza za vas predstavlja na\u010din da vodite posao pod dobro poznatim brendom.\">SILHOUETTE fran\u0161iza za vas predstavlja na\u010din kako voditi posao pod dobro poznatim brendom. <\/span><span title=\"\">Vlastiti biznis pod okriljem fran\u0161ize jedan od najboljih na\u010dina za profitabilno poslovanje. <\/span><span title=\"Podrazumeva \u010dvrstu ugovornu vezu izme\u0111u primaoca i davaoca fran\u0161ize, uz stalnu podr\u0161ku.\">Podrazumijeva \u010dvrstu ugovornu vezu izme\u0111u primatelja i davatelja fran\u0161ize, uz stalnu potporu. Namjenjena je svim poduzetnim \u017eenama i mu\u0161karcima koji \u017eele zapo\u010deti ili pro\u0161iriti postoje\u0107i posao.<br \/>\n<\/span><span title=\"Primalac fran\u0161ize, koji postaje deo na\u0161eg tima, dobija pristup informacijama i strategijama poslavanja koje su doprinele na\u0161em uspehu.\">Fran\u0161izoprimac, koji postaje dio na\u0161eg tima, dobiva pristup informacijama i strategijama poslavanja koje su doprinijele na\u0161em uspjehu. <\/span><span title=\"Uz to dobijate svu potrebu obuku i podr\u0161ku za uspe\u0161an razvoj poslovanja.\">Uz to dobivate svu potrebu obuku i podr\u0161ku za uspje\u0161an razvoj poslovanja.<br \/>\n<\/span>Nastupate na tr\u017ei\u0161tu pod okriljem i imenom dobro poznatog brenda SILHOUETTE.<br \/>\nSpremni ste zakora\u010dite u posao budu\u0107nosti, spremni ste u\u010diti ili \u017eelite nadograditi svoje znanje &#8211; dobro\u0161li ste u SILHOUETTE INTERNATIONAL tim. <span title=\"Prijavite se da zajedno \u0161irimo poslovanje, da ba\u0161 vas grad dobije novu oazu lepote!\">Prijavite se da zajedno \u0161irimo poslovanje, da ba\u0161 vas grad dobije novu oazu ljepote!<\/span><\/span><\/p>\n<div class=\"yj6qo ajU\"><\/div>\n<\/div>\n<div><\/div>\n<\/div>\n<div>\n<div>Vi\u0161e o fran\u0161izi pro\u010ditajte <a href=\"http:\/\/silhouette.hr\/wp-content\/uploads\/2020\/08\/SILHOUETTE_F.pdf\">OVDJE<\/a>, a za sve dodatne informacije obratite nam se putem maila\u00a0<a href=\"mailto:silhouetteinstitute@gmail.com\" target=\"_blank\" rel=\"noopener\">silhouetteinstitute@gmail.com<\/a><\/div>\n<div><\/div>\n<\/div><\/div>\n<\/div>\n<div><\/div>\n<div>Prona\u0111ite nas u Puli i na Rabu<\/div>\n<div><\/div>\n<div>\n<p>Silhouette International Institute Pule<br \/>\nCankarova 4<br \/>\n52100 Pula<br \/>\nmail:\u00a0<a href=\"mailto:silhouetteinstitute@gmail.com\">silhouetteinstitute.pula@gmail.com<\/a><br \/>\nTel\u00a0 <a href=\"tel:052217548\">052 217548<\/a><\/p>\n<p>Silhouette International Institute (studio KLA)<br \/>\nPalit 68<br \/>\nRab<br \/>\nmail: <a href=\"mailto:studiokla.silhouette@gmail.com\" target=\"_blank\" rel=\"noopener\">studiokla.silhouette@gmail.com<\/a><br \/>\nTel 0976077168<\/p>\n<\/div>\n<div><\/div>\n<div><\/div>\n<div>\n<\/div>\n<\/div>\n<div><\/div>\n<\/div>\n<div><\/div>\n","protected":false},"excerpt":{"rendered":"<p>Prona\u0111ite nas u Puli i na Rabu Silhouette International Institute Pule Cankarova 4 52100 Pula mail:\u00a0silhouetteinstitute.pula@gmail.com Tel\u00a0 052 217548 Silhouette International Institute (studio KLA) Palit 68 Rab mail: studiokla.silhouette@gmail.com Tel 0976077168<\/p>\n","protected":false},"author":1,"featured_media":0,"parent":0,"menu_order":0,"comment_status":"closed","ping_status":"closed","template":"","meta":{"footnotes":""},"yoast_head":"<!-- This site is optimized with the Yoast SEO plugin v23.5 - https:\/\/yoast.com\/wordpress\/plugins\/seo\/ -->\n<title>Fran\u0161iza &#060; Silhouette<\/title>\n<meta name=\"description\" content=\"Zdravo, brzo i u\u010dinkovito mr\u0161avljenje - mi ostvarujemo ono \u0161to vam drugi samo obe\u0107aju.\" \/>\n<meta name=\"robots\" content=\"index, follow, max-snippet:-1, max-image-preview:large, max-video-preview:-1\" \/>\n<link rel=\"canonical\" href=\"https:\/\/silhouette.hr\/index.php\/fransiza\/\" \/>\n<meta property=\"og:locale\" content=\"en_US\" \/>\n<meta property=\"og:type\" content=\"article\" \/>\n<meta property=\"og:title\" content=\"Fran\u0161iza &#060; Silhouette\" \/>\n<meta property=\"og:description\" content=\"Zdravo, brzo i u\u010dinkovito mr\u0161avljenje - mi ostvarujemo ono \u0161to vam drugi samo obe\u0107aju.\" \/>\n<meta property=\"og:url\" content=\"https:\/\/silhouette.hr\/index.php\/fransiza\/\" \/>\n<meta property=\"og:site_name\" content=\"Silhouette\" \/>\n<meta property=\"article:publisher\" content=\"https:\/\/www.facebook.com\/SilhouetteRijeka\/\" \/>\n<meta property=\"article:modified_time\" content=\"2024-10-14T06:57:05+00:00\" \/>\n<meta property=\"og:image\" content=\"http:\/\/silhouette.hr.win15.mojsite.com\/wp-content\/uploads\/2016\/12\/logoCrni_converted-300x300.png\" \/>\n<meta name=\"twitter:card\" content=\"summary_large_image\" \/>\n<meta name=\"twitter:label1\" content=\"Est. reading time\" \/>\n\t<meta name=\"twitter:data1\" content=\"2 minutes\" \/>\n<script type=\"application\/ld+json\" class=\"yoast-schema-graph\">{\"@context\":\"https:\/\/schema.org\",\"@graph\":[{\"@type\":\"WebPage\",\"@id\":\"https:\/\/silhouette.hr\/index.php\/fransiza\/\",\"url\":\"https:\/\/silhouette.hr\/index.php\/fransiza\/\",\"name\":\"Fran\u0161iza &#060; Silhouette\",\"isPartOf\":{\"@id\":\"https:\/\/silhouette.hr\/#website\"},\"primaryImageOfPage\":{\"@id\":\"https:\/\/silhouette.hr\/index.php\/fransiza\/#primaryimage\"},\"image\":{\"@id\":\"https:\/\/silhouette.hr\/index.php\/fransiza\/#primaryimage\"},\"thumbnailUrl\":\"http:\/\/silhouette.hr.win15.mojsite.com\/wp-content\/uploads\/2016\/12\/logoCrni_converted-300x300.png\",\"datePublished\":\"2016-12-07T10:02:20+00:00\",\"dateModified\":\"2024-10-14T06:57:05+00:00\",\"description\":\"Zdravo, brzo i u\u010dinkovito mr\u0161avljenje - mi ostvarujemo ono \u0161to vam drugi samo obe\u0107aju.\",\"breadcrumb\":{\"@id\":\"https:\/\/silhouette.hr\/index.php\/fransiza\/#breadcrumb\"},\"inLanguage\":\"en-US\",\"potentialAction\":[{\"@type\":\"ReadAction\",\"target\":[\"https:\/\/silhouette.hr\/index.php\/fransiza\/\"]}]},{\"@type\":\"ImageObject\",\"inLanguage\":\"en-US\",\"@id\":\"https:\/\/silhouette.hr\/index.php\/fransiza\/#primaryimage\",\"url\":\"http:\/\/silhouette.hr.win15.mojsite.com\/wp-content\/uploads\/2016\/12\/logoCrni_converted-300x300.png\",\"contentUrl\":\"http:\/\/silhouette.hr.win15.mojsite.com\/wp-content\/uploads\/2016\/12\/logoCrni_converted-300x300.png\"},{\"@type\":\"BreadcrumbList\",\"@id\":\"https:\/\/silhouette.hr\/index.php\/fransiza\/#breadcrumb\",\"itemListElement\":[{\"@type\":\"ListItem\",\"position\":1,\"name\":\"Home\",\"item\":\"https:\/\/silhouette.hr\/\"},{\"@type\":\"ListItem\",\"position\":2,\"name\":\"Fran\u0161iza\"}]},{\"@type\":\"WebSite\",\"@id\":\"https:\/\/silhouette.hr\/#website\",\"url\":\"https:\/\/silhouette.hr\/\",\"name\":\"Silhouette\",\"description\":\"\",\"publisher\":{\"@id\":\"https:\/\/silhouette.hr\/#organization\"},\"potentialAction\":[{\"@type\":\"SearchAction\",\"target\":{\"@type\":\"EntryPoint\",\"urlTemplate\":\"https:\/\/silhouette.hr\/?s={search_term_string}\"},\"query-input\":{\"@type\":\"PropertyValueSpecification\",\"valueRequired\":true,\"valueName\":\"search_term_string\"}}],\"inLanguage\":\"en-US\"},{\"@type\":\"Organization\",\"@id\":\"https:\/\/silhouette.hr\/#organization\",\"name\":\"Silhouette International Institute\",\"url\":\"https:\/\/silhouette.hr\/\",\"logo\":{\"@type\":\"ImageObject\",\"inLanguage\":\"en-US\",\"@id\":\"https:\/\/silhouette.hr\/#\/schema\/logo\/image\/\",\"url\":\"https:\/\/silhouette.hr\/wp-content\/uploads\/2016\/12\/logoCrni_converted.png\",\"contentUrl\":\"https:\/\/silhouette.hr\/wp-content\/uploads\/2016\/12\/logoCrni_converted.png\",\"width\":739,\"height\":739,\"caption\":\"Silhouette International Institute\"},\"image\":{\"@id\":\"https:\/\/silhouette.hr\/#\/schema\/logo\/image\/\"},\"sameAs\":[\"https:\/\/www.facebook.com\/SilhouetteRijeka\/\"]}]}<\/script>\n<!-- \/ Yoast SEO plugin. -->","yoast_head_json":{"title":"Fran\u0161iza &#060; Silhouette","description":"Zdravo, brzo i u\u010dinkovito mr\u0161avljenje - mi ostvarujemo ono \u0161to vam drugi samo obe\u0107aju.","robots":{"index":"index","follow":"follow","max-snippet":"max-snippet:-1","max-image-preview":"max-image-preview:large","max-video-preview":"max-video-preview:-1"},"canonical":"https:\/\/silhouette.hr\/index.php\/fransiza\/","og_locale":"en_US","og_type":"article","og_title":"Fran\u0161iza &#060; Silhouette","og_description":"Zdravo, brzo i u\u010dinkovito mr\u0161avljenje - mi ostvarujemo ono \u0161to vam drugi samo obe\u0107aju.","og_url":"https:\/\/silhouette.hr\/index.php\/fransiza\/","og_site_name":"Silhouette","article_publisher":"https:\/\/www.facebook.com\/SilhouetteRijeka\/","article_modified_time":"2024-10-14T06:57:05+00:00","og_image":[{"url":"http:\/\/silhouette.hr.win15.mojsite.com\/wp-content\/uploads\/2016\/12\/logoCrni_converted-300x300.png"}],"twitter_card":"summary_large_image","twitter_misc":{"Est. reading time":"2 minutes"},"schema":{"@context":"https:\/\/schema.org","@graph":[{"@type":"WebPage","@id":"https:\/\/silhouette.hr\/index.php\/fransiza\/","url":"https:\/\/silhouette.hr\/index.php\/fransiza\/","name":"Fran\u0161iza &#060; Silhouette","isPartOf":{"@id":"https:\/\/silhouette.hr\/#website"},"primaryImageOfPage":{"@id":"https:\/\/silhouette.hr\/index.php\/fransiza\/#primaryimage"},"image":{"@id":"https:\/\/silhouette.hr\/index.php\/fransiza\/#primaryimage"},"thumbnailUrl":"http:\/\/silhouette.hr.win15.mojsite.com\/wp-content\/uploads\/2016\/12\/logoCrni_converted-300x300.png","datePublished":"2016-12-07T10:02:20+00:00","dateModified":"2024-10-14T06:57:05+00:00","description":"Zdravo, brzo i u\u010dinkovito mr\u0161avljenje - mi ostvarujemo ono \u0161to vam drugi samo obe\u0107aju.","breadcrumb":{"@id":"https:\/\/silhouette.hr\/index.php\/fransiza\/#breadcrumb"},"inLanguage":"en-US","potentialAction":[{"@type":"ReadAction","target":["https:\/\/silhouette.hr\/index.php\/fransiza\/"]}]},{"@type":"ImageObject","inLanguage":"en-US","@id":"https:\/\/silhouette.hr\/index.php\/fransiza\/#primaryimage","url":"http:\/\/silhouette.hr.win15.mojsite.com\/wp-content\/uploads\/2016\/12\/logoCrni_converted-300x300.png","contentUrl":"http:\/\/silhouette.hr.win15.mojsite.com\/wp-content\/uploads\/2016\/12\/logoCrni_converted-300x300.png"},{"@type":"BreadcrumbList","@id":"https:\/\/silhouette.hr\/index.php\/fransiza\/#breadcrumb","itemListElement":[{"@type":"ListItem","position":1,"name":"Home","item":"https:\/\/silhouette.hr\/"},{"@type":"ListItem","position":2,"name":"Fran\u0161iza"}]},{"@type":"WebSite","@id":"https:\/\/silhouette.hr\/#website","url":"https:\/\/silhouette.hr\/","name":"Silhouette","description":"","publisher":{"@id":"https:\/\/silhouette.hr\/#organization"},"potentialAction":[{"@type":"SearchAction","target":{"@type":"EntryPoint","urlTemplate":"https:\/\/silhouette.hr\/?s={search_term_string}"},"query-input":{"@type":"PropertyValueSpecification","valueRequired":true,"valueName":"search_term_string"}}],"inLanguage":"en-US"},{"@type":"Organization","@id":"https:\/\/silhouette.hr\/#organization","name":"Silhouette International Institute","url":"https:\/\/silhouette.hr\/","logo":{"@type":"ImageObject","inLanguage":"en-US","@id":"https:\/\/silhouette.hr\/#\/schema\/logo\/image\/","url":"https:\/\/silhouette.hr\/wp-content\/uploads\/2016\/12\/logoCrni_converted.png","contentUrl":"https:\/\/silhouette.hr\/wp-content\/uploads\/2016\/12\/logoCrni_converted.png","width":739,"height":739,"caption":"Silhouette International Institute"},"image":{"@id":"https:\/\/silhouette.hr\/#\/schema\/logo\/image\/"},"sameAs":["https:\/\/www.facebook.com\/SilhouetteRijeka\/"]}]}},"_links":{"self":[{"href":"https:\/\/silhouette.hr\/index.php\/wp-json\/wp\/v2\/pages\/248"}],"collection":[{"href":"https:\/\/silhouette.hr\/index.php\/wp-json\/wp\/v2\/pages"}],"about":[{"href":"https:\/\/silhouette.hr\/index.php\/wp-json\/wp\/v2\/types\/page"}],"author":[{"embeddable":true,"href":"https:\/\/silhouette.hr\/index.php\/wp-json\/wp\/v2\/users\/1"}],"replies":[{"embeddable":true,"href":"https:\/\/silhouette.hr\/index.php\/wp-json\/wp\/v2\/comments?post=248"}],"version-history":[{"count":14,"href":"https:\/\/silhouette.hr\/index.php\/wp-json\/wp\/v2\/pages\/248\/revisions"}],"predecessor-version":[{"id":1052,"href":"https:\/\/silhouette.hr\/index.php\/wp-json\/wp\/v2\/pages\/248\/revisions\/1052"}],"wp:attachment":[{"href":"https:\/\/silhouette.hr\/index.php\/wp-json\/wp\/v2\/media?parent=248"}],"curies":[{"name":"wp","href":"https:\/\/api.w.org\/{rel}","templated":true}]}}