{"id":240,"date":"2016-12-07T09:37:58","date_gmt":"2016-12-07T09:37:58","guid":{"rendered":"http:\/\/silhouette.hr.win15.mojsite.com\/?page_id=240"},"modified":"2017-03-13T08:22:11","modified_gmt":"2017-03-13T08:22:11","slug":"drugi-o-nama","status":"publish","type":"page","link":"https:\/\/silhouette.hr\/index.php\/drugi-o-nama\/","title":{"rendered":"One su uspjele"},"content":{"rendered":"<p>Na\u0161a najbolja reklama je zadovoljstvo n\u0161ih klijentica.<\/p>\n<p>Na\u0161a vedra i nasmijana VANJA <strong>dokazala je kako je ja\u010da od svog najja\u010degi zgovora<\/strong>! \u00a0Njena volja i Silhouette metode pokazale su zavidne rezultate: <strong>smr\u0161avila je 38 kg, i izgubila 2 m i 20 cm<\/strong> u obujmu. I kako ne biste pomislili da je njen uspjeh kratkog vijeka<u>, ve\u0107 6 godina odr\u017eava ovu prekrasnu figuru<\/u> u na\u0161em centru!<\/p>\n<p><img loading=\"lazy\" decoding=\"async\" class=\"wp-image-468 aligncenter\" src=\"http:\/\/silhouette.hr\/wp-content\/uploads\/2016\/12\/Silhouette-Prije-i-Poslije1-VANJA-VITEZICA-300x136.jpg\" alt=\"MR\u0160AVLJENJE RIJEKA \" width=\"600\" height=\"272\" srcset=\"https:\/\/silhouette.hr\/wp-content\/uploads\/2016\/12\/Silhouette-Prije-i-Poslije1-VANJA-VITEZICA-300x136.jpg 300w, https:\/\/silhouette.hr\/wp-content\/uploads\/2016\/12\/Silhouette-Prije-i-Poslije1-VANJA-VITEZICA-768x349.jpg 768w, https:\/\/silhouette.hr\/wp-content\/uploads\/2016\/12\/Silhouette-Prije-i-Poslije1-VANJA-VITEZICA.jpg 1013w\" sizes=\"(max-width: 600px) 100vw, 600px\" \/><\/p>\n<p><strong><em>\u201eJa sam dokazala da kad ne\u0161to \u017eeli\u0161 to i mo\u017ee\u0161 izgubila sam 38kg i 2.20 u obujmu tijela. Hvala vam od srca jer bez vas te\u0161ko. Svi vi koji mislite da ne mo\u017eete vjerujte mo\u017ee se sve &#8211; samo krenite!\u201c <\/em><\/strong><\/p>\n<p style=\"text-align: right;\">Vanja Vitezica<\/p>\n<p>Na\u0161a draga IVANKA pravi je dokaz da upornost i pozitivan stav u kombinaciji sa Silhouette metodama mr\u0161avljenja vode direktno do uspjeha. Njena transformacija ne samo da je imala velik utjecaj na zdravlje ve\u0107 i na njeno samopouzdanje, a nas je u\u010dinila iznimno ponosnima!<\/p>\n<p><img loading=\"lazy\" decoding=\"async\" class=\"wp-image-467 aligncenter\" src=\"http:\/\/silhouette.hr\/wp-content\/uploads\/2016\/12\/Silhouette-Prije-i-Poslije-IVANKA2-300x136.jpg\" alt=\"MR\u0160AVLJENJE RIJEKA\" width=\"600\" height=\"272\" srcset=\"https:\/\/silhouette.hr\/wp-content\/uploads\/2016\/12\/Silhouette-Prije-i-Poslije-IVANKA2-300x136.jpg 300w, https:\/\/silhouette.hr\/wp-content\/uploads\/2016\/12\/Silhouette-Prije-i-Poslije-IVANKA2-768x349.jpg 768w, https:\/\/silhouette.hr\/wp-content\/uploads\/2016\/12\/Silhouette-Prije-i-Poslije-IVANKA2.jpg 1013w\" sizes=\"(max-width: 600px) 100vw, 600px\" \/><\/p>\n<p><strong><em>\u201eSvi ka\u017eu da je najte\u017ee po\u010deti, ali ja bih rekla da je te\u0161ko ostati ustrajan. Zahvaljuju\u0107i curama iz Silhouette centra koje su od samog po\u010detka bile velika podr\u0161ka i \u010dinjenici da sam ve\u0107 nakon nekoliko dolazaka i sama vidjela rezultate imala sam potrebnu motivaciju i nadma\u0161ila sva svoja o\u010dekivanja.\u201e<\/em><\/strong><\/p>\n<p style=\"text-align: right;\">Ivanka<\/p>\n<p style=\"text-align: left;\">\n<p>MARIJANA je pravi primjer zaposlene majke \u010diji stresan posao podrazumijeva osmosatno sjedenje u uredu \u0161to je njen fizi\u010dki izgled ali i zdravlje dovelo u nezavidan polo\u017eaj. Od trenutka kada je odlu\u010dila da je vrijeme za promjenu i posjetila na\u0161 centar kilogrami i centimetri su po\u010deli nestajati, a njeno zadovoljstvo postignutim rezultatima vidjelo se &#8216;iz aviona&#8217;.<\/p>\n<p><img loading=\"lazy\" decoding=\"async\" class=\"wp-image-473 aligncenter\" src=\"http:\/\/silhouette.hr\/wp-content\/uploads\/2016\/12\/marajna_prije_poslje-300x253.jpg\" alt=\"MRSAVLJENJE RIJEKA\" width=\"531\" height=\"448\" srcset=\"https:\/\/silhouette.hr\/wp-content\/uploads\/2016\/12\/marajna_prije_poslje-300x253.jpg 300w, https:\/\/silhouette.hr\/wp-content\/uploads\/2016\/12\/marajna_prije_poslje.jpg 501w\" sizes=\"(max-width: 531px) 100vw, 531px\" \/><\/p>\n<p><strong><em>\u201ePorod i odluka o prestanku pu\u0161enja uzrokovali su u mom slu\u010daju gomilanje kilograma. kada sam po\u010dela s programom te\u017eila sam 109 kg, \u0161to zna\u010di da sam u 7 mjeseci izgubila 22 kilograma i nevjerojatnih 110 cm obujma tijela, te otprilike 4 konfekcijska broja. Moj je program dola\u017eenja bio 2 do 3 puta tjedno i svaki put sam bila lak\u0161a za pola kilograma. Kombinacija mojeg entuzijazma koji se pove\u0107avao sa svakim izgubljenim kilogramom i efikasni programi tima centra za mr\u0161avljenje klju\u010d su mog uspjeha.\u201c<\/em><\/strong><\/p>\n<p style=\"text-align: right;\">Marijana Grube\u0161i\u0107<\/p>\n<p style=\"text-align: left;\">\n<p>DANIJELA nam u Silhouette centar dolazi ve\u0107 godinu dana. Prekrasan osmijeh je tu od prvog dana ali za ovakvo\u00a0 samopouzdanje i liniju kakvom se danas mo\u017ee pohvaliti zaslu\u017ena je njena velika volja i naravno u\u010dinkovite i zdrave Silhouette metode mr\u0161avljenja i oblikovanja tijela.<\/p>\n<p><img loading=\"lazy\" decoding=\"async\" class=\"wp-image-474 aligncenter\" src=\"http:\/\/silhouette.hr\/wp-content\/uploads\/2016\/12\/Danijela.jpg\" alt=\"MR\u0160AVLJENJE RIJEKA\" width=\"494\" height=\"494\" srcset=\"https:\/\/silhouette.hr\/wp-content\/uploads\/2016\/12\/Danijela.jpg 300w, https:\/\/silhouette.hr\/wp-content\/uploads\/2016\/12\/Danijela-150x150.jpg 150w\" sizes=\"(max-width: 494px) 100vw, 494px\" \/><\/p>\n<p><strong>\u201eZa cure koje rade u Silhouette centru imam samo rije\u010di pohvale i stvarno mi je drago da sam se odlu\u010dila na ovaj korak.\u201c<\/strong><\/p>\n<p style=\"text-align: right;\">Danijela<\/p>\n<div class=\"tx-testiin\"><div class=\"tx-testimonials\"><div class=\"tx-testi-item\" style=\"\"><span class=\"tx-testi-text\">U 7 mjeseci sam lak\u0161a 22kg i nevjerojatnih 110cm.<\/span><span class=\"tx-testi-name\">Marjana G.<\/span><span class=\"tx-testi-desig\">knjigovotkinja, <\/span><span class=\"tx-testi-org\"><\/span><\/div><div class=\"tx-testi-item\" style=\"\"><span class=\"tx-testi-text\">I nama manekenkama treba Silhouette.<\/span><span class=\"tx-testi-name\">Ines Jovanovi\u0107<\/span><span class=\"tx-testi-desig\">miss turizma 2006., <\/span><span class=\"tx-testi-org\"><\/span><\/div><div class=\"tx-testi-item\" style=\"\"><span class=\"tx-testi-text\">Toplo preporu\u010dam svim \u017eenama koje dr\u017ee do svog zdravlja i izgleda.<\/span><span class=\"tx-testi-name\">Barbara I.<\/span><span class=\"tx-testi-desig\">fotomodel, <\/span><span class=\"tx-testi-org\"><\/span><\/div><div class=\"tx-testi-item\" style=\"\"><span class=\"tx-testi-text\">Postigla sam nevjerojatan uspjeh za 7 mjeseci. Rezultat je minus 15kg. Zaista nisam vjerovala da to mogu.\r\nHvala im!<\/span><span class=\"tx-testi-name\">Vivien Galetta<\/span><span class=\"tx-testi-desig\">pjeva\u010dica, <\/span><span class=\"tx-testi-org\"><\/span><\/div><\/div><\/div>\n<p>&nbsp;<\/p>\n","protected":false},"excerpt":{"rendered":"<p>Na\u0161a najbolja reklama je zadovoljstvo n\u0161ih klijentica. Na\u0161a vedra i nasmijana VANJA dokazala je kako je ja\u010da od svog najja\u010degi zgovora! \u00a0Njena volja i Silhouette metode pokazale su zavidne rezultate: smr\u0161avila je<a class=\"moretag\" href=\"https:\/\/silhouette.hr\/?testimonials=testemonial-vivien\">Read More&#8230;<\/a><\/p>\n","protected":false},"author":1,"featured_media":0,"parent":0,"menu_order":0,"comment_status":"closed","ping_status":"closed","template":"","meta":{"footnotes":""},"yoast_head":"<!-- This site is optimized with the Yoast SEO plugin v23.5 - https:\/\/yoast.com\/wordpress\/plugins\/seo\/ -->\n<title>One su uspjele &#060; Silhouette<\/title>\n<meta name=\"description\" content=\"Zdravo, brzo i u\u010dinkovito mr\u0161avljenje - mi ostvarujemo ono \u0161to vam drugi samo obe\u0107aju.\" \/>\n<meta name=\"robots\" content=\"index, follow, max-snippet:-1, max-image-preview:large, max-video-preview:-1\" \/>\n<link rel=\"canonical\" href=\"https:\/\/silhouette.hr\/index.php\/drugi-o-nama\/\" \/>\n<meta property=\"og:locale\" content=\"en_US\" \/>\n<meta property=\"og:type\" content=\"article\" \/>\n<meta property=\"og:title\" content=\"One su uspjele &#060; Silhouette\" \/>\n<meta property=\"og:description\" content=\"Zdravo, brzo i u\u010dinkovito mr\u0161avljenje - mi ostvarujemo ono \u0161to vam drugi samo obe\u0107aju.\" \/>\n<meta property=\"og:url\" content=\"https:\/\/silhouette.hr\/index.php\/drugi-o-nama\/\" \/>\n<meta property=\"og:site_name\" content=\"Silhouette\" \/>\n<meta property=\"article:publisher\" content=\"https:\/\/www.facebook.com\/SilhouetteRijeka\/\" \/>\n<meta property=\"article:modified_time\" content=\"2017-03-13T08:22:11+00:00\" \/>\n<meta property=\"og:image\" content=\"http:\/\/silhouette.hr\/wp-content\/uploads\/2016\/12\/Silhouette-Prije-i-Poslije1-VANJA-VITEZICA-300x136.jpg\" \/>\n<meta name=\"twitter:card\" content=\"summary_large_image\" \/>\n<meta name=\"twitter:label1\" content=\"Est. reading time\" \/>\n\t<meta name=\"twitter:data1\" content=\"2 minutes\" \/>\n<script type=\"application\/ld+json\" class=\"yoast-schema-graph\">{\"@context\":\"https:\/\/schema.org\",\"@graph\":[{\"@type\":\"WebPage\",\"@id\":\"https:\/\/silhouette.hr\/index.php\/drugi-o-nama\/\",\"url\":\"https:\/\/silhouette.hr\/index.php\/drugi-o-nama\/\",\"name\":\"One su uspjele &#060; Silhouette\",\"isPartOf\":{\"@id\":\"https:\/\/silhouette.hr\/#website\"},\"primaryImageOfPage\":{\"@id\":\"https:\/\/silhouette.hr\/index.php\/drugi-o-nama\/#primaryimage\"},\"image\":{\"@id\":\"https:\/\/silhouette.hr\/index.php\/drugi-o-nama\/#primaryimage\"},\"thumbnailUrl\":\"http:\/\/silhouette.hr\/wp-content\/uploads\/2016\/12\/Silhouette-Prije-i-Poslije1-VANJA-VITEZICA-300x136.jpg\",\"datePublished\":\"2016-12-07T09:37:58+00:00\",\"dateModified\":\"2017-03-13T08:22:11+00:00\",\"description\":\"Zdravo, brzo i u\u010dinkovito mr\u0161avljenje - mi ostvarujemo ono \u0161to vam drugi samo obe\u0107aju.\",\"breadcrumb\":{\"@id\":\"https:\/\/silhouette.hr\/index.php\/drugi-o-nama\/#breadcrumb\"},\"inLanguage\":\"en-US\",\"potentialAction\":[{\"@type\":\"ReadAction\",\"target\":[\"https:\/\/silhouette.hr\/index.php\/drugi-o-nama\/\"]}]},{\"@type\":\"ImageObject\",\"inLanguage\":\"en-US\",\"@id\":\"https:\/\/silhouette.hr\/index.php\/drugi-o-nama\/#primaryimage\",\"url\":\"https:\/\/silhouette.hr\/wp-content\/uploads\/2016\/12\/Silhouette-Prije-i-Poslije1-VANJA-VITEZICA.jpg\",\"contentUrl\":\"https:\/\/silhouette.hr\/wp-content\/uploads\/2016\/12\/Silhouette-Prije-i-Poslije1-VANJA-VITEZICA.jpg\",\"width\":1013,\"height\":460,\"caption\":\"MR\u0160AVLJENJE RIJEKA\"},{\"@type\":\"BreadcrumbList\",\"@id\":\"https:\/\/silhouette.hr\/index.php\/drugi-o-nama\/#breadcrumb\",\"itemListElement\":[{\"@type\":\"ListItem\",\"position\":1,\"name\":\"Home\",\"item\":\"https:\/\/silhouette.hr\/\"},{\"@type\":\"ListItem\",\"position\":2,\"name\":\"One su uspjele\"}]},{\"@type\":\"WebSite\",\"@id\":\"https:\/\/silhouette.hr\/#website\",\"url\":\"https:\/\/silhouette.hr\/\",\"name\":\"Silhouette\",\"description\":\"\",\"publisher\":{\"@id\":\"https:\/\/silhouette.hr\/#organization\"},\"potentialAction\":[{\"@type\":\"SearchAction\",\"target\":{\"@type\":\"EntryPoint\",\"urlTemplate\":\"https:\/\/silhouette.hr\/?s={search_term_string}\"},\"query-input\":{\"@type\":\"PropertyValueSpecification\",\"valueRequired\":true,\"valueName\":\"search_term_string\"}}],\"inLanguage\":\"en-US\"},{\"@type\":\"Organization\",\"@id\":\"https:\/\/silhouette.hr\/#organization\",\"name\":\"Silhouette International Institute\",\"url\":\"https:\/\/silhouette.hr\/\",\"logo\":{\"@type\":\"ImageObject\",\"inLanguage\":\"en-US\",\"@id\":\"https:\/\/silhouette.hr\/#\/schema\/logo\/image\/\",\"url\":\"https:\/\/silhouette.hr\/wp-content\/uploads\/2016\/12\/logoCrni_converted.png\",\"contentUrl\":\"https:\/\/silhouette.hr\/wp-content\/uploads\/2016\/12\/logoCrni_converted.png\",\"width\":739,\"height\":739,\"caption\":\"Silhouette International Institute\"},\"image\":{\"@id\":\"https:\/\/silhouette.hr\/#\/schema\/logo\/image\/\"},\"sameAs\":[\"https:\/\/www.facebook.com\/SilhouetteRijeka\/\"]}]}<\/script>\n<!-- \/ Yoast SEO plugin. -->","yoast_head_json":{"title":"One su uspjele &#060; Silhouette","description":"Zdravo, brzo i u\u010dinkovito mr\u0161avljenje - mi ostvarujemo ono \u0161to vam drugi samo obe\u0107aju.","robots":{"index":"index","follow":"follow","max-snippet":"max-snippet:-1","max-image-preview":"max-image-preview:large","max-video-preview":"max-video-preview:-1"},"canonical":"https:\/\/silhouette.hr\/index.php\/drugi-o-nama\/","og_locale":"en_US","og_type":"article","og_title":"One su uspjele &#060; Silhouette","og_description":"Zdravo, brzo i u\u010dinkovito mr\u0161avljenje - mi ostvarujemo ono \u0161to vam drugi samo obe\u0107aju.","og_url":"https:\/\/silhouette.hr\/index.php\/drugi-o-nama\/","og_site_name":"Silhouette","article_publisher":"https:\/\/www.facebook.com\/SilhouetteRijeka\/","article_modified_time":"2017-03-13T08:22:11+00:00","og_image":[{"url":"http:\/\/silhouette.hr\/wp-content\/uploads\/2016\/12\/Silhouette-Prije-i-Poslije1-VANJA-VITEZICA-300x136.jpg"}],"twitter_card":"summary_large_image","twitter_misc":{"Est. reading time":"2 minutes"},"schema":{"@context":"https:\/\/schema.org","@graph":[{"@type":"WebPage","@id":"https:\/\/silhouette.hr\/index.php\/drugi-o-nama\/","url":"https:\/\/silhouette.hr\/index.php\/drugi-o-nama\/","name":"One su uspjele &#060; Silhouette","isPartOf":{"@id":"https:\/\/silhouette.hr\/#website"},"primaryImageOfPage":{"@id":"https:\/\/silhouette.hr\/index.php\/drugi-o-nama\/#primaryimage"},"image":{"@id":"https:\/\/silhouette.hr\/index.php\/drugi-o-nama\/#primaryimage"},"thumbnailUrl":"http:\/\/silhouette.hr\/wp-content\/uploads\/2016\/12\/Silhouette-Prije-i-Poslije1-VANJA-VITEZICA-300x136.jpg","datePublished":"2016-12-07T09:37:58+00:00","dateModified":"2017-03-13T08:22:11+00:00","description":"Zdravo, brzo i u\u010dinkovito mr\u0161avljenje - mi ostvarujemo ono \u0161to vam drugi samo obe\u0107aju.","breadcrumb":{"@id":"https:\/\/silhouette.hr\/index.php\/drugi-o-nama\/#breadcrumb"},"inLanguage":"en-US","potentialAction":[{"@type":"ReadAction","target":["https:\/\/silhouette.hr\/index.php\/drugi-o-nama\/"]}]},{"@type":"ImageObject","inLanguage":"en-US","@id":"https:\/\/silhouette.hr\/index.php\/drugi-o-nama\/#primaryimage","url":"https:\/\/silhouette.hr\/wp-content\/uploads\/2016\/12\/Silhouette-Prije-i-Poslije1-VANJA-VITEZICA.jpg","contentUrl":"https:\/\/silhouette.hr\/wp-content\/uploads\/2016\/12\/Silhouette-Prije-i-Poslije1-VANJA-VITEZICA.jpg","width":1013,"height":460,"caption":"MR\u0160AVLJENJE RIJEKA"},{"@type":"BreadcrumbList","@id":"https:\/\/silhouette.hr\/index.php\/drugi-o-nama\/#breadcrumb","itemListElement":[{"@type":"ListItem","position":1,"name":"Home","item":"https:\/\/silhouette.hr\/"},{"@type":"ListItem","position":2,"name":"One su uspjele"}]},{"@type":"WebSite","@id":"https:\/\/silhouette.hr\/#website","url":"https:\/\/silhouette.hr\/","name":"Silhouette","description":"","publisher":{"@id":"https:\/\/silhouette.hr\/#organization"},"potentialAction":[{"@type":"SearchAction","target":{"@type":"EntryPoint","urlTemplate":"https:\/\/silhouette.hr\/?s={search_term_string}"},"query-input":{"@type":"PropertyValueSpecification","valueRequired":true,"valueName":"search_term_string"}}],"inLanguage":"en-US"},{"@type":"Organization","@id":"https:\/\/silhouette.hr\/#organization","name":"Silhouette International Institute","url":"https:\/\/silhouette.hr\/","logo":{"@type":"ImageObject","inLanguage":"en-US","@id":"https:\/\/silhouette.hr\/#\/schema\/logo\/image\/","url":"https:\/\/silhouette.hr\/wp-content\/uploads\/2016\/12\/logoCrni_converted.png","contentUrl":"https:\/\/silhouette.hr\/wp-content\/uploads\/2016\/12\/logoCrni_converted.png","width":739,"height":739,"caption":"Silhouette International Institute"},"image":{"@id":"https:\/\/silhouette.hr\/#\/schema\/logo\/image\/"},"sameAs":["https:\/\/www.facebook.com\/SilhouetteRijeka\/"]}]}},"_links":{"self":[{"href":"https:\/\/silhouette.hr\/index.php\/wp-json\/wp\/v2\/pages\/240"}],"collection":[{"href":"https:\/\/silhouette.hr\/index.php\/wp-json\/wp\/v2\/pages"}],"about":[{"href":"https:\/\/silhouette.hr\/index.php\/wp-json\/wp\/v2\/types\/page"}],"author":[{"embeddable":true,"href":"https:\/\/silhouette.hr\/index.php\/wp-json\/wp\/v2\/users\/1"}],"replies":[{"embeddable":true,"href":"https:\/\/silhouette.hr\/index.php\/wp-json\/wp\/v2\/comments?post=240"}],"version-history":[{"count":11,"href":"https:\/\/silhouette.hr\/index.php\/wp-json\/wp\/v2\/pages\/240\/revisions"}],"predecessor-version":[{"id":472,"href":"https:\/\/silhouette.hr\/index.php\/wp-json\/wp\/v2\/pages\/240\/revisions\/472"}],"wp:attachment":[{"href":"https:\/\/silhouette.hr\/index.php\/wp-json\/wp\/v2\/media?parent=240"}],"curies":[{"name":"wp","href":"https:\/\/api.w.org\/{rel}","templated":true}]}}