{"id":123,"date":"2016-12-05T17:40:25","date_gmt":"2016-12-05T17:40:25","guid":{"rendered":"http:\/\/silhouette.hr.win15.mojsite.com\/?page_id=123"},"modified":"2024-10-14T06:50:53","modified_gmt":"2024-10-14T06:50:53","slug":"zdravo-mrsavljenje","status":"publish","type":"page","link":"https:\/\/silhouette.hr\/","title":{"rendered":"Zdravo mr\u0161avljenje"},"content":{"rendered":"<p style=\"text-align: left;\"><div class=\"tx-row \">\n<div class=\"tx-column tx-column-size-1-4\"><img loading=\"lazy\" decoding=\"async\" class=\" wp-image-209 aligncenter\" src=\"http:\/\/silhouette.hr\/wp-content\/uploads\/2016\/12\/besplatno_savjetovanje.png\" alt=\"besplatno_savjetovanje\" width=\"99\" height=\"99\" \/><\/p>\n<p style=\"text-align: center\"><strong>INDIVIDUALAN PRISTUP<\/strong><\/p>\n<p style=\"text-align: left\"><\/div>\n<div class=\"tx-column tx-column-size-1-4\"><img loading=\"lazy\" decoding=\"async\" class=\" wp-image-211 aligncenter\" src=\"http:\/\/silhouette.hr\/wp-content\/uploads\/2016\/12\/mrsavljenjeSivo.png\" alt=\"mrsavljenjesivo\" width=\"99\" height=\"99\" \/><\/p>\n<p style=\"text-align: center\"><strong>PRILAGO\u0110ENI PROGRAMI<\/strong><\/p>\n<p style=\"text-align: left\"><\/div>\n<div class=\"tx-column tx-column-size-1-4\"><img loading=\"lazy\" decoding=\"async\" class=\" wp-image-210 aligncenter\" src=\"http:\/\/silhouette.hr\/wp-content\/uploads\/2016\/12\/garancija.jpg\" alt=\"garancija\" width=\"99\" height=\"99\" \/><\/p>\n<p style=\"text-align: center\"><strong>PISMENA GARANCIJA<\/strong><\/p>\n<p style=\"text-align: left\"><\/div>\n<div class=\"tx-column tx-column-size-1-4\"><img loading=\"lazy\" decoding=\"async\" class=\" wp-image-208 aligncenter\" src=\"http:\/\/silhouette.hr\/wp-content\/uploads\/2016\/12\/asistencija.png\" alt=\"asistencija\" width=\"99\" height=\"99\" \/><\/p>\n<p style=\"text-align: center\"><strong>24\/7 ASISTENCIJA<\/strong><\/p>\n<p style=\"text-align: left\"><\/div>\n<\/div>\n<h2 style=\"text-align: center;\">CELU M6 INTEGRAL<\/h2>\n<p style=\"text-align: left;\"><div class=\"tx-row \">\n<div class=\"tx-column tx-column-size-1-2\">\n<p style=\"text-align: left\"><img loading=\"lazy\" decoding=\"async\" class=\" wp-image-906 aligncenter\" src=\"http:\/\/silhouette.hr\/wp-content\/uploads\/2016\/12\/lpg-239x300.jpg\" alt=\"lpg\" width=\"412\" height=\"517\" srcset=\"https:\/\/silhouette.hr\/wp-content\/uploads\/2016\/12\/lpg-239x300.jpg 239w, https:\/\/silhouette.hr\/wp-content\/uploads\/2016\/12\/lpg.jpg 373w\" sizes=\"(max-width: 412px) 100vw, 412px\" \/><\/p>\n<p style=\"text-align: left\"><\/div>\n<div class=\"tx-column tx-column-size-1-2\">\n<p><strong>NOVO\u00a0 JEDINI U OVOM DIJELU HRVATSKE&#8230; TRETMANI LICA LPG APARATOM!\u00a0NAJNOVIJI LPG APARAT ZA TIJELO!<\/strong><\/p>\n<p><strong>TRETMANI TIJELA:<\/strong><br \/>\n5 razli\u010ditih masa\u017enih modula na razli\u010dite na\u010dine djeluje na tkivo:<\/p>\n<ul>\n<li>ZDRAVLJE &#8211; oporavak vezivnog tkiva nakon raznih bolesti, nesre\u0107a, operacija, raznih patolo\u0161kih stanja<\/li>\n<li>LJEPOTA &#8211; anticelulitni tretmani, tretmani oblikovanja tijela, zatezanje ko\u017ee, stimulacija cirkulacije, br\u017ei oporavak i bolji rezultati u estetskoj kirurgiji, ubla\u017eavanje znakova starenja<\/li>\n<li>SPORT &#8211; priprema mi\u0161i\u0107a za napore i pomo\u0107 u njihovu oporavku. Pomo\u0107 u zacjeljivanju ozljeda i rehabilitaciji, optimiziranje rada tkiva i zglobova.<\/li>\n<\/ul>\n<p><strong>TRETMANI LICA<\/strong><br \/>\n3 modula za tretmane lica (Endermolift tretmane) u\u010dinkovito pomla\u0111uju ko\u017eu lica, vrata i dekoltea:<\/p>\n<ul>\n<li>tretmani opu\u0161tene, umorne i be\u017eivotne ko\u017ee koja je posljedica prenaglog gubitka te\u017eine &#8211; vra\u0107a se zategnutost i elasti\u010dnost, ubla\u017eavaju vre\u0107ice oko o\u010diju, smanjuju bore i linije<\/li>\n<li>tretmani izborane ko\u017ee, mrlja na ko\u017ei &#8211; \u010disti se ko\u017ea i zatvaraju pore<\/li>\n<li>\u00a0tretmani ko\u017ee vrata i dekoltea &#8211; zatezanje ko\u017ee, mladena\u010dka elasti\u010dnost<\/li>\n<\/ul>\n<\/div>\n<\/div>\n<h2 style=\"text-align: center;\">\u0160TO KA\u017dU NA\u0160I KLIJENTI<\/h2>\n<p style=\"text-align: left;\"><div class=\"tx-testiin\"><div class=\"tx-testimonials\"><div class=\"tx-testi-item\" style=\"\"><span class=\"tx-testi-text\">U 7 mjeseci sam lak\u0161a 22kg i nevjerojatnih 110cm.<\/span><span class=\"tx-testi-name\">Marjana G.<\/span><span class=\"tx-testi-desig\">knjigovotkinja, <\/span><span class=\"tx-testi-org\"><\/span><\/div><div class=\"tx-testi-item\" style=\"\"><span class=\"tx-testi-text\">I nama manekenkama treba Silhouette.<\/span><span class=\"tx-testi-name\">Ines Jovanovi\u0107<\/span><span class=\"tx-testi-desig\">miss turizma 2006., <\/span><span class=\"tx-testi-org\"><\/span><\/div><div class=\"tx-testi-item\" style=\"\"><span class=\"tx-testi-text\">Toplo preporu\u010dam svim \u017eenama koje dr\u017ee do svog zdravlja i izgleda.<\/span><span class=\"tx-testi-name\">Barbara I.<\/span><span class=\"tx-testi-desig\">fotomodel, <\/span><span class=\"tx-testi-org\"><\/span><\/div><div class=\"tx-testi-item\" style=\"\"><span class=\"tx-testi-text\">Postigla sam nevjerojatan uspjeh za 7 mjeseci. Rezultat je minus 15kg. Zaista nisam vjerovala da to mogu.\r\nHvala im!<\/span><span class=\"tx-testi-name\">Vivien Galetta<\/span><span class=\"tx-testi-desig\">pjeva\u010dica, <\/span><span class=\"tx-testi-org\"><\/span><\/div><\/div><\/div>\n<p style=\"text-align: left;\">\n","protected":false},"excerpt":{"rendered":"<p>CELU M6 INTEGRAL \u0160TO KA\u017dU NA\u0160I KLIJENTI<\/p>\n","protected":false},"author":1,"featured_media":0,"parent":0,"menu_order":0,"comment_status":"closed","ping_status":"closed","template":"","meta":{"footnotes":""},"yoast_head":"<!-- This site is optimized with the Yoast SEO plugin v23.5 - https:\/\/yoast.com\/wordpress\/plugins\/seo\/ -->\n<title>Zdravo mr\u0161avljenje &#060; Silhouette<\/title>\n<meta name=\"description\" content=\"Zdravo, brzo i u\u010dinkovito mr\u0161avljenje - mi ostvarujemo ono \u0161to vam drugi samo obe\u0107aju.\" \/>\n<meta name=\"robots\" content=\"index, follow, max-snippet:-1, max-image-preview:large, max-video-preview:-1\" \/>\n<link rel=\"canonical\" href=\"https:\/\/silhouette.hr\/\" \/>\n<meta property=\"og:locale\" content=\"en_US\" \/>\n<meta property=\"og:type\" content=\"article\" \/>\n<meta property=\"og:title\" content=\"Zdravo mr\u0161avljenje &#060; Silhouette\" \/>\n<meta property=\"og:description\" content=\"Zdravo, brzo i u\u010dinkovito mr\u0161avljenje - mi ostvarujemo ono \u0161to vam drugi samo obe\u0107aju.\" \/>\n<meta property=\"og:url\" content=\"https:\/\/silhouette.hr\/\" \/>\n<meta property=\"og:site_name\" content=\"Silhouette\" \/>\n<meta property=\"article:publisher\" content=\"https:\/\/www.facebook.com\/SilhouetteRijeka\/\" \/>\n<meta property=\"article:modified_time\" content=\"2024-10-14T06:50:53+00:00\" \/>\n<meta property=\"og:image\" content=\"http:\/\/silhouette.hr\/wp-content\/uploads\/2016\/12\/besplatno_savjetovanje.png\" \/>\n<meta name=\"twitter:card\" content=\"summary_large_image\" \/>\n<meta name=\"twitter:label1\" content=\"Est. reading time\" \/>\n\t<meta name=\"twitter:data1\" content=\"2 minutes\" \/>\n<script type=\"application\/ld+json\" class=\"yoast-schema-graph\">{\"@context\":\"https:\/\/schema.org\",\"@graph\":[{\"@type\":\"WebPage\",\"@id\":\"https:\/\/silhouette.hr\/\",\"url\":\"https:\/\/silhouette.hr\/\",\"name\":\"Zdravo mr\u0161avljenje &#060; Silhouette\",\"isPartOf\":{\"@id\":\"https:\/\/silhouette.hr\/#website\"},\"primaryImageOfPage\":{\"@id\":\"https:\/\/silhouette.hr\/#primaryimage\"},\"image\":{\"@id\":\"https:\/\/silhouette.hr\/#primaryimage\"},\"thumbnailUrl\":\"http:\/\/silhouette.hr\/wp-content\/uploads\/2016\/12\/besplatno_savjetovanje.png\",\"datePublished\":\"2016-12-05T17:40:25+00:00\",\"dateModified\":\"2024-10-14T06:50:53+00:00\",\"description\":\"Zdravo, brzo i u\u010dinkovito mr\u0161avljenje - mi ostvarujemo ono \u0161to vam drugi samo obe\u0107aju.\",\"breadcrumb\":{\"@id\":\"https:\/\/silhouette.hr\/#breadcrumb\"},\"inLanguage\":\"en-US\",\"potentialAction\":[{\"@type\":\"ReadAction\",\"target\":[\"https:\/\/silhouette.hr\/\"]}]},{\"@type\":\"ImageObject\",\"inLanguage\":\"en-US\",\"@id\":\"https:\/\/silhouette.hr\/#primaryimage\",\"url\":\"https:\/\/silhouette.hr\/wp-content\/uploads\/2016\/12\/besplatno_savjetovanje.png\",\"contentUrl\":\"https:\/\/silhouette.hr\/wp-content\/uploads\/2016\/12\/besplatno_savjetovanje.png\",\"width\":128,\"height\":128},{\"@type\":\"BreadcrumbList\",\"@id\":\"https:\/\/silhouette.hr\/#breadcrumb\",\"itemListElement\":[{\"@type\":\"ListItem\",\"position\":1,\"name\":\"Home\",\"item\":\"https:\/\/silhouette.hr\/\"},{\"@type\":\"ListItem\",\"position\":2,\"name\":\"Zdravo mr\u0161avljenje\"}]},{\"@type\":\"WebSite\",\"@id\":\"https:\/\/silhouette.hr\/#website\",\"url\":\"https:\/\/silhouette.hr\/\",\"name\":\"Silhouette\",\"description\":\"\",\"publisher\":{\"@id\":\"https:\/\/silhouette.hr\/#organization\"},\"potentialAction\":[{\"@type\":\"SearchAction\",\"target\":{\"@type\":\"EntryPoint\",\"urlTemplate\":\"https:\/\/silhouette.hr\/?s={search_term_string}\"},\"query-input\":{\"@type\":\"PropertyValueSpecification\",\"valueRequired\":true,\"valueName\":\"search_term_string\"}}],\"inLanguage\":\"en-US\"},{\"@type\":\"Organization\",\"@id\":\"https:\/\/silhouette.hr\/#organization\",\"name\":\"Silhouette International Institute\",\"url\":\"https:\/\/silhouette.hr\/\",\"logo\":{\"@type\":\"ImageObject\",\"inLanguage\":\"en-US\",\"@id\":\"https:\/\/silhouette.hr\/#\/schema\/logo\/image\/\",\"url\":\"https:\/\/silhouette.hr\/wp-content\/uploads\/2016\/12\/logoCrni_converted.png\",\"contentUrl\":\"https:\/\/silhouette.hr\/wp-content\/uploads\/2016\/12\/logoCrni_converted.png\",\"width\":739,\"height\":739,\"caption\":\"Silhouette International Institute\"},\"image\":{\"@id\":\"https:\/\/silhouette.hr\/#\/schema\/logo\/image\/\"},\"sameAs\":[\"https:\/\/www.facebook.com\/SilhouetteRijeka\/\"]}]}<\/script>\n<!-- \/ Yoast SEO plugin. -->","yoast_head_json":{"title":"Zdravo mr\u0161avljenje &#060; Silhouette","description":"Zdravo, brzo i u\u010dinkovito mr\u0161avljenje - mi ostvarujemo ono \u0161to vam drugi samo obe\u0107aju.","robots":{"index":"index","follow":"follow","max-snippet":"max-snippet:-1","max-image-preview":"max-image-preview:large","max-video-preview":"max-video-preview:-1"},"canonical":"https:\/\/silhouette.hr\/","og_locale":"en_US","og_type":"article","og_title":"Zdravo mr\u0161avljenje &#060; Silhouette","og_description":"Zdravo, brzo i u\u010dinkovito mr\u0161avljenje - mi ostvarujemo ono \u0161to vam drugi samo obe\u0107aju.","og_url":"https:\/\/silhouette.hr\/","og_site_name":"Silhouette","article_publisher":"https:\/\/www.facebook.com\/SilhouetteRijeka\/","article_modified_time":"2024-10-14T06:50:53+00:00","og_image":[{"url":"http:\/\/silhouette.hr\/wp-content\/uploads\/2016\/12\/besplatno_savjetovanje.png"}],"twitter_card":"summary_large_image","twitter_misc":{"Est. reading time":"2 minutes"},"schema":{"@context":"https:\/\/schema.org","@graph":[{"@type":"WebPage","@id":"https:\/\/silhouette.hr\/","url":"https:\/\/silhouette.hr\/","name":"Zdravo mr\u0161avljenje &#060; Silhouette","isPartOf":{"@id":"https:\/\/silhouette.hr\/#website"},"primaryImageOfPage":{"@id":"https:\/\/silhouette.hr\/#primaryimage"},"image":{"@id":"https:\/\/silhouette.hr\/#primaryimage"},"thumbnailUrl":"http:\/\/silhouette.hr\/wp-content\/uploads\/2016\/12\/besplatno_savjetovanje.png","datePublished":"2016-12-05T17:40:25+00:00","dateModified":"2024-10-14T06:50:53+00:00","description":"Zdravo, brzo i u\u010dinkovito mr\u0161avljenje - mi ostvarujemo ono \u0161to vam drugi samo obe\u0107aju.","breadcrumb":{"@id":"https:\/\/silhouette.hr\/#breadcrumb"},"inLanguage":"en-US","potentialAction":[{"@type":"ReadAction","target":["https:\/\/silhouette.hr\/"]}]},{"@type":"ImageObject","inLanguage":"en-US","@id":"https:\/\/silhouette.hr\/#primaryimage","url":"https:\/\/silhouette.hr\/wp-content\/uploads\/2016\/12\/besplatno_savjetovanje.png","contentUrl":"https:\/\/silhouette.hr\/wp-content\/uploads\/2016\/12\/besplatno_savjetovanje.png","width":128,"height":128},{"@type":"BreadcrumbList","@id":"https:\/\/silhouette.hr\/#breadcrumb","itemListElement":[{"@type":"ListItem","position":1,"name":"Home","item":"https:\/\/silhouette.hr\/"},{"@type":"ListItem","position":2,"name":"Zdravo mr\u0161avljenje"}]},{"@type":"WebSite","@id":"https:\/\/silhouette.hr\/#website","url":"https:\/\/silhouette.hr\/","name":"Silhouette","description":"","publisher":{"@id":"https:\/\/silhouette.hr\/#organization"},"potentialAction":[{"@type":"SearchAction","target":{"@type":"EntryPoint","urlTemplate":"https:\/\/silhouette.hr\/?s={search_term_string}"},"query-input":{"@type":"PropertyValueSpecification","valueRequired":true,"valueName":"search_term_string"}}],"inLanguage":"en-US"},{"@type":"Organization","@id":"https:\/\/silhouette.hr\/#organization","name":"Silhouette International Institute","url":"https:\/\/silhouette.hr\/","logo":{"@type":"ImageObject","inLanguage":"en-US","@id":"https:\/\/silhouette.hr\/#\/schema\/logo\/image\/","url":"https:\/\/silhouette.hr\/wp-content\/uploads\/2016\/12\/logoCrni_converted.png","contentUrl":"https:\/\/silhouette.hr\/wp-content\/uploads\/2016\/12\/logoCrni_converted.png","width":739,"height":739,"caption":"Silhouette International Institute"},"image":{"@id":"https:\/\/silhouette.hr\/#\/schema\/logo\/image\/"},"sameAs":["https:\/\/www.facebook.com\/SilhouetteRijeka\/"]}]}},"_links":{"self":[{"href":"https:\/\/silhouette.hr\/index.php\/wp-json\/wp\/v2\/pages\/123"}],"collection":[{"href":"https:\/\/silhouette.hr\/index.php\/wp-json\/wp\/v2\/pages"}],"about":[{"href":"https:\/\/silhouette.hr\/index.php\/wp-json\/wp\/v2\/types\/page"}],"author":[{"embeddable":true,"href":"https:\/\/silhouette.hr\/index.php\/wp-json\/wp\/v2\/users\/1"}],"replies":[{"embeddable":true,"href":"https:\/\/silhouette.hr\/index.php\/wp-json\/wp\/v2\/comments?post=123"}],"version-history":[{"count":32,"href":"https:\/\/silhouette.hr\/index.php\/wp-json\/wp\/v2\/pages\/123\/revisions"}],"predecessor-version":[{"id":1050,"href":"https:\/\/silhouette.hr\/index.php\/wp-json\/wp\/v2\/pages\/123\/revisions\/1050"}],"wp:attachment":[{"href":"https:\/\/silhouette.hr\/index.php\/wp-json\/wp\/v2\/media?parent=123"}],"curies":[{"name":"wp","href":"https:\/\/api.w.org\/{rel}","templated":true}]}}