{"id":1067,"date":"2024-10-14T07:41:58","date_gmt":"2024-10-14T07:41:58","guid":{"rendered":"https:\/\/silhouette.hr\/?page_id=1067"},"modified":"2024-10-14T07:41:59","modified_gmt":"2024-10-14T07:41:59","slug":"hydrafacial","status":"publish","type":"page","link":"https:\/\/silhouette.hr\/index.php\/hydrafacial\/","title":{"rendered":"HydraFacial"},"content":{"rendered":"\n<p>Svjetski hit tretman za ko\u017eu HydraFacial je sofisticiran postupak \u010di\u0161\u0107enja lica. Ovaj brz, bezbolan i ugodan tretman pomla\u0111ivanja ko\u017ee mo\u017ee trenutno rije\u0161iti probleme lica poput mitesera ili crnih to\u010dkica na nosu. HydraFacial uklanja manje pore i stanjuje duboke bore, a istovremeno lije\u010di i\u00a0<strong>pomla\u0111uje ko\u017eu koja postaje mekana, \u010dista i blistava.<\/strong><\/p>\n\n\n<div class=\"wp-block-image\">\n<figure class=\"aligncenter size-full\"><img loading=\"lazy\" decoding=\"async\" width=\"186\" height=\"272\" src=\"https:\/\/silhouette.hr\/wp-content\/uploads\/2024\/10\/unnamed.jpg\" alt=\"\" class=\"wp-image-1068\"\/><\/figure><\/div>\n\n\n<p><strong>HydraFacial je osvje\u017eavaju\u0107i tretman koji djeluje na dugotrajno zdravlje svih tipova ko\u017ee. Tretman pru\u017ea trenutni u\u010dinak i vidljive rezultate bez iritacije ko\u017ee. Uklanja mrtve stanice ko\u017ee, istiskuje svu ne\u010disto\u0107u i masno\u0107e, a ujedno ko\u017ei pru\u017ea kupku razli\u010ditim serumima koji \u010diste i hidratiziraju ko\u017eu. HydraFacial lije\u010di i umiruje ko\u017eu, ne ostavlja crvenilo i neugodan osje\u0107aj te odmah djeluje.<\/strong><\/p>\n","protected":false},"excerpt":{"rendered":"<p>Svjetski hit tretman za ko\u017eu HydraFacial je sofisticiran postupak \u010di\u0161\u0107enja lica. Ovaj brz, bezbolan i ugodan tretman pomla\u0111ivanja ko\u017ee mo\u017ee trenutno rije\u0161iti probleme lica poput mitesera ili crnih to\u010dkica na nosu. HydraFacial<a class=\"moretag\" href=\"https:\/\/silhouette.hr\/index.php\/hydrafacial\/\">Read More&#8230;<\/a><\/p>\n","protected":false},"author":1,"featured_media":0,"parent":0,"menu_order":0,"comment_status":"closed","ping_status":"closed","template":"","meta":{"footnotes":""},"yoast_head":"<!-- This site is optimized with the Yoast SEO plugin v23.5 - https:\/\/yoast.com\/wordpress\/plugins\/seo\/ -->\n<title>HydraFacial &#060; Silhouette<\/title>\n<meta name=\"description\" content=\"Zdravo, brzo i u\u010dinkovito mr\u0161avljenje - mi ostvarujemo ono \u0161to vam drugi samo obe\u0107aju.\" \/>\n<meta name=\"robots\" content=\"index, follow, max-snippet:-1, max-image-preview:large, max-video-preview:-1\" \/>\n<link rel=\"canonical\" href=\"https:\/\/silhouette.hr\/index.php\/hydrafacial\/\" \/>\n<meta property=\"og:locale\" content=\"en_US\" \/>\n<meta property=\"og:type\" content=\"article\" \/>\n<meta property=\"og:title\" content=\"HydraFacial &#060; Silhouette\" \/>\n<meta property=\"og:description\" content=\"Zdravo, brzo i u\u010dinkovito mr\u0161avljenje - mi ostvarujemo ono \u0161to vam drugi samo obe\u0107aju.\" \/>\n<meta property=\"og:url\" content=\"https:\/\/silhouette.hr\/index.php\/hydrafacial\/\" \/>\n<meta property=\"og:site_name\" content=\"Silhouette\" \/>\n<meta property=\"article:publisher\" content=\"https:\/\/www.facebook.com\/SilhouetteRijeka\/\" \/>\n<meta property=\"article:modified_time\" content=\"2024-10-14T07:41:59+00:00\" \/>\n<meta property=\"og:image\" content=\"https:\/\/silhouette.hr\/wp-content\/uploads\/2024\/10\/unnamed.jpg\" \/>\n<meta name=\"twitter:card\" content=\"summary_large_image\" \/>\n<meta name=\"twitter:label1\" content=\"Est. reading time\" \/>\n\t<meta name=\"twitter:data1\" content=\"1 minute\" \/>\n<script type=\"application\/ld+json\" class=\"yoast-schema-graph\">{\"@context\":\"https:\/\/schema.org\",\"@graph\":[{\"@type\":\"WebPage\",\"@id\":\"https:\/\/silhouette.hr\/index.php\/hydrafacial\/\",\"url\":\"https:\/\/silhouette.hr\/index.php\/hydrafacial\/\",\"name\":\"HydraFacial &#060; Silhouette\",\"isPartOf\":{\"@id\":\"https:\/\/silhouette.hr\/#website\"},\"primaryImageOfPage\":{\"@id\":\"https:\/\/silhouette.hr\/index.php\/hydrafacial\/#primaryimage\"},\"image\":{\"@id\":\"https:\/\/silhouette.hr\/index.php\/hydrafacial\/#primaryimage\"},\"thumbnailUrl\":\"https:\/\/silhouette.hr\/wp-content\/uploads\/2024\/10\/unnamed.jpg\",\"datePublished\":\"2024-10-14T07:41:58+00:00\",\"dateModified\":\"2024-10-14T07:41:59+00:00\",\"description\":\"Zdravo, brzo i u\u010dinkovito mr\u0161avljenje - mi ostvarujemo ono \u0161to vam drugi samo obe\u0107aju.\",\"breadcrumb\":{\"@id\":\"https:\/\/silhouette.hr\/index.php\/hydrafacial\/#breadcrumb\"},\"inLanguage\":\"en-US\",\"potentialAction\":[{\"@type\":\"ReadAction\",\"target\":[\"https:\/\/silhouette.hr\/index.php\/hydrafacial\/\"]}]},{\"@type\":\"ImageObject\",\"inLanguage\":\"en-US\",\"@id\":\"https:\/\/silhouette.hr\/index.php\/hydrafacial\/#primaryimage\",\"url\":\"https:\/\/silhouette.hr\/wp-content\/uploads\/2024\/10\/unnamed.jpg\",\"contentUrl\":\"https:\/\/silhouette.hr\/wp-content\/uploads\/2024\/10\/unnamed.jpg\",\"width\":186,\"height\":272},{\"@type\":\"BreadcrumbList\",\"@id\":\"https:\/\/silhouette.hr\/index.php\/hydrafacial\/#breadcrumb\",\"itemListElement\":[{\"@type\":\"ListItem\",\"position\":1,\"name\":\"Home\",\"item\":\"https:\/\/silhouette.hr\/\"},{\"@type\":\"ListItem\",\"position\":2,\"name\":\"HydraFacial\"}]},{\"@type\":\"WebSite\",\"@id\":\"https:\/\/silhouette.hr\/#website\",\"url\":\"https:\/\/silhouette.hr\/\",\"name\":\"Silhouette\",\"description\":\"\",\"publisher\":{\"@id\":\"https:\/\/silhouette.hr\/#organization\"},\"potentialAction\":[{\"@type\":\"SearchAction\",\"target\":{\"@type\":\"EntryPoint\",\"urlTemplate\":\"https:\/\/silhouette.hr\/?s={search_term_string}\"},\"query-input\":{\"@type\":\"PropertyValueSpecification\",\"valueRequired\":true,\"valueName\":\"search_term_string\"}}],\"inLanguage\":\"en-US\"},{\"@type\":\"Organization\",\"@id\":\"https:\/\/silhouette.hr\/#organization\",\"name\":\"Silhouette International Institute\",\"url\":\"https:\/\/silhouette.hr\/\",\"logo\":{\"@type\":\"ImageObject\",\"inLanguage\":\"en-US\",\"@id\":\"https:\/\/silhouette.hr\/#\/schema\/logo\/image\/\",\"url\":\"https:\/\/silhouette.hr\/wp-content\/uploads\/2016\/12\/logoCrni_converted.png\",\"contentUrl\":\"https:\/\/silhouette.hr\/wp-content\/uploads\/2016\/12\/logoCrni_converted.png\",\"width\":739,\"height\":739,\"caption\":\"Silhouette International Institute\"},\"image\":{\"@id\":\"https:\/\/silhouette.hr\/#\/schema\/logo\/image\/\"},\"sameAs\":[\"https:\/\/www.facebook.com\/SilhouetteRijeka\/\"]}]}<\/script>\n<!-- \/ Yoast SEO plugin. -->","yoast_head_json":{"title":"HydraFacial &#060; Silhouette","description":"Zdravo, brzo i u\u010dinkovito mr\u0161avljenje - mi ostvarujemo ono \u0161to vam drugi samo obe\u0107aju.","robots":{"index":"index","follow":"follow","max-snippet":"max-snippet:-1","max-image-preview":"max-image-preview:large","max-video-preview":"max-video-preview:-1"},"canonical":"https:\/\/silhouette.hr\/index.php\/hydrafacial\/","og_locale":"en_US","og_type":"article","og_title":"HydraFacial &#060; Silhouette","og_description":"Zdravo, brzo i u\u010dinkovito mr\u0161avljenje - mi ostvarujemo ono \u0161to vam drugi samo obe\u0107aju.","og_url":"https:\/\/silhouette.hr\/index.php\/hydrafacial\/","og_site_name":"Silhouette","article_publisher":"https:\/\/www.facebook.com\/SilhouetteRijeka\/","article_modified_time":"2024-10-14T07:41:59+00:00","og_image":[{"url":"https:\/\/silhouette.hr\/wp-content\/uploads\/2024\/10\/unnamed.jpg"}],"twitter_card":"summary_large_image","twitter_misc":{"Est. reading time":"1 minute"},"schema":{"@context":"https:\/\/schema.org","@graph":[{"@type":"WebPage","@id":"https:\/\/silhouette.hr\/index.php\/hydrafacial\/","url":"https:\/\/silhouette.hr\/index.php\/hydrafacial\/","name":"HydraFacial &#060; Silhouette","isPartOf":{"@id":"https:\/\/silhouette.hr\/#website"},"primaryImageOfPage":{"@id":"https:\/\/silhouette.hr\/index.php\/hydrafacial\/#primaryimage"},"image":{"@id":"https:\/\/silhouette.hr\/index.php\/hydrafacial\/#primaryimage"},"thumbnailUrl":"https:\/\/silhouette.hr\/wp-content\/uploads\/2024\/10\/unnamed.jpg","datePublished":"2024-10-14T07:41:58+00:00","dateModified":"2024-10-14T07:41:59+00:00","description":"Zdravo, brzo i u\u010dinkovito mr\u0161avljenje - mi ostvarujemo ono \u0161to vam drugi samo obe\u0107aju.","breadcrumb":{"@id":"https:\/\/silhouette.hr\/index.php\/hydrafacial\/#breadcrumb"},"inLanguage":"en-US","potentialAction":[{"@type":"ReadAction","target":["https:\/\/silhouette.hr\/index.php\/hydrafacial\/"]}]},{"@type":"ImageObject","inLanguage":"en-US","@id":"https:\/\/silhouette.hr\/index.php\/hydrafacial\/#primaryimage","url":"https:\/\/silhouette.hr\/wp-content\/uploads\/2024\/10\/unnamed.jpg","contentUrl":"https:\/\/silhouette.hr\/wp-content\/uploads\/2024\/10\/unnamed.jpg","width":186,"height":272},{"@type":"BreadcrumbList","@id":"https:\/\/silhouette.hr\/index.php\/hydrafacial\/#breadcrumb","itemListElement":[{"@type":"ListItem","position":1,"name":"Home","item":"https:\/\/silhouette.hr\/"},{"@type":"ListItem","position":2,"name":"HydraFacial"}]},{"@type":"WebSite","@id":"https:\/\/silhouette.hr\/#website","url":"https:\/\/silhouette.hr\/","name":"Silhouette","description":"","publisher":{"@id":"https:\/\/silhouette.hr\/#organization"},"potentialAction":[{"@type":"SearchAction","target":{"@type":"EntryPoint","urlTemplate":"https:\/\/silhouette.hr\/?s={search_term_string}"},"query-input":{"@type":"PropertyValueSpecification","valueRequired":true,"valueName":"search_term_string"}}],"inLanguage":"en-US"},{"@type":"Organization","@id":"https:\/\/silhouette.hr\/#organization","name":"Silhouette International Institute","url":"https:\/\/silhouette.hr\/","logo":{"@type":"ImageObject","inLanguage":"en-US","@id":"https:\/\/silhouette.hr\/#\/schema\/logo\/image\/","url":"https:\/\/silhouette.hr\/wp-content\/uploads\/2016\/12\/logoCrni_converted.png","contentUrl":"https:\/\/silhouette.hr\/wp-content\/uploads\/2016\/12\/logoCrni_converted.png","width":739,"height":739,"caption":"Silhouette International Institute"},"image":{"@id":"https:\/\/silhouette.hr\/#\/schema\/logo\/image\/"},"sameAs":["https:\/\/www.facebook.com\/SilhouetteRijeka\/"]}]}},"_links":{"self":[{"href":"https:\/\/silhouette.hr\/index.php\/wp-json\/wp\/v2\/pages\/1067"}],"collection":[{"href":"https:\/\/silhouette.hr\/index.php\/wp-json\/wp\/v2\/pages"}],"about":[{"href":"https:\/\/silhouette.hr\/index.php\/wp-json\/wp\/v2\/types\/page"}],"author":[{"embeddable":true,"href":"https:\/\/silhouette.hr\/index.php\/wp-json\/wp\/v2\/users\/1"}],"replies":[{"embeddable":true,"href":"https:\/\/silhouette.hr\/index.php\/wp-json\/wp\/v2\/comments?post=1067"}],"version-history":[{"count":1,"href":"https:\/\/silhouette.hr\/index.php\/wp-json\/wp\/v2\/pages\/1067\/revisions"}],"predecessor-version":[{"id":1070,"href":"https:\/\/silhouette.hr\/index.php\/wp-json\/wp\/v2\/pages\/1067\/revisions\/1070"}],"wp:attachment":[{"href":"https:\/\/silhouette.hr\/index.php\/wp-json\/wp\/v2\/media?parent=1067"}],"curies":[{"name":"wp","href":"https:\/\/api.w.org\/{rel}","templated":true}]}}