{"id":1064,"date":"2024-10-14T07:38:07","date_gmt":"2024-10-14T07:38:07","guid":{"rendered":"https:\/\/silhouette.hr\/?page_id=1064"},"modified":"2024-10-14T07:38:07","modified_gmt":"2024-10-14T07:38:07","slug":"nano-glow-3d","status":"publish","type":"page","link":"https:\/\/silhouette.hr\/index.php\/nano-glow-3d\/","title":{"rendered":"NANO GLOW 3D"},"content":{"rendered":"\n<p>Ovaj revolucionarni ure\u0111aj radi po principu tri kombinirane tehnologije u jednom ure\u0111aju, za o\u010duvanje ko\u017ee lica, a to su Nano needling, radiofrekvencija i elektrostimulacija mi\u0161i\u0107a. Zbog svoje neinvazivnosti i maksimalne u\u010dinkovitosti Nano Glow 3d namijenjen je svim tipovima ko\u017ee (od masne do suhe i osjetljive).<\/p>\n\n\n\n<p>\u0160TO JE NANO GLOW?<\/p>\n\n\n\n<p>NanoGLOW je kombinacija tri razli\u010dite tehnologije za savr\u0161enu mezoterapiju bez igala: nano piling, bipolarna RF i EMS stimulacija. Silikonski nano-\u010dipovi uklanjaju mrtve epidermalne stanice, dok se u isto vrijeme regulirana doza seruma koja te\u010de kroz sondu mehani\u010dki utapkava u ko\u017eu. Istodobno, radiofrekvencija nje\u017eno zagrijava stanice, otvaraju\u0107i put aktivnim tvarima. Osim toga, EMS je odgovoran za blage kontrakcije mi\u0161i\u0107a lica, \u0161to uzrokuje dodatno zatezanje i oblikovanje ko\u017ee lica.<\/p>\n","protected":false},"excerpt":{"rendered":"<p>Ovaj revolucionarni ure\u0111aj radi po principu tri kombinirane tehnologije u jednom ure\u0111aju, za o\u010duvanje ko\u017ee lica, a to su Nano needling, radiofrekvencija i elektrostimulacija mi\u0161i\u0107a. Zbog svoje neinvazivnosti i maksimalne u\u010dinkovitosti Nano<a class=\"moretag\" href=\"https:\/\/silhouette.hr\/index.php\/nano-glow-3d\/\">Read More&#8230;<\/a><\/p>\n","protected":false},"author":1,"featured_media":1062,"parent":0,"menu_order":0,"comment_status":"closed","ping_status":"closed","template":"","meta":{"footnotes":""},"yoast_head":"<!-- This site is optimized with the Yoast SEO plugin v23.5 - https:\/\/yoast.com\/wordpress\/plugins\/seo\/ -->\n<title>NANO GLOW 3D &#060; Silhouette<\/title>\n<meta name=\"description\" content=\"Zdravo, brzo i u\u010dinkovito mr\u0161avljenje - mi ostvarujemo ono \u0161to vam drugi samo obe\u0107aju.\" \/>\n<meta name=\"robots\" content=\"index, follow, max-snippet:-1, max-image-preview:large, max-video-preview:-1\" \/>\n<link rel=\"canonical\" href=\"https:\/\/silhouette.hr\/index.php\/nano-glow-3d\/\" \/>\n<meta property=\"og:locale\" content=\"en_US\" \/>\n<meta property=\"og:type\" content=\"article\" \/>\n<meta property=\"og:title\" content=\"NANO GLOW 3D &#060; Silhouette\" \/>\n<meta property=\"og:description\" content=\"Zdravo, brzo i u\u010dinkovito mr\u0161avljenje - mi ostvarujemo ono \u0161to vam drugi samo obe\u0107aju.\" \/>\n<meta property=\"og:url\" content=\"https:\/\/silhouette.hr\/index.php\/nano-glow-3d\/\" \/>\n<meta property=\"og:site_name\" content=\"Silhouette\" \/>\n<meta property=\"article:publisher\" content=\"https:\/\/www.facebook.com\/SilhouetteRijeka\/\" \/>\n<meta property=\"og:image\" content=\"http:\/\/silhouette.hr\/wp-content\/uploads\/2024\/10\/nanoglow.jpg\" \/>\n\t<meta property=\"og:image:width\" content=\"224\" \/>\n\t<meta property=\"og:image:height\" content=\"224\" \/>\n\t<meta property=\"og:image:type\" content=\"image\/jpeg\" \/>\n<meta name=\"twitter:card\" content=\"summary_large_image\" \/>\n<meta name=\"twitter:label1\" content=\"Est. reading time\" \/>\n\t<meta name=\"twitter:data1\" content=\"1 minute\" \/>\n<script type=\"application\/ld+json\" class=\"yoast-schema-graph\">{\"@context\":\"https:\/\/schema.org\",\"@graph\":[{\"@type\":\"WebPage\",\"@id\":\"https:\/\/silhouette.hr\/index.php\/nano-glow-3d\/\",\"url\":\"https:\/\/silhouette.hr\/index.php\/nano-glow-3d\/\",\"name\":\"NANO GLOW 3D &#060; Silhouette\",\"isPartOf\":{\"@id\":\"https:\/\/silhouette.hr\/#website\"},\"primaryImageOfPage\":{\"@id\":\"https:\/\/silhouette.hr\/index.php\/nano-glow-3d\/#primaryimage\"},\"image\":{\"@id\":\"https:\/\/silhouette.hr\/index.php\/nano-glow-3d\/#primaryimage\"},\"thumbnailUrl\":\"https:\/\/silhouette.hr\/wp-content\/uploads\/2024\/10\/nanoglow.jpg\",\"datePublished\":\"2024-10-14T07:38:07+00:00\",\"dateModified\":\"2024-10-14T07:38:07+00:00\",\"description\":\"Zdravo, brzo i u\u010dinkovito mr\u0161avljenje - mi ostvarujemo ono \u0161to vam drugi samo obe\u0107aju.\",\"breadcrumb\":{\"@id\":\"https:\/\/silhouette.hr\/index.php\/nano-glow-3d\/#breadcrumb\"},\"inLanguage\":\"en-US\",\"potentialAction\":[{\"@type\":\"ReadAction\",\"target\":[\"https:\/\/silhouette.hr\/index.php\/nano-glow-3d\/\"]}]},{\"@type\":\"ImageObject\",\"inLanguage\":\"en-US\",\"@id\":\"https:\/\/silhouette.hr\/index.php\/nano-glow-3d\/#primaryimage\",\"url\":\"https:\/\/silhouette.hr\/wp-content\/uploads\/2024\/10\/nanoglow.jpg\",\"contentUrl\":\"https:\/\/silhouette.hr\/wp-content\/uploads\/2024\/10\/nanoglow.jpg\",\"width\":224,\"height\":224},{\"@type\":\"BreadcrumbList\",\"@id\":\"https:\/\/silhouette.hr\/index.php\/nano-glow-3d\/#breadcrumb\",\"itemListElement\":[{\"@type\":\"ListItem\",\"position\":1,\"name\":\"Home\",\"item\":\"https:\/\/silhouette.hr\/\"},{\"@type\":\"ListItem\",\"position\":2,\"name\":\"NANO GLOW 3D\"}]},{\"@type\":\"WebSite\",\"@id\":\"https:\/\/silhouette.hr\/#website\",\"url\":\"https:\/\/silhouette.hr\/\",\"name\":\"Silhouette\",\"description\":\"\",\"publisher\":{\"@id\":\"https:\/\/silhouette.hr\/#organization\"},\"potentialAction\":[{\"@type\":\"SearchAction\",\"target\":{\"@type\":\"EntryPoint\",\"urlTemplate\":\"https:\/\/silhouette.hr\/?s={search_term_string}\"},\"query-input\":{\"@type\":\"PropertyValueSpecification\",\"valueRequired\":true,\"valueName\":\"search_term_string\"}}],\"inLanguage\":\"en-US\"},{\"@type\":\"Organization\",\"@id\":\"https:\/\/silhouette.hr\/#organization\",\"name\":\"Silhouette International Institute\",\"url\":\"https:\/\/silhouette.hr\/\",\"logo\":{\"@type\":\"ImageObject\",\"inLanguage\":\"en-US\",\"@id\":\"https:\/\/silhouette.hr\/#\/schema\/logo\/image\/\",\"url\":\"https:\/\/silhouette.hr\/wp-content\/uploads\/2016\/12\/logoCrni_converted.png\",\"contentUrl\":\"https:\/\/silhouette.hr\/wp-content\/uploads\/2016\/12\/logoCrni_converted.png\",\"width\":739,\"height\":739,\"caption\":\"Silhouette International Institute\"},\"image\":{\"@id\":\"https:\/\/silhouette.hr\/#\/schema\/logo\/image\/\"},\"sameAs\":[\"https:\/\/www.facebook.com\/SilhouetteRijeka\/\"]}]}<\/script>\n<!-- \/ Yoast SEO plugin. -->","yoast_head_json":{"title":"NANO GLOW 3D &#060; Silhouette","description":"Zdravo, brzo i u\u010dinkovito mr\u0161avljenje - mi ostvarujemo ono \u0161to vam drugi samo obe\u0107aju.","robots":{"index":"index","follow":"follow","max-snippet":"max-snippet:-1","max-image-preview":"max-image-preview:large","max-video-preview":"max-video-preview:-1"},"canonical":"https:\/\/silhouette.hr\/index.php\/nano-glow-3d\/","og_locale":"en_US","og_type":"article","og_title":"NANO GLOW 3D &#060; Silhouette","og_description":"Zdravo, brzo i u\u010dinkovito mr\u0161avljenje - mi ostvarujemo ono \u0161to vam drugi samo obe\u0107aju.","og_url":"https:\/\/silhouette.hr\/index.php\/nano-glow-3d\/","og_site_name":"Silhouette","article_publisher":"https:\/\/www.facebook.com\/SilhouetteRijeka\/","og_image":[{"width":224,"height":224,"url":"http:\/\/silhouette.hr\/wp-content\/uploads\/2024\/10\/nanoglow.jpg","type":"image\/jpeg"}],"twitter_card":"summary_large_image","twitter_misc":{"Est. reading time":"1 minute"},"schema":{"@context":"https:\/\/schema.org","@graph":[{"@type":"WebPage","@id":"https:\/\/silhouette.hr\/index.php\/nano-glow-3d\/","url":"https:\/\/silhouette.hr\/index.php\/nano-glow-3d\/","name":"NANO GLOW 3D &#060; Silhouette","isPartOf":{"@id":"https:\/\/silhouette.hr\/#website"},"primaryImageOfPage":{"@id":"https:\/\/silhouette.hr\/index.php\/nano-glow-3d\/#primaryimage"},"image":{"@id":"https:\/\/silhouette.hr\/index.php\/nano-glow-3d\/#primaryimage"},"thumbnailUrl":"https:\/\/silhouette.hr\/wp-content\/uploads\/2024\/10\/nanoglow.jpg","datePublished":"2024-10-14T07:38:07+00:00","dateModified":"2024-10-14T07:38:07+00:00","description":"Zdravo, brzo i u\u010dinkovito mr\u0161avljenje - mi ostvarujemo ono \u0161to vam drugi samo obe\u0107aju.","breadcrumb":{"@id":"https:\/\/silhouette.hr\/index.php\/nano-glow-3d\/#breadcrumb"},"inLanguage":"en-US","potentialAction":[{"@type":"ReadAction","target":["https:\/\/silhouette.hr\/index.php\/nano-glow-3d\/"]}]},{"@type":"ImageObject","inLanguage":"en-US","@id":"https:\/\/silhouette.hr\/index.php\/nano-glow-3d\/#primaryimage","url":"https:\/\/silhouette.hr\/wp-content\/uploads\/2024\/10\/nanoglow.jpg","contentUrl":"https:\/\/silhouette.hr\/wp-content\/uploads\/2024\/10\/nanoglow.jpg","width":224,"height":224},{"@type":"BreadcrumbList","@id":"https:\/\/silhouette.hr\/index.php\/nano-glow-3d\/#breadcrumb","itemListElement":[{"@type":"ListItem","position":1,"name":"Home","item":"https:\/\/silhouette.hr\/"},{"@type":"ListItem","position":2,"name":"NANO GLOW 3D"}]},{"@type":"WebSite","@id":"https:\/\/silhouette.hr\/#website","url":"https:\/\/silhouette.hr\/","name":"Silhouette","description":"","publisher":{"@id":"https:\/\/silhouette.hr\/#organization"},"potentialAction":[{"@type":"SearchAction","target":{"@type":"EntryPoint","urlTemplate":"https:\/\/silhouette.hr\/?s={search_term_string}"},"query-input":{"@type":"PropertyValueSpecification","valueRequired":true,"valueName":"search_term_string"}}],"inLanguage":"en-US"},{"@type":"Organization","@id":"https:\/\/silhouette.hr\/#organization","name":"Silhouette International Institute","url":"https:\/\/silhouette.hr\/","logo":{"@type":"ImageObject","inLanguage":"en-US","@id":"https:\/\/silhouette.hr\/#\/schema\/logo\/image\/","url":"https:\/\/silhouette.hr\/wp-content\/uploads\/2016\/12\/logoCrni_converted.png","contentUrl":"https:\/\/silhouette.hr\/wp-content\/uploads\/2016\/12\/logoCrni_converted.png","width":739,"height":739,"caption":"Silhouette International Institute"},"image":{"@id":"https:\/\/silhouette.hr\/#\/schema\/logo\/image\/"},"sameAs":["https:\/\/www.facebook.com\/SilhouetteRijeka\/"]}]}},"_links":{"self":[{"href":"https:\/\/silhouette.hr\/index.php\/wp-json\/wp\/v2\/pages\/1064"}],"collection":[{"href":"https:\/\/silhouette.hr\/index.php\/wp-json\/wp\/v2\/pages"}],"about":[{"href":"https:\/\/silhouette.hr\/index.php\/wp-json\/wp\/v2\/types\/page"}],"author":[{"embeddable":true,"href":"https:\/\/silhouette.hr\/index.php\/wp-json\/wp\/v2\/users\/1"}],"replies":[{"embeddable":true,"href":"https:\/\/silhouette.hr\/index.php\/wp-json\/wp\/v2\/comments?post=1064"}],"version-history":[{"count":1,"href":"https:\/\/silhouette.hr\/index.php\/wp-json\/wp\/v2\/pages\/1064\/revisions"}],"predecessor-version":[{"id":1066,"href":"https:\/\/silhouette.hr\/index.php\/wp-json\/wp\/v2\/pages\/1064\/revisions\/1066"}],"wp:featuredmedia":[{"embeddable":true,"href":"https:\/\/silhouette.hr\/index.php\/wp-json\/wp\/v2\/media\/1062"}],"wp:attachment":[{"href":"https:\/\/silhouette.hr\/index.php\/wp-json\/wp\/v2\/media?parent=1064"}],"curies":[{"name":"wp","href":"https:\/\/api.w.org\/{rel}","templated":true}]}}