{"id":1030,"date":"2023-11-12T01:34:59","date_gmt":"2023-11-12T01:34:59","guid":{"rendered":"https:\/\/silhouette.hr\/?page_id=1030"},"modified":"2023-11-12T01:37:06","modified_gmt":"2023-11-12T01:37:06","slug":"morpheus","status":"publish","type":"page","link":"https:\/\/silhouette.hr\/index.php\/morpheus\/","title":{"rendered":"MORPHEUS"},"content":{"rendered":"\n<blockquote class=\"wp-block-quote\">\n<figure class=\"wp-block-image size-large\"><img loading=\"lazy\" decoding=\"async\" width=\"1024\" height=\"512\" src=\"http:\/\/silhouette.hr\/wp-content\/uploads\/2023\/11\/image1-1024x512.png\" alt=\"\" class=\"wp-image-1031\" srcset=\"https:\/\/silhouette.hr\/wp-content\/uploads\/2023\/11\/image1-1024x512.png 1024w, https:\/\/silhouette.hr\/wp-content\/uploads\/2023\/11\/image1-300x150.png 300w, https:\/\/silhouette.hr\/wp-content\/uploads\/2023\/11\/image1-768x384.png 768w, https:\/\/silhouette.hr\/wp-content\/uploads\/2023\/11\/image1-1536x768.png 1536w, https:\/\/silhouette.hr\/wp-content\/uploads\/2023\/11\/image1-2048x1024.png 2048w, https:\/\/silhouette.hr\/wp-content\/uploads\/2023\/11\/image1-1600x800.png 1600w\" sizes=\"(max-width: 1024px) 100vw, 1024px\" \/><\/figure>\n\n\n\n<p>Ve\u0107 du\u017ee vrijeme svijet bruji o ure\u0111aju kojega je Kim Kardashian nazvala \u201egame-changerom\u201c u beauty industriji. Rije\u010d je o ure\u0111aju\u00a0MORPHEUS\u00a0\u2013 vrsti najinovativnijeg microneedling ure\u0111aja koji koristi radiofrekvenciju kako bi remodelirao lice i tijelo.<\/p>\n\n\n\n<p>I zato smo ga mi odlu\u010dili nabaviti&nbsp;<\/p>\n\n\n\n<p>Morpheus8 je jedini ure\u0111aj na svijetu koji isporu\u010duje multi-polarnu energiju RF na vi\u0161e slojeva ko\u017ee i potko\u017enog masnog tkiva. Klasi\u010dni microneedling radi na principu sitnih ozljeda koje stvara u ko\u017ei i poti\u010de je na obnavljanje i ja\u010danje. U ovom slu\u010daju imamo jedinstvenu i znanstveno dokazanu kombinaciju microneedlinga i radiofrekvencije koje zajedno \u010dine \u010duda za problematiku ko\u017ee lica, vrata i tijela.<\/p>\n\n\n\n<p>U\u010dinkovit je za bore, obje\u0161enu ko\u017eu, vidljive znakove starenja, grube teksture ko\u017ee, jakih o\u017eiljaka od akni, vidljivih o\u0161te\u0107enja ko\u017ee od sunca i sli\u010dnih problema.<\/p>\n\n\n\n<p>Morpheus8 se mo\u017ee koristiti za&nbsp;lice&nbsp;i tijelo, a razlika je u druga\u010dijim nastavcima koji se koriste prilikom izvo\u0111enja tretmana.<\/p>\n\n\n\n<p>\u0160to se tijela ti\u010de, koristi se Morpheus8 BODY nastavak s kojim iglice prodiru do 8mm u ko\u017eu i potko\u017eno masno tkivo. S njim je mogu\u0107e rije\u0161iti se celulita kao naj\u010de\u0161\u0107eg problema, ali i o\u017eiljaka na tijelu od primjerice carskog reza ili strija .<\/p>\n\n\n\n<p>\u0160to se ti\u010de rezultata, neki pacijenti \u0107e ih vidjeti odmah, ali za potpuni rezultat \u0107e pro\u0107i nekoliko tjedana.<\/p>\n\n\n\n<p>Prije izvo\u0111enja tretmana koristi se lokalni anestetik.<\/p>\n\n\n<div class=\"wp-block-image\">\n<figure class=\"aligncenter size-large\"><img loading=\"lazy\" decoding=\"async\" width=\"1024\" height=\"1014\" src=\"https:\/\/silhouette.hr\/wp-content\/uploads\/2023\/11\/image3-1-1024x1014.jpeg\" alt=\"\" class=\"wp-image-1036\" srcset=\"https:\/\/silhouette.hr\/wp-content\/uploads\/2023\/11\/image3-1-1024x1014.jpeg 1024w, https:\/\/silhouette.hr\/wp-content\/uploads\/2023\/11\/image3-1-300x297.jpeg 300w, https:\/\/silhouette.hr\/wp-content\/uploads\/2023\/11\/image3-1-150x150.jpeg 150w, https:\/\/silhouette.hr\/wp-content\/uploads\/2023\/11\/image3-1-768x760.jpeg 768w, https:\/\/silhouette.hr\/wp-content\/uploads\/2023\/11\/image3-1.jpeg 1284w\" sizes=\"(max-width: 1024px) 100vw, 1024px\" \/><\/figure><\/div><\/blockquote>\n","protected":false},"excerpt":{"rendered":"","protected":false},"author":1,"featured_media":0,"parent":0,"menu_order":0,"comment_status":"closed","ping_status":"closed","template":"","meta":{"footnotes":""},"yoast_head":"<!-- This site is optimized with the Yoast SEO plugin v23.5 - https:\/\/yoast.com\/wordpress\/plugins\/seo\/ -->\n<title>MORPHEUS &#060; Silhouette<\/title>\n<meta name=\"description\" content=\"Zdravo, brzo i u\u010dinkovito mr\u0161avljenje - mi ostvarujemo ono \u0161to vam drugi samo obe\u0107aju.\" \/>\n<meta name=\"robots\" content=\"index, follow, max-snippet:-1, max-image-preview:large, max-video-preview:-1\" \/>\n<link rel=\"canonical\" href=\"https:\/\/silhouette.hr\/index.php\/morpheus\/\" \/>\n<meta property=\"og:locale\" content=\"en_US\" \/>\n<meta property=\"og:type\" content=\"article\" \/>\n<meta property=\"og:title\" content=\"MORPHEUS &#060; Silhouette\" \/>\n<meta property=\"og:description\" content=\"Zdravo, brzo i u\u010dinkovito mr\u0161avljenje - mi ostvarujemo ono \u0161to vam drugi samo obe\u0107aju.\" \/>\n<meta property=\"og:url\" content=\"https:\/\/silhouette.hr\/index.php\/morpheus\/\" \/>\n<meta property=\"og:site_name\" content=\"Silhouette\" \/>\n<meta property=\"article:publisher\" content=\"https:\/\/www.facebook.com\/SilhouetteRijeka\/\" \/>\n<meta property=\"article:modified_time\" content=\"2023-11-12T01:37:06+00:00\" \/>\n<meta property=\"og:image\" content=\"http:\/\/silhouette.hr\/wp-content\/uploads\/2023\/11\/image1-1024x512.png\" \/>\n<meta name=\"twitter:card\" content=\"summary_large_image\" \/>\n<script type=\"application\/ld+json\" class=\"yoast-schema-graph\">{\"@context\":\"https:\/\/schema.org\",\"@graph\":[{\"@type\":\"WebPage\",\"@id\":\"https:\/\/silhouette.hr\/index.php\/morpheus\/\",\"url\":\"https:\/\/silhouette.hr\/index.php\/morpheus\/\",\"name\":\"MORPHEUS &#060; Silhouette\",\"isPartOf\":{\"@id\":\"https:\/\/silhouette.hr\/#website\"},\"primaryImageOfPage\":{\"@id\":\"https:\/\/silhouette.hr\/index.php\/morpheus\/#primaryimage\"},\"image\":{\"@id\":\"https:\/\/silhouette.hr\/index.php\/morpheus\/#primaryimage\"},\"thumbnailUrl\":\"http:\/\/silhouette.hr\/wp-content\/uploads\/2023\/11\/image1-1024x512.png\",\"datePublished\":\"2023-11-12T01:34:59+00:00\",\"dateModified\":\"2023-11-12T01:37:06+00:00\",\"description\":\"Zdravo, brzo i u\u010dinkovito mr\u0161avljenje - mi ostvarujemo ono \u0161to vam drugi samo obe\u0107aju.\",\"breadcrumb\":{\"@id\":\"https:\/\/silhouette.hr\/index.php\/morpheus\/#breadcrumb\"},\"inLanguage\":\"en-US\",\"potentialAction\":[{\"@type\":\"ReadAction\",\"target\":[\"https:\/\/silhouette.hr\/index.php\/morpheus\/\"]}]},{\"@type\":\"ImageObject\",\"inLanguage\":\"en-US\",\"@id\":\"https:\/\/silhouette.hr\/index.php\/morpheus\/#primaryimage\",\"url\":\"https:\/\/silhouette.hr\/wp-content\/uploads\/2023\/11\/image1.png\",\"contentUrl\":\"https:\/\/silhouette.hr\/wp-content\/uploads\/2023\/11\/image1.png\",\"width\":2150,\"height\":1075},{\"@type\":\"BreadcrumbList\",\"@id\":\"https:\/\/silhouette.hr\/index.php\/morpheus\/#breadcrumb\",\"itemListElement\":[{\"@type\":\"ListItem\",\"position\":1,\"name\":\"Home\",\"item\":\"https:\/\/silhouette.hr\/\"},{\"@type\":\"ListItem\",\"position\":2,\"name\":\"MORPHEUS\"}]},{\"@type\":\"WebSite\",\"@id\":\"https:\/\/silhouette.hr\/#website\",\"url\":\"https:\/\/silhouette.hr\/\",\"name\":\"Silhouette\",\"description\":\"\",\"publisher\":{\"@id\":\"https:\/\/silhouette.hr\/#organization\"},\"potentialAction\":[{\"@type\":\"SearchAction\",\"target\":{\"@type\":\"EntryPoint\",\"urlTemplate\":\"https:\/\/silhouette.hr\/?s={search_term_string}\"},\"query-input\":{\"@type\":\"PropertyValueSpecification\",\"valueRequired\":true,\"valueName\":\"search_term_string\"}}],\"inLanguage\":\"en-US\"},{\"@type\":\"Organization\",\"@id\":\"https:\/\/silhouette.hr\/#organization\",\"name\":\"Silhouette International Institute\",\"url\":\"https:\/\/silhouette.hr\/\",\"logo\":{\"@type\":\"ImageObject\",\"inLanguage\":\"en-US\",\"@id\":\"https:\/\/silhouette.hr\/#\/schema\/logo\/image\/\",\"url\":\"https:\/\/silhouette.hr\/wp-content\/uploads\/2016\/12\/logoCrni_converted.png\",\"contentUrl\":\"https:\/\/silhouette.hr\/wp-content\/uploads\/2016\/12\/logoCrni_converted.png\",\"width\":739,\"height\":739,\"caption\":\"Silhouette International Institute\"},\"image\":{\"@id\":\"https:\/\/silhouette.hr\/#\/schema\/logo\/image\/\"},\"sameAs\":[\"https:\/\/www.facebook.com\/SilhouetteRijeka\/\"]}]}<\/script>\n<!-- \/ Yoast SEO plugin. -->","yoast_head_json":{"title":"MORPHEUS &#060; Silhouette","description":"Zdravo, brzo i u\u010dinkovito mr\u0161avljenje - mi ostvarujemo ono \u0161to vam drugi samo obe\u0107aju.","robots":{"index":"index","follow":"follow","max-snippet":"max-snippet:-1","max-image-preview":"max-image-preview:large","max-video-preview":"max-video-preview:-1"},"canonical":"https:\/\/silhouette.hr\/index.php\/morpheus\/","og_locale":"en_US","og_type":"article","og_title":"MORPHEUS &#060; Silhouette","og_description":"Zdravo, brzo i u\u010dinkovito mr\u0161avljenje - mi ostvarujemo ono \u0161to vam drugi samo obe\u0107aju.","og_url":"https:\/\/silhouette.hr\/index.php\/morpheus\/","og_site_name":"Silhouette","article_publisher":"https:\/\/www.facebook.com\/SilhouetteRijeka\/","article_modified_time":"2023-11-12T01:37:06+00:00","og_image":[{"url":"http:\/\/silhouette.hr\/wp-content\/uploads\/2023\/11\/image1-1024x512.png"}],"twitter_card":"summary_large_image","schema":{"@context":"https:\/\/schema.org","@graph":[{"@type":"WebPage","@id":"https:\/\/silhouette.hr\/index.php\/morpheus\/","url":"https:\/\/silhouette.hr\/index.php\/morpheus\/","name":"MORPHEUS &#060; Silhouette","isPartOf":{"@id":"https:\/\/silhouette.hr\/#website"},"primaryImageOfPage":{"@id":"https:\/\/silhouette.hr\/index.php\/morpheus\/#primaryimage"},"image":{"@id":"https:\/\/silhouette.hr\/index.php\/morpheus\/#primaryimage"},"thumbnailUrl":"http:\/\/silhouette.hr\/wp-content\/uploads\/2023\/11\/image1-1024x512.png","datePublished":"2023-11-12T01:34:59+00:00","dateModified":"2023-11-12T01:37:06+00:00","description":"Zdravo, brzo i u\u010dinkovito mr\u0161avljenje - mi ostvarujemo ono \u0161to vam drugi samo obe\u0107aju.","breadcrumb":{"@id":"https:\/\/silhouette.hr\/index.php\/morpheus\/#breadcrumb"},"inLanguage":"en-US","potentialAction":[{"@type":"ReadAction","target":["https:\/\/silhouette.hr\/index.php\/morpheus\/"]}]},{"@type":"ImageObject","inLanguage":"en-US","@id":"https:\/\/silhouette.hr\/index.php\/morpheus\/#primaryimage","url":"https:\/\/silhouette.hr\/wp-content\/uploads\/2023\/11\/image1.png","contentUrl":"https:\/\/silhouette.hr\/wp-content\/uploads\/2023\/11\/image1.png","width":2150,"height":1075},{"@type":"BreadcrumbList","@id":"https:\/\/silhouette.hr\/index.php\/morpheus\/#breadcrumb","itemListElement":[{"@type":"ListItem","position":1,"name":"Home","item":"https:\/\/silhouette.hr\/"},{"@type":"ListItem","position":2,"name":"MORPHEUS"}]},{"@type":"WebSite","@id":"https:\/\/silhouette.hr\/#website","url":"https:\/\/silhouette.hr\/","name":"Silhouette","description":"","publisher":{"@id":"https:\/\/silhouette.hr\/#organization"},"potentialAction":[{"@type":"SearchAction","target":{"@type":"EntryPoint","urlTemplate":"https:\/\/silhouette.hr\/?s={search_term_string}"},"query-input":{"@type":"PropertyValueSpecification","valueRequired":true,"valueName":"search_term_string"}}],"inLanguage":"en-US"},{"@type":"Organization","@id":"https:\/\/silhouette.hr\/#organization","name":"Silhouette International Institute","url":"https:\/\/silhouette.hr\/","logo":{"@type":"ImageObject","inLanguage":"en-US","@id":"https:\/\/silhouette.hr\/#\/schema\/logo\/image\/","url":"https:\/\/silhouette.hr\/wp-content\/uploads\/2016\/12\/logoCrni_converted.png","contentUrl":"https:\/\/silhouette.hr\/wp-content\/uploads\/2016\/12\/logoCrni_converted.png","width":739,"height":739,"caption":"Silhouette International Institute"},"image":{"@id":"https:\/\/silhouette.hr\/#\/schema\/logo\/image\/"},"sameAs":["https:\/\/www.facebook.com\/SilhouetteRijeka\/"]}]}},"_links":{"self":[{"href":"https:\/\/silhouette.hr\/index.php\/wp-json\/wp\/v2\/pages\/1030"}],"collection":[{"href":"https:\/\/silhouette.hr\/index.php\/wp-json\/wp\/v2\/pages"}],"about":[{"href":"https:\/\/silhouette.hr\/index.php\/wp-json\/wp\/v2\/types\/page"}],"author":[{"embeddable":true,"href":"https:\/\/silhouette.hr\/index.php\/wp-json\/wp\/v2\/users\/1"}],"replies":[{"embeddable":true,"href":"https:\/\/silhouette.hr\/index.php\/wp-json\/wp\/v2\/comments?post=1030"}],"version-history":[{"count":3,"href":"https:\/\/silhouette.hr\/index.php\/wp-json\/wp\/v2\/pages\/1030\/revisions"}],"predecessor-version":[{"id":1037,"href":"https:\/\/silhouette.hr\/index.php\/wp-json\/wp\/v2\/pages\/1030\/revisions\/1037"}],"wp:attachment":[{"href":"https:\/\/silhouette.hr\/index.php\/wp-json\/wp\/v2\/media?parent=1030"}],"curies":[{"name":"wp","href":"https:\/\/api.w.org\/{rel}","templated":true}]}}